{"id":340792,"date":"2026-04-08T19:34:27","date_gmt":"2026-04-08T16:34:27","guid":{"rendered":"https:\/\/baldumarket.lt\/product\/lola-azuoline-komoda-auksta\/"},"modified":"2026-04-08T21:40:29","modified_gmt":"2026-04-08T18:40:29","slug":"lola-azuoline-komoda-auksta","status":"publish","type":"product","link":"https:\/\/baldumarket.lt\/lt\/product\/lola-azuoline-komoda-auksta\/","title":{"rendered":"LOLA \u0105\u017euolin\u0117 komoda, auk\u0161ta"},"content":{"rendered":"<p>\u201eLOLA\u201c kolekcija derina kaimi\u0161k\u0105 stili\u0173 su modernumo prisilietimu, kaip ai\u0161kiai matyti prid\u0117tose bald\u0173 nuotraukose. \u0160i\u0105 kolekcij\u0105 sudaro devyni baldai, si\u016blomi \u012fvairi\u0173 dyd\u017ei\u0173 ir auk\u0161\u010di\u0173. Visi \u0161ios kolekcijos baldai pagaminti i\u0161 atrinktos, auk\u0161\u010diausios kokyb\u0117s \u0105\u017euolo medienos ir kruop\u0161\u010diai apsaugoti nat\u016braliais augaliniais aliejais. Ak\u012f traukia \u0161e\u0161\u0117liuotas lent\u0173 motyvas ir metalin\u0117s rankenos, kurios dar labiau i\u0161ry\u0161kina bald\u0105. Visa kolekcija pasi\u017eymi nepriekai\u0161tinga estetika ir tvirtu meistri\u0161kumu. Kaip \u017einome, medin\u0117s lentos niekada neatrodo vienodai, tod\u0117l kiekviena kolekcija yra unikali savaip.<br \/>\n3994 LOLA komoda yra auk\u0161ta, bet siaura. Baldas pagamintas i\u0161 tvirtos \u0105\u017euolo medienos, su faneruotos lentos korpusu ir laminuotos lentos lentynomis. Spintel\u0117 turi vienas stiklines ir tris medines duris, kiekvienose yra \u012fmontuotos lentynos. \u0160is patvarus, kruop\u0161\u010diai apdirbtas baldas yra masyvus ir labai erdvus, tod\u0117l jame yra daug vietos daiktams susid\u0117ti. Jis puikiai tinka j\u016bs\u0173 svetainei.<br \/>\nSavyb\u0117s:<br \/>\n\u016agis: 146,5 cm<br \/>\nPlotis: 102,5 cm<br \/>\nGylis: 40,5 cm<\/p>","protected":false},"excerpt":{"rendered":"<p>\u201eLOLA\u201c kolekcijoje dera kaimi\u0161kas stilius su modernumo prieskoniu, kaip ai\u0161kiai matyti prid\u0117tose bald\u0173 nuotraukose. \u0160i\u0105 kolekcij\u0105 sudaro devyni baldai, si\u016blomi \u012fvairi\u0173 dyd\u017ei\u0173 ir auk\u0161\u010di\u0173. Visi \u0161ios kolekcijos baldai pagaminti i\u0161 atrinktos, auk\u0161\u010diausios kokyb\u0117s \u0105\u017euolo medienos ir kruop\u0161\u010diai apsaugoti nat\u016braliais augaliniais aliejais. U\u017etamsintas lent\u0173 motyvas ir [\u2026]<\/p>","protected":false},"featured_media":340793,"comment_status":"open","ping_status":"open","template":"","meta":[],"product_brand":[],"product_cat":[10176,1173],"product_tag":[],"class_list":{"0":"post-340792","1":"product","2":"type-product","3":"status-publish","4":"has-post-thumbnail","6":"product_cat-hugon-meble","7":"product_cat-chests-of-drawers","9":"first","10":"instock","11":"purchasable","12":"product-type-simple"},"_links":{"self":[{"href":"https:\/\/baldumarket.lt\/lt\/wp-json\/wp\/v2\/product\/340792","targetHints":{"allow":["GET"]}}],"collection":[{"href":"https:\/\/baldumarket.lt\/lt\/wp-json\/wp\/v2\/product"}],"about":[{"href":"https:\/\/baldumarket.lt\/lt\/wp-json\/wp\/v2\/types\/product"}],"replies":[{"embeddable":true,"href":"https:\/\/baldumarket.lt\/lt\/wp-json\/wp\/v2\/comments?post=340792"}],"wp:featuredmedia":[{"embeddable":true,"href":"https:\/\/baldumarket.lt\/lt\/wp-json\/wp\/v2\/media\/340793"}],"wp:attachment":[{"href":"https:\/\/baldumarket.lt\/lt\/wp-json\/wp\/v2\/media?parent=340792"}],"wp:term":[{"taxonomy":"product_brand","embeddable":true,"href":"https:\/\/baldumarket.lt\/lt\/wp-json\/wp\/v2\/product_brand?post=340792"},{"taxonomy":"product_cat","embeddable":true,"href":"https:\/\/baldumarket.lt\/lt\/wp-json\/wp\/v2\/product_cat?post=340792"},{"taxonomy":"product_tag","embeddable":true,"href":"https:\/\/baldumarket.lt\/lt\/wp-json\/wp\/v2\/product_tag?post=340792"}],"curies":[{"name":"wp","href":"https:\/\/api.w.org\/{rel}","templated":true}]}}