{"id":340790,"date":"2026-04-08T19:34:25","date_gmt":"2026-04-08T16:34:25","guid":{"rendered":"https:\/\/baldumarket.lt\/product\/maza-azuoline-komoda-3-stalciai-3-durys-atlanta\/"},"modified":"2026-04-08T21:40:29","modified_gmt":"2026-04-08T18:40:29","slug":"maza-azuoline-komoda-3-stalciai-3-durys-atlanta","status":"publish","type":"product","link":"https:\/\/baldumarket.lt\/lt\/product\/maza-azuoline-komoda-3-stalciai-3-durys-atlanta\/","title":{"rendered":"Ma\u017ea \u0105\u017euolin\u0117 komoda, 3 stal\u010diai, 3 durys, Atlanta"},"content":{"rendered":"<p>Pristatome vien\u0105 i\u0161 \u201eAtlanta\u201c kolekcijos bald\u0173. \u0160ie baldai buvo sukurti \u017emon\u0117ms, ie\u0161kantiems \u012fdomi\u0173, moderni\u0173 sprendim\u0173, \u012frengiant savo svajoni\u0173 interjer\u0105.<br \/>\n\u0160i\u0105 kolekcij\u0105 sudaro 29 skirtingi, nepriklausomi elementai, kuriuos galima laisvai konfig\u016bruoti pridedant nauj\u0173 element\u0173 arba pertvarkant esamus. \u0160i kolekcija nuolat yra sand\u0117lyje, tod\u0117l jei pabos dabartin\u0117 i\u0161vaizda, galite lengvai pa\u012fvairinti savo nam\u0173 dekor\u0105 nekeisdami viso komplekto.<br \/>\n\u0160i modernaus stiliaus komoda pagaminta i\u0161: \u0105\u017euolo masyvo fasad\u0173, faneruoto korpuso. Alyvuota apdaila sukuria labai stiling\u0105 i\u0161vaizd\u0105.<\/p>\n<p>Savyb\u0117s:<br \/>\n\u2022 Auk\u0161tis: 90 cm<br \/>\n\u2022 Plotis: 177 cm<br \/>\n\u2022 Gylis: 41 cm<br \/>\n\u0160i komoda yra i\u0161skirtinai prakti\u0161kas baldas. D\u0117l savo universalumo ji tinka bet kokiam interjerui. Ji priklauso \u201eAtlanta Natural Oak\u201c serijai, pagamintai i\u0161 \u0105\u017euolo masyvo, derinamo su auk\u0161tos kokyb\u0117s fanera. Mediena papildomai apdorota nat\u016braliais aliejais, kurie ne tik u\u017etikrina patvarum\u0105, bet ir gra\u017eiai i\u0161ry\u0161kina medienos ra\u0161t\u0105.<\/p>\n<p>Bald\u0105 sudaro erdv\u016bs stal\u010diai be ranken\u0117li\u0173. Juos galima atidaryti naudojant specialius viduje sumontuotus b\u0117gelius. \u0160onuose esantys stal\u010diai yra \u0161iek tiek didesni nei centre. Komoda puikiai dera su tos pa\u010dios serijos elementais, tod\u0117l gali b\u016bti integruojama su esamais baldais. Ji ypa\u010d naudinga miegamajame ar vaik\u0173 kambaryje, nes jos viduje yra daug vietos \u012fvairiems drabu\u017ei\u0173 spintos daiktams. Baldo korpusas pagamintas i\u0161 \u0161velniai i\u0161lenktos lentos, suteikian\u010dios jam i\u0161skirtin\u012f dizain\u0105.<\/p>","protected":false},"excerpt":{"rendered":"<p>Pristatome vien\u0105 i\u0161 \u201eAtlanta\u201c kolekcijos bald\u0173. \u0160ie baldai buvo sukurti \u017emon\u0117ms, ie\u0161kantiems \u012fdomi\u0173, moderni\u0173 sprendim\u0173, \u012frengiant savo svajoni\u0173 interjer\u0105. \u0160i\u0105 kolekcij\u0105 sudaro 29 skirtingi, nepriklausomi baldai, kuriuos galima laisvai konfig\u016bruoti pridedant nauj\u0173 arba pertvarkant esamus. \u0160i kolekcija nuolat atnaujinama [\u2026]<\/p>","protected":false},"featured_media":340791,"comment_status":"open","ping_status":"open","template":"","meta":[],"product_brand":[],"product_cat":[10176,1173],"product_tag":[],"class_list":{"0":"post-340790","1":"product","2":"type-product","3":"status-publish","4":"has-post-thumbnail","6":"product_cat-hugon-meble","7":"product_cat-chests-of-drawers","9":"first","10":"instock","11":"purchasable","12":"product-type-simple"},"_links":{"self":[{"href":"https:\/\/baldumarket.lt\/lt\/wp-json\/wp\/v2\/product\/340790","targetHints":{"allow":["GET"]}}],"collection":[{"href":"https:\/\/baldumarket.lt\/lt\/wp-json\/wp\/v2\/product"}],"about":[{"href":"https:\/\/baldumarket.lt\/lt\/wp-json\/wp\/v2\/types\/product"}],"replies":[{"embeddable":true,"href":"https:\/\/baldumarket.lt\/lt\/wp-json\/wp\/v2\/comments?post=340790"}],"wp:featuredmedia":[{"embeddable":true,"href":"https:\/\/baldumarket.lt\/lt\/wp-json\/wp\/v2\/media\/340791"}],"wp:attachment":[{"href":"https:\/\/baldumarket.lt\/lt\/wp-json\/wp\/v2\/media?parent=340790"}],"wp:term":[{"taxonomy":"product_brand","embeddable":true,"href":"https:\/\/baldumarket.lt\/lt\/wp-json\/wp\/v2\/product_brand?post=340790"},{"taxonomy":"product_cat","embeddable":true,"href":"https:\/\/baldumarket.lt\/lt\/wp-json\/wp\/v2\/product_cat?post=340790"},{"taxonomy":"product_tag","embeddable":true,"href":"https:\/\/baldumarket.lt\/lt\/wp-json\/wp\/v2\/product_tag?post=340790"}],"curies":[{"name":"wp","href":"https:\/\/api.w.org\/{rel}","templated":true}]}}