{"id":340744,"date":"2026-04-08T19:33:48","date_gmt":"2026-04-08T16:33:48","guid":{"rendered":"https:\/\/baldumarket.lt\/product\/stalo-konteineris-ant-ratuku\/"},"modified":"2026-04-08T21:56:37","modified_gmt":"2026-04-08T18:56:37","slug":"stalo-konteineris-ant-ratuku","status":"publish","type":"product","link":"https:\/\/baldumarket.lt\/lt\/product\/stalo-konteineris-ant-ratuku\/","title":{"rendered":"Stalo konteineris ant ratuk\u0173"},"content":{"rendered":"<p>Po stalu montuojamas stovas ant ratuk\u0173<br \/>\nPo stalu dedamas stovas ant ratuk\u0173 yra prakti\u0161kas ir funkcionalus biuro aksesuaras. \u0160is kompakti\u0161kas baldas buvo sukurtas atsi\u017evelgiant \u012f optimal\u0173 erdv\u0117s i\u0161naudojim\u0105. Stovas turi keturis stal\u010dius su \u0161velniai u\u017esidaran\u010diais mechanizmais. Be to, korpusas pagamintas i\u0161 grafito spalvos ABS plok\u0161t\u0117s, suteikian\u010dios stalui papildom\u0105 estetik\u0105 ir patvarum\u0105. Priekin\u0117 dalis pagaminta i\u0161 auk\u0161tos kokyb\u0117s \u0105\u017euolo masyvo.<br \/>\nSavyb\u0117s:<br \/>\nAuk\u0161tis: 65 cm<br \/>\nPlotis: 50 cm<br \/>\nGylis: 45 cm<\/p>","protected":false},"excerpt":{"rendered":"<p>Po stalu dedamas stovas ant ratuk\u0173 Po stalu dedamas stovas ant ratuk\u0173 yra prakti\u0161kas ir funkcionalus biuro aksesuaras. \u0160is kompakti\u0161kas baldas buvo sukurtas atsi\u017evelgiant \u012f optimal\u0173 erdv\u0117s i\u0161naudojim\u0105. Stovas turi keturis stal\u010dius su \u0161velniai u\u017esidaran\u010diais mechanizmais. Be to, korpusas pagamintas i\u0161 grafito spalvos ABS plok\u0161t\u0117s, suteikian\u010dios stalui papildom\u0105 estetikos sluoksn\u012f ir [\u2026]<\/p>","protected":false},"featured_media":340745,"comment_status":"open","ping_status":"open","template":"","meta":[],"product_brand":[],"product_cat":[10176,9120],"product_tag":[],"class_list":{"0":"post-340744","1":"product","2":"type-product","3":"status-publish","4":"has-post-thumbnail","6":"product_cat-hugon-meble","7":"product_cat-cabinets","9":"first","10":"instock","11":"purchasable","12":"product-type-simple"},"_links":{"self":[{"href":"https:\/\/baldumarket.lt\/lt\/wp-json\/wp\/v2\/product\/340744","targetHints":{"allow":["GET"]}}],"collection":[{"href":"https:\/\/baldumarket.lt\/lt\/wp-json\/wp\/v2\/product"}],"about":[{"href":"https:\/\/baldumarket.lt\/lt\/wp-json\/wp\/v2\/types\/product"}],"replies":[{"embeddable":true,"href":"https:\/\/baldumarket.lt\/lt\/wp-json\/wp\/v2\/comments?post=340744"}],"wp:featuredmedia":[{"embeddable":true,"href":"https:\/\/baldumarket.lt\/lt\/wp-json\/wp\/v2\/media\/340745"}],"wp:attachment":[{"href":"https:\/\/baldumarket.lt\/lt\/wp-json\/wp\/v2\/media?parent=340744"}],"wp:term":[{"taxonomy":"product_brand","embeddable":true,"href":"https:\/\/baldumarket.lt\/lt\/wp-json\/wp\/v2\/product_brand?post=340744"},{"taxonomy":"product_cat","embeddable":true,"href":"https:\/\/baldumarket.lt\/lt\/wp-json\/wp\/v2\/product_cat?post=340744"},{"taxonomy":"product_tag","embeddable":true,"href":"https:\/\/baldumarket.lt\/lt\/wp-json\/wp\/v2\/product_tag?post=340744"}],"curies":[{"name":"wp","href":"https:\/\/api.w.org\/{rel}","templated":true}]}}