{"id":340713,"date":"2026-04-08T19:33:26","date_gmt":"2026-04-08T16:33:26","guid":{"rendered":"https:\/\/baldumarket.lt\/product\/gent-azuoline-medine-kede\/"},"modified":"2026-04-08T21:37:48","modified_gmt":"2026-04-08T18:37:48","slug":"gent-azuoline-medine-kede","status":"publish","type":"product","link":"https:\/\/baldumarket.lt\/lt\/product\/gent-azuoline-medine-kede\/","title":{"rendered":"GENT \u0105\u017euolin\u0117 medin\u0117 k\u0117d\u0117"},"content":{"rendered":"<p>Medin\u0117 \u201eGent\u201c k\u0117d\u0117 \u2013 modernus interjero dizaino pasirinkimas. Ji pagaminta i\u0161 \u0105\u017euolo, apdoroto nat\u016braliais augaliniais aliejais. \u0160is apdorojimas ne tik apsaugo, bet ir i\u0161ry\u0161kina medienos ra\u0161t\u0105. K\u0117d\u0117s atlo\u0161as sudarytas i\u0161 dviej\u0173 pla\u010di\u0173, skersai i\u0161d\u0117styt\u0173 lent\u0173. S\u0117dyn\u0119 galima pritaikyti pagal j\u016bs\u0173 skon\u012f. Papildomos versijos: lentos, dirbtin\u0117 oda, \u201eFargotex\u201c, \u201eCarabu\u201c arba nat\u016bralios odos apmu\u0161alai. Kojel\u0117s sujungtos horizontali\u0173 lent\u0173 poromis. K\u0117d\u0119 galima priderinti prie daugumos kolekcijos bald\u0173, \u012fskaitant valgomojo stalus. Moderni \u201eGent\u201c k\u0117d\u0117 pagaminta i\u0161 \u0105\u017euolo masyvo. Alyvuota apdaila sukuria nat\u016bralios medienos \u012fvaizd\u012f.<br \/>\nMatmenys ir specifikacijos:<br \/>\nAuk\u0161tis \u2013 94 cm<br \/>\nPlotis \u2013 41 cm<br \/>\nS\u0117dyn\u0117s gylis \u2013 40 cm<br \/>\nPristatymas \/ Montavimas:<br \/>\n\u2022 Pristatoma kompakti\u0161kose d\u0117\u017e\u0117se, supakuotose poromis.<\/p>","protected":false},"excerpt":{"rendered":"<p>Medin\u0117 \u201eGent\u201c k\u0117d\u0117 \u2013 modernus interjero dizaino pasirinkimas. Ji pagaminta i\u0161 \u0105\u017euolo, apdoroto nat\u016braliais augaliniais aliejais. \u0160is apdorojimas ne tik apsaugo, bet ir i\u0161ry\u0161kina medienos tekst\u016br\u0105. K\u0117d\u0117s atlo\u0161as sudarytas i\u0161 dviej\u0173 pla\u010di\u0173, skersai i\u0161d\u0117styt\u0173 lent\u0173. S\u0117dyn\u0119 galima pritaikyti pagal j\u016bs\u0173 skon\u012f. Papildomos versijos: lenta, dirbtin\u0117 oda, [\u2026]<\/p>","protected":false},"featured_media":340714,"comment_status":"open","ping_status":"open","template":"","meta":[],"product_brand":[],"product_cat":[10176,1930],"product_tag":[],"class_list":{"0":"post-340713","1":"product","2":"type-product","3":"status-publish","4":"has-post-thumbnail","6":"product_cat-hugon-meble","7":"product_cat-chairs","9":"first","10":"instock","11":"purchasable","12":"product-type-simple"},"_links":{"self":[{"href":"https:\/\/baldumarket.lt\/lt\/wp-json\/wp\/v2\/product\/340713","targetHints":{"allow":["GET"]}}],"collection":[{"href":"https:\/\/baldumarket.lt\/lt\/wp-json\/wp\/v2\/product"}],"about":[{"href":"https:\/\/baldumarket.lt\/lt\/wp-json\/wp\/v2\/types\/product"}],"replies":[{"embeddable":true,"href":"https:\/\/baldumarket.lt\/lt\/wp-json\/wp\/v2\/comments?post=340713"}],"wp:featuredmedia":[{"embeddable":true,"href":"https:\/\/baldumarket.lt\/lt\/wp-json\/wp\/v2\/media\/340714"}],"wp:attachment":[{"href":"https:\/\/baldumarket.lt\/lt\/wp-json\/wp\/v2\/media?parent=340713"}],"wp:term":[{"taxonomy":"product_brand","embeddable":true,"href":"https:\/\/baldumarket.lt\/lt\/wp-json\/wp\/v2\/product_brand?post=340713"},{"taxonomy":"product_cat","embeddable":true,"href":"https:\/\/baldumarket.lt\/lt\/wp-json\/wp\/v2\/product_cat?post=340713"},{"taxonomy":"product_tag","embeddable":true,"href":"https:\/\/baldumarket.lt\/lt\/wp-json\/wp\/v2\/product_tag?post=340713"}],"curies":[{"name":"wp","href":"https:\/\/api.w.org\/{rel}","templated":true}]}}