{"id":340701,"date":"2026-04-08T19:33:18","date_gmt":"2026-04-08T16:33:18","guid":{"rendered":"https:\/\/baldumarket.lt\/product\/oliwia-medine-azuoline-kede\/"},"modified":"2026-04-08T21:37:37","modified_gmt":"2026-04-08T18:37:37","slug":"oliwia-medine-azuoline-kede","status":"publish","type":"product","link":"https:\/\/baldumarket.lt\/lt\/product\/oliwia-medine-azuoline-kede\/","title":{"rendered":"OLIWIA medin\u0117 \u0105\u017euolin\u0117 k\u0117d\u0117"},"content":{"rendered":"<p>\u0104\u017euolin\u0117 k\u0117d\u0117 \u201eOliwia\u201c puikiai tinka gyvenam\u0173j\u0173 nam\u0173 ar komercini\u0173 patalp\u0173 interjerui. Ji pagaminta i\u0161 \u0105\u017euolo masyvo. Kiekviena lenta yra alyvuota, kad apsaugot\u0173 jos strukt\u016br\u0105. Augaliniai aliejai taip pat pary\u0161kina nat\u016brali\u0105 medienos tekst\u016br\u0105. K\u0117d\u0117s auk\u0161tis \u2013 95 cm. S\u0117dyn\u0117 gali b\u016bti aptraukta lenta, dirbtine oda, \u201eFargotex\u201c, \u201eCarabu\u201c arba nat\u016bralia oda. Prie k\u0117d\u0117s galima derinti bet kur\u012f m\u016bs\u0173 kolekcijos stal\u0105. Moderni \u201eOliwia\u201c k\u0117d\u0117 pagaminta i\u0161 \u0105\u017euolo masyvo. Alyvuota apdaila suteikia jai nat\u016bralios medienos i\u0161vaizd\u0105.<br \/>\nMatmenys ir specifikacijos:<br \/>\nAuk\u0161tis \u2013 90 cm<br \/>\nPlotis \u2013 41 cm<br \/>\nGylis \u2013 50 cm<br \/>\nPristatymas \/ Montavimas:<br \/>\n\u2022 Pristatoma kompakti\u0161kose d\u0117\u017e\u0117se.<br \/>\n\u2022 Stalas lengvai surenkamas. Surinkimui reikalingas 1\u20132 \u017emoni\u0173 skai\u010dius. Surinkimo instrukcijos ir priedai pridedami.<\/p>","protected":false},"excerpt":{"rendered":"<p>\u0104\u017euolin\u0117 k\u0117d\u0117 \u201eOliwia\u201c puikiai tinka gyvenam\u0173j\u0173 nam\u0173 ar komerciniam interjerui. Ji pagaminta i\u0161 tvirtos \u0105\u017euolo medienos. Kiekviena lenta yra alyvuota, kad apsaugot\u0173 jos strukt\u016br\u0105. Augaliniai aliejai taip pat pary\u0161kina nat\u016brali\u0105 medienos tekst\u016br\u0105. K\u0117d\u0117s auk\u0161tis \u2013 95 cm. S\u0117dyn\u0117 gali b\u016bti \u012fvairi\u0173 variant\u0173: lenta, dirbtin\u0117 oda, \u201eFargotex\u201c audinys [\u2026]<\/p>","protected":false},"featured_media":340702,"comment_status":"open","ping_status":"open","template":"","meta":[],"product_brand":[],"product_cat":[10176,1930],"product_tag":[],"class_list":{"0":"post-340701","1":"product","2":"type-product","3":"status-publish","4":"has-post-thumbnail","6":"product_cat-hugon-meble","7":"product_cat-chairs","9":"first","10":"instock","11":"purchasable","12":"product-type-simple"},"_links":{"self":[{"href":"https:\/\/baldumarket.lt\/lt\/wp-json\/wp\/v2\/product\/340701","targetHints":{"allow":["GET"]}}],"collection":[{"href":"https:\/\/baldumarket.lt\/lt\/wp-json\/wp\/v2\/product"}],"about":[{"href":"https:\/\/baldumarket.lt\/lt\/wp-json\/wp\/v2\/types\/product"}],"replies":[{"embeddable":true,"href":"https:\/\/baldumarket.lt\/lt\/wp-json\/wp\/v2\/comments?post=340701"}],"wp:featuredmedia":[{"embeddable":true,"href":"https:\/\/baldumarket.lt\/lt\/wp-json\/wp\/v2\/media\/340702"}],"wp:attachment":[{"href":"https:\/\/baldumarket.lt\/lt\/wp-json\/wp\/v2\/media?parent=340701"}],"wp:term":[{"taxonomy":"product_brand","embeddable":true,"href":"https:\/\/baldumarket.lt\/lt\/wp-json\/wp\/v2\/product_brand?post=340701"},{"taxonomy":"product_cat","embeddable":true,"href":"https:\/\/baldumarket.lt\/lt\/wp-json\/wp\/v2\/product_cat?post=340701"},{"taxonomy":"product_tag","embeddable":true,"href":"https:\/\/baldumarket.lt\/lt\/wp-json\/wp\/v2\/product_tag?post=340701"}],"curies":[{"name":"wp","href":"https:\/\/api.w.org\/{rel}","templated":true}]}}