{"id":340699,"date":"2026-04-08T19:33:14","date_gmt":"2026-04-08T16:33:14","guid":{"rendered":"https:\/\/baldumarket.lt\/product\/roma-medine-azuoline-kede\/"},"modified":"2026-04-08T21:37:37","modified_gmt":"2026-04-08T18:37:37","slug":"roma-medine-azuoline-kede","status":"publish","type":"product","link":"https:\/\/baldumarket.lt\/lt\/product\/roma-medine-azuoline-kede\/","title":{"rendered":"ROMA medin\u0117 \u0105\u017euolin\u0117 k\u0117d\u0117"},"content":{"rendered":"<p>Medin\u0117 \u201eRoma\u201c k\u0117d\u0117 \u2013 klasikinis interjero dizaino pasirinkimas. Ji pagaminta vien i\u0161 \u0105\u017euolo lent\u0173 ir padengta aliejaus apdaila, naudojant augalinius aliejus, kurie ne tik apsaugo, bet ir suteikia gra\u017e\u0173 blizges\u012f. K\u0117d\u0119 sudaro klasikin\u0117 s\u0117dyn\u0117 ir atlo\u0161as, suformuoti i\u0161 dviej\u0173 pla\u010di\u0173 lent\u0173. D\u0117l universalaus dizaino j\u0105 lengva integruoti \u012f esam\u0105 interjer\u0105. Ji taip pat puikiai tinka valgomojo zonai. Pavyzd\u017eiui, j\u0105 galima derinti su vienu i\u0161 turim\u0173 stal\u0173, su papildomu \u012fd\u0117klu. Moderni \u201eRoma\u201c k\u0117d\u0117 pagaminta i\u0161 \u0105\u017euolo masyvo. Aliejaus apdaila suteikia jai nat\u016bralios medienos i\u0161vaizd\u0105.<br \/>\nMatmenys ir specifikacijos:<br \/>\nAuk\u0161tis \u2013 90 cm<br \/>\nPlotis \u2013 41 cm<br \/>\nGylis \u2013 50 cm<br \/>\nPristatymas \/ Montavimas:<br \/>\n\u2022 Pristatoma kompakti\u0161kose d\u0117\u017e\u0117se, supakuotose poromis.<\/p>","protected":false},"excerpt":{"rendered":"<p>Medin\u0117 \u201eRoma\u201c k\u0117d\u0117 yra klasikinis interjero dizaino pasirinkimas. Ji pagaminta vien i\u0161 \u0105\u017euolo lent\u0173 ir padengta alyva, naudojant augalinius aliejus, kurie ne tik apsaugo, bet ir suteikia gra\u017e\u0173 blizges\u012f. K\u0117d\u0119 sudaro klasikin\u0117 s\u0117dyn\u0117 ir atlo\u0161as, suformuoti i\u0161 dviej\u0173 pla\u010di\u0173 lent\u0173. D\u0117l universalaus dizaino j\u0105 lengva [\u2026]<\/p>","protected":false},"featured_media":340700,"comment_status":"open","ping_status":"open","template":"","meta":[],"product_brand":[],"product_cat":[10176,1930],"product_tag":[],"class_list":{"0":"post-340699","1":"product","2":"type-product","3":"status-publish","4":"has-post-thumbnail","6":"product_cat-hugon-meble","7":"product_cat-chairs","9":"first","10":"instock","11":"purchasable","12":"product-type-simple"},"_links":{"self":[{"href":"https:\/\/baldumarket.lt\/lt\/wp-json\/wp\/v2\/product\/340699","targetHints":{"allow":["GET"]}}],"collection":[{"href":"https:\/\/baldumarket.lt\/lt\/wp-json\/wp\/v2\/product"}],"about":[{"href":"https:\/\/baldumarket.lt\/lt\/wp-json\/wp\/v2\/types\/product"}],"replies":[{"embeddable":true,"href":"https:\/\/baldumarket.lt\/lt\/wp-json\/wp\/v2\/comments?post=340699"}],"wp:featuredmedia":[{"embeddable":true,"href":"https:\/\/baldumarket.lt\/lt\/wp-json\/wp\/v2\/media\/340700"}],"wp:attachment":[{"href":"https:\/\/baldumarket.lt\/lt\/wp-json\/wp\/v2\/media?parent=340699"}],"wp:term":[{"taxonomy":"product_brand","embeddable":true,"href":"https:\/\/baldumarket.lt\/lt\/wp-json\/wp\/v2\/product_brand?post=340699"},{"taxonomy":"product_cat","embeddable":true,"href":"https:\/\/baldumarket.lt\/lt\/wp-json\/wp\/v2\/product_cat?post=340699"},{"taxonomy":"product_tag","embeddable":true,"href":"https:\/\/baldumarket.lt\/lt\/wp-json\/wp\/v2\/product_tag?post=340699"}],"curies":[{"name":"wp","href":"https:\/\/api.w.org\/{rel}","templated":true}]}}