{"id":340690,"date":"2026-04-08T19:33:05","date_gmt":"2026-04-08T16:33:05","guid":{"rendered":"https:\/\/baldumarket.lt\/product\/sonia-azuolo-medienos-kede\/"},"modified":"2026-04-08T21:37:37","modified_gmt":"2026-04-08T18:37:37","slug":"sonia-azuolo-medienos-kede","status":"publish","type":"product","link":"https:\/\/baldumarket.lt\/lt\/product\/sonia-azuolo-medienos-kede\/","title":{"rendered":"SONIA \u0105\u017euolo medienos k\u0117d\u0117"},"content":{"rendered":"<p>\u0104\u017euolin\u0117 k\u0117d\u0117 garantuoja tvirt\u0105 valgomojo kampel\u012f. \u201eSonia\u201c k\u0117d\u0117 \u2013 tai klasikin\u0117 k\u0117d\u0117 su patogia s\u0117dyne. Jos atlo\u0161as pagamintas i\u0161 skersai sud\u0117t\u0173 lent\u0173 \u2013 viena didesn\u0117 vir\u0161uje, o ma\u017eesn\u0117s apa\u010dioje. Visas baldas pagamintas i\u0161 alyvuoto \u0105\u017euolo. \u0160is apdorojimas ne tik apsaugo medien\u0105, bet ir suteikia jai gra\u017e\u0173 blizges\u012f. \u0160i\u0105 universali\u0105 k\u0117d\u0119 galima laisvai derinti su kit\u0173 serij\u0173 baldais. Ji taip pat puikiai dera prie vieno i\u0161 m\u016bs\u0173 si\u016blom\u0173 stal\u0173, sukurdama maloni\u0105 ir eleganti\u0161k\u0105 valgomojo erdv\u0119. Modernaus stiliaus \u201eSonia\u201c k\u0117d\u0117 pagaminta i\u0161 \u0105\u017euolo masyvo. Alyvuota apdaila suteikia jai nat\u016bralios medienos i\u0161vaizd\u0105.<br \/>\nMatmenys ir specifikacijos:<br \/>\nAuk\u0161tis \u2013 90 cm<br \/>\nPlotis \u2013 41 cm<br \/>\nGylis \u2013 50 cm<br \/>\nPristatymas \/ Montavimas:<br \/>\n\u2022 Pristatoma kompakti\u0161kose d\u0117\u017e\u0117se.<br \/>\n\u2022 Stalas lengvai surenkamas. Surinkimui reikia 1\u20132 \u017emoni\u0173.<br \/>\n\u2022 Surinkimo instrukcijos ir tvirtinimo priedai<\/p>","protected":false},"excerpt":{"rendered":"<p>\u0104\u017euolin\u0117 k\u0117d\u0117 garantuoja tvirt\u0105 valgomojo kampel\u012f. \u201eSonia\u201c k\u0117d\u0117 yra klasikin\u0117 k\u0117d\u0117 su patogia s\u0117dyne. Jos atlo\u0161as pagamintas i\u0161 skersai sud\u0117t\u0173 lent\u0173, viena didesn\u0117 vir\u0161uje ir ma\u017eesn\u0117s apa\u010dioje. Visas baldas pagamintas i\u0161 alyvuoto \u0105\u017euolo. \u0160is apdorojimas ne tik apsaugo medien\u0105, bet ir suteikia jai [\u2026]<\/p>","protected":false},"featured_media":340691,"comment_status":"open","ping_status":"open","template":"","meta":[],"product_brand":[],"product_cat":[10176,1930],"product_tag":[],"class_list":{"0":"post-340690","1":"product","2":"type-product","3":"status-publish","4":"has-post-thumbnail","6":"product_cat-hugon-meble","7":"product_cat-chairs","9":"first","10":"instock","11":"purchasable","12":"product-type-simple"},"_links":{"self":[{"href":"https:\/\/baldumarket.lt\/lt\/wp-json\/wp\/v2\/product\/340690","targetHints":{"allow":["GET"]}}],"collection":[{"href":"https:\/\/baldumarket.lt\/lt\/wp-json\/wp\/v2\/product"}],"about":[{"href":"https:\/\/baldumarket.lt\/lt\/wp-json\/wp\/v2\/types\/product"}],"replies":[{"embeddable":true,"href":"https:\/\/baldumarket.lt\/lt\/wp-json\/wp\/v2\/comments?post=340690"}],"wp:featuredmedia":[{"embeddable":true,"href":"https:\/\/baldumarket.lt\/lt\/wp-json\/wp\/v2\/media\/340691"}],"wp:attachment":[{"href":"https:\/\/baldumarket.lt\/lt\/wp-json\/wp\/v2\/media?parent=340690"}],"wp:term":[{"taxonomy":"product_brand","embeddable":true,"href":"https:\/\/baldumarket.lt\/lt\/wp-json\/wp\/v2\/product_brand?post=340690"},{"taxonomy":"product_cat","embeddable":true,"href":"https:\/\/baldumarket.lt\/lt\/wp-json\/wp\/v2\/product_cat?post=340690"},{"taxonomy":"product_tag","embeddable":true,"href":"https:\/\/baldumarket.lt\/lt\/wp-json\/wp\/v2\/product_tag?post=340690"}],"curies":[{"name":"wp","href":"https:\/\/api.w.org\/{rel}","templated":true}]}}