{"id":340651,"date":"2026-04-08T19:32:37","date_gmt":"2026-04-08T16:32:37","guid":{"rendered":"https:\/\/baldumarket.lt\/product\/azuoline-lova-1400-malu\/"},"modified":"2026-04-08T21:18:19","modified_gmt":"2026-04-08T18:18:19","slug":"azuoline-lova-1400-malu","status":"publish","type":"product","link":"https:\/\/baldumarket.lt\/lt\/product\/azuoline-lova-1400-malu\/","title":{"rendered":"\u0104\u017euolin\u0117 lova 1400 MALU"},"content":{"rendered":"<p>\u0160i modernaus stiliaus lova pagaminta i\u0161 tvirtos \u0105\u017euolo medienos. Alyvuota apdaila sukuria labai stiling\u0105 i\u0161vaizd\u0105.<\/p>\n<p>Savyb\u0117s:<br \/>\n\u2022 Auk\u0161tis: 104 cm<br \/>\n\u2022 Plotis: 148 cm<br \/>\n\u2022 Gylis: 210 cm<br \/>\nPASTABA: \u012e kain\u0105 ne\u012fskai\u010diuotas \u010diu\u017einio \u012fd\u0117klas ir \u010diu\u017einys.<\/p>","protected":false},"excerpt":{"rendered":"<p>\u0160i modernaus stiliaus lova pagaminta i\u0161 tvirtos \u0105\u017euolo medienos. Alyvuota apdaila sukuria labai stiling\u0105 i\u0161vaizd\u0105. Savyb\u0117s: \u2022 Auk\u0161tis: 104 cm \u2022 Plotis: 148 cm \u2022 Gylis: 210 cm PASTABA: \u012e kain\u0105 ne\u012fskai\u010diuotas \u010diu\u017einio \u012fd\u0117klas ir \u010diu\u017einys.<\/p>","protected":false},"featured_media":340652,"comment_status":"open","ping_status":"open","template":"","meta":[],"product_brand":[],"product_cat":[10176,505],"product_tag":[],"class_list":{"0":"post-340651","1":"product","2":"type-product","3":"status-publish","4":"has-post-thumbnail","6":"product_cat-hugon-meble","7":"product_cat-bedroom-beds","9":"first","10":"instock","11":"purchasable","12":"product-type-simple"},"_links":{"self":[{"href":"https:\/\/baldumarket.lt\/lt\/wp-json\/wp\/v2\/product\/340651","targetHints":{"allow":["GET"]}}],"collection":[{"href":"https:\/\/baldumarket.lt\/lt\/wp-json\/wp\/v2\/product"}],"about":[{"href":"https:\/\/baldumarket.lt\/lt\/wp-json\/wp\/v2\/types\/product"}],"replies":[{"embeddable":true,"href":"https:\/\/baldumarket.lt\/lt\/wp-json\/wp\/v2\/comments?post=340651"}],"wp:featuredmedia":[{"embeddable":true,"href":"https:\/\/baldumarket.lt\/lt\/wp-json\/wp\/v2\/media\/340652"}],"wp:attachment":[{"href":"https:\/\/baldumarket.lt\/lt\/wp-json\/wp\/v2\/media?parent=340651"}],"wp:term":[{"taxonomy":"product_brand","embeddable":true,"href":"https:\/\/baldumarket.lt\/lt\/wp-json\/wp\/v2\/product_brand?post=340651"},{"taxonomy":"product_cat","embeddable":true,"href":"https:\/\/baldumarket.lt\/lt\/wp-json\/wp\/v2\/product_cat?post=340651"},{"taxonomy":"product_tag","embeddable":true,"href":"https:\/\/baldumarket.lt\/lt\/wp-json\/wp\/v2\/product_tag?post=340651"}],"curies":[{"name":"wp","href":"https:\/\/api.w.org\/{rel}","templated":true}]}}