{"id":340607,"date":"2026-04-08T19:32:06","date_gmt":"2026-04-08T16:32:06","guid":{"rendered":"https:\/\/baldumarket.lt\/product\/azuoline-lova-sarah-160\/"},"modified":"2026-04-08T21:18:06","modified_gmt":"2026-04-08T18:18:06","slug":"azuoline-lova-sarah-160","status":"publish","type":"product","link":"https:\/\/baldumarket.lt\/lt\/product\/azuoline-lova-sarah-160\/","title":{"rendered":"\u0104\u017euolin\u0117 lova SARAH 160"},"content":{"rendered":"<p>Lova pagaminta i\u0161 \u0105\u017euolo medienos.<br \/>\nTechnin\u0117s specifikacijos:<br \/>\nLovos tipas:<br \/>\nMiegamasis<br \/>\nIlgis:\u00a0\u00a0\u00a0\u00a0\u00a0\u00a0\u00a0<br \/>\n215 cm<br \/>\n\u016agis:\u00a0\u00a0\u00a0\u00a0\u00a0\u00a0\u00a0\u00a0\u00a0\u00a0\u00a0\u00a0\u00a0\u00a0\u00a0\u00a0\u00a0\u00a0\u00a0\u00a0\u00a0\u00a0\u00a0\u00a0\u00a0\u00a0\u00a0\u00a0\u00a0\u00a0\u00a0\u00a0\u00a0<br \/>\n88 cm<br \/>\nPlotis:\u00a0\u00a0\u00a0\u00a0\u00a0\u00a0\u00a0\u00a0\u00a0\u00a0\u00a0\u00a0\u00a0\u00a0\u00a0<br \/>\n165 cm<br \/>\n\u010ciu\u017einio dydis:<br \/>\n160 x 200 cm<br \/>\n&#8230;<\/p>","protected":false},"excerpt":{"rendered":"<p>The bed is made of oak wood. Technical Specifications: Bed Type: Bedroom Length:\u00a0\u00a0\u00a0\u00a0\u00a0\u00a0\u00a0 215 cm Height:\u00a0\u00a0\u00a0\u00a0\u00a0\u00a0\u00a0\u00a0\u00a0\u00a0\u00a0\u00a0\u00a0\u00a0\u00a0\u00a0\u00a0\u00a0\u00a0\u00a0\u00a0\u00a0\u00a0\u00a0\u00a0\u00a0\u00a0\u00a0\u00a0\u00a0\u00a0\u00a0\u00a0 88 cm Width:\u00a0\u00a0\u00a0\u00a0\u00a0\u00a0\u00a0\u00a0\u00a0\u00a0\u00a0\u00a0\u00a0\u00a0\u00a0 165 cm Mattress Size: 160x200cm &#8230;<\/p>","protected":false},"featured_media":340608,"comment_status":"open","ping_status":"open","template":"","meta":[],"product_brand":[],"product_cat":[10176,505],"product_tag":[],"class_list":{"0":"post-340607","1":"product","2":"type-product","3":"status-publish","4":"has-post-thumbnail","6":"product_cat-hugon-meble","7":"product_cat-bedroom-beds","9":"first","10":"instock","11":"purchasable","12":"product-type-simple"},"_links":{"self":[{"href":"https:\/\/baldumarket.lt\/lt\/wp-json\/wp\/v2\/product\/340607","targetHints":{"allow":["GET"]}}],"collection":[{"href":"https:\/\/baldumarket.lt\/lt\/wp-json\/wp\/v2\/product"}],"about":[{"href":"https:\/\/baldumarket.lt\/lt\/wp-json\/wp\/v2\/types\/product"}],"replies":[{"embeddable":true,"href":"https:\/\/baldumarket.lt\/lt\/wp-json\/wp\/v2\/comments?post=340607"}],"wp:featuredmedia":[{"embeddable":true,"href":"https:\/\/baldumarket.lt\/lt\/wp-json\/wp\/v2\/media\/340608"}],"wp:attachment":[{"href":"https:\/\/baldumarket.lt\/lt\/wp-json\/wp\/v2\/media?parent=340607"}],"wp:term":[{"taxonomy":"product_brand","embeddable":true,"href":"https:\/\/baldumarket.lt\/lt\/wp-json\/wp\/v2\/product_brand?post=340607"},{"taxonomy":"product_cat","embeddable":true,"href":"https:\/\/baldumarket.lt\/lt\/wp-json\/wp\/v2\/product_cat?post=340607"},{"taxonomy":"product_tag","embeddable":true,"href":"https:\/\/baldumarket.lt\/lt\/wp-json\/wp\/v2\/product_tag?post=340607"}],"curies":[{"name":"wp","href":"https:\/\/api.w.org\/{rel}","templated":true}]}}