{"id":340604,"date":"2026-04-08T19:32:01","date_gmt":"2026-04-08T16:32:01","guid":{"rendered":"https:\/\/baldumarket.lt\/product\/azuoline-lova-sarah-180\/"},"modified":"2026-04-08T21:18:06","modified_gmt":"2026-04-08T18:18:06","slug":"azuoline-lova-sarah-180","status":"publish","type":"product","link":"https:\/\/baldumarket.lt\/lt\/product\/azuoline-lova-sarah-180\/","title":{"rendered":"\u0104\u017euolin\u0117 lova SARAH 180"},"content":{"rendered":"<p>Lova pagaminta i\u0161 \u0105\u017euolo medienos. Technin\u0117s specifikacijos: Lovos tipas: Miegamasis Ilgis: 215 cm Auk\u0161tis: 88 cm Plotis: 185 cm \u010ciu\u017einio dydis: 180x200cm Komplekt\u0105 sudaro: Lova. 24 m\u0117nesi\u0173 garantija. Pristatymas \/ montavimas: Pristatoma kompakti\u0161kose d\u0117\u017e\u0117se. Lov\u0105 lengva surinkti. Surinkimui reikia 1-2 \u017emoni\u0173. Surinkimo instrukcijos ir surinkimo priedai yra prid\u0117tos.<\/p>","protected":false},"excerpt":{"rendered":"<p>Lova pagaminta i\u0161 \u0105\u017euolo medienos. Technin\u0117s specifikacijos: Lovos tipas: Miegamasis Ilgis: 215 cm Auk\u0161tis: 88 cm Plotis: 185 cm \u010ciu\u017einio dydis: 180x200cm Komplekt\u0105 sudaro: Lova. 24 m\u0117nesi\u0173 garantija. Pristatymas \/ montavimas: Pristatoma kompakti\u0161kose d\u0117\u017e\u0117se. Lov\u0105 lengva surinkti. Surinkimui reikia 1-2 \u017emoni\u0173. Surinkimo instrukcijos ir surinkimo priedai yra prid\u0117tos.<\/p>","protected":false},"featured_media":340605,"comment_status":"open","ping_status":"open","template":"","meta":[],"product_brand":[],"product_cat":[10176,505],"product_tag":[],"class_list":{"0":"post-340604","1":"product","2":"type-product","3":"status-publish","4":"has-post-thumbnail","6":"product_cat-hugon-meble","7":"product_cat-bedroom-beds","9":"first","10":"instock","11":"purchasable","12":"product-type-simple"},"_links":{"self":[{"href":"https:\/\/baldumarket.lt\/lt\/wp-json\/wp\/v2\/product\/340604","targetHints":{"allow":["GET"]}}],"collection":[{"href":"https:\/\/baldumarket.lt\/lt\/wp-json\/wp\/v2\/product"}],"about":[{"href":"https:\/\/baldumarket.lt\/lt\/wp-json\/wp\/v2\/types\/product"}],"replies":[{"embeddable":true,"href":"https:\/\/baldumarket.lt\/lt\/wp-json\/wp\/v2\/comments?post=340604"}],"wp:featuredmedia":[{"embeddable":true,"href":"https:\/\/baldumarket.lt\/lt\/wp-json\/wp\/v2\/media\/340605"}],"wp:attachment":[{"href":"https:\/\/baldumarket.lt\/lt\/wp-json\/wp\/v2\/media?parent=340604"}],"wp:term":[{"taxonomy":"product_brand","embeddable":true,"href":"https:\/\/baldumarket.lt\/lt\/wp-json\/wp\/v2\/product_brand?post=340604"},{"taxonomy":"product_cat","embeddable":true,"href":"https:\/\/baldumarket.lt\/lt\/wp-json\/wp\/v2\/product_cat?post=340604"},{"taxonomy":"product_tag","embeddable":true,"href":"https:\/\/baldumarket.lt\/lt\/wp-json\/wp\/v2\/product_tag?post=340604"}],"curies":[{"name":"wp","href":"https:\/\/api.w.org\/{rel}","templated":true}]}}