{"id":340573,"date":"2026-04-08T19:31:29","date_gmt":"2026-04-08T16:31:29","guid":{"rendered":"https:\/\/baldumarket.lt\/product\/lola-azuoline-lentyna-su-stiklu-1225\/"},"modified":"2026-04-08T21:56:23","modified_gmt":"2026-04-08T18:56:23","slug":"lola-azuoline-lentyna-su-stiklu-1225","status":"publish","type":"product","link":"https:\/\/baldumarket.lt\/lt\/product\/lola-azuoline-lentyna-su-stiklu-1225\/","title":{"rendered":"LOLA \u0105\u017euolin\u0117 lentyna su stiklu 122,5"},"content":{"rendered":"<p>The LOLA collection combines rustic style with a touch of modernity, as clearly demonstrated in the attached furniture photos. This collection consists of nine pieces, available in various sizes and heights. All furniture in this collection is crafted from selected, top-quality oak wood and carefully protected with natural vegetable oils. The shaded plank motif and metal handles, which further enhance the furniture, are eye-catching. The entire collection is characterized by impeccable aesthetics and solid workmanship. As we know, wooden planks never look the same, making each collection unique in its own way.<br \/>\nThe 3980 LOLA shelf is a striking addition to any living room or den. The back of the shelf is made entirely of wood and protected with oils, to which the glass shelf is attached. The glass base is very durable. Features:<br \/>\nHeight: 49 cm<br \/>\nLength: 122.5 cm<br \/>\nGlass shelf depth: 26 cm<\/p>\n","protected":false},"excerpt":{"rendered":"<p>The LOLA collection combines rustic style with a touch of modernity, as clearly demonstrated in the attached furniture photos. This collection consists of nine pieces, available in various sizes and heights. All furniture in this collection is crafted from selected, top-quality oak wood and carefully protected with natural vegetable oils. The shaded plank motif and [&hellip;]<\/p>\n","protected":false},"featured_media":340574,"comment_status":"open","ping_status":"open","template":"","meta":[],"product_brand":[],"product_cat":[10176,1174],"product_tag":[],"class_list":{"0":"post-340573","1":"product","2":"type-product","3":"status-publish","4":"has-post-thumbnail","6":"product_cat-hugon-meble","7":"product_cat-hanging-shelves","9":"first","10":"instock","11":"purchasable","12":"product-type-simple"},"_links":{"self":[{"href":"https:\/\/baldumarket.lt\/lt\/wp-json\/wp\/v2\/product\/340573","targetHints":{"allow":["GET"]}}],"collection":[{"href":"https:\/\/baldumarket.lt\/lt\/wp-json\/wp\/v2\/product"}],"about":[{"href":"https:\/\/baldumarket.lt\/lt\/wp-json\/wp\/v2\/types\/product"}],"replies":[{"embeddable":true,"href":"https:\/\/baldumarket.lt\/lt\/wp-json\/wp\/v2\/comments?post=340573"}],"wp:featuredmedia":[{"embeddable":true,"href":"https:\/\/baldumarket.lt\/lt\/wp-json\/wp\/v2\/media\/340574"}],"wp:attachment":[{"href":"https:\/\/baldumarket.lt\/lt\/wp-json\/wp\/v2\/media?parent=340573"}],"wp:term":[{"taxonomy":"product_brand","embeddable":true,"href":"https:\/\/baldumarket.lt\/lt\/wp-json\/wp\/v2\/product_brand?post=340573"},{"taxonomy":"product_cat","embeddable":true,"href":"https:\/\/baldumarket.lt\/lt\/wp-json\/wp\/v2\/product_cat?post=340573"},{"taxonomy":"product_tag","embeddable":true,"href":"https:\/\/baldumarket.lt\/lt\/wp-json\/wp\/v2\/product_tag?post=340573"}],"curies":[{"name":"wp","href":"https:\/\/api.w.org\/{rel}","templated":true}]}}