{"id":340570,"date":"2026-04-08T19:31:23","date_gmt":"2026-04-08T16:31:23","guid":{"rendered":"https:\/\/baldumarket.lt\/product\/lola-azuoline-lentyna-su-stiklu-1625\/"},"modified":"2026-04-08T21:56:14","modified_gmt":"2026-04-08T18:56:14","slug":"lola-azuoline-lentyna-su-stiklu-1625","status":"publish","type":"product","link":"https:\/\/baldumarket.lt\/lt\/product\/lola-azuoline-lentyna-su-stiklu-1625\/","title":{"rendered":"LOLA \u0105\u017euolin\u0117 lentyna su stiklu 162,5"},"content":{"rendered":"<p>\u201eLOLA\u201c kolekcija derina kaimi\u0161k\u0105 stili\u0173 su modernumo prisilietimu, kaip ai\u0161kiai matyti prid\u0117tose bald\u0173 nuotraukose. \u0160i\u0105 kolekcij\u0105 sudaro devyni baldai, si\u016blomi \u012fvairi\u0173 dyd\u017ei\u0173 ir auk\u0161\u010di\u0173. Visi \u0161ios kolekcijos baldai pagaminti i\u0161 atrinktos, auk\u0161\u010diausios kokyb\u0117s \u0105\u017euolo medienos ir kruop\u0161\u010diai apsaugoti nat\u016braliais augaliniais aliejais. Ak\u012f traukia \u0161e\u0161\u0117liuotas med\u017eio motyvas ir metalin\u0117s rankenos, kurios dar labiau i\u0161ry\u0161kina bald\u0105. Visa kolekcija pasi\u017eymi nepriekai\u0161tinga estetika ir tvirta meistri\u0161kumo kokybe. Kaip \u017einome, medin\u0117s lentos niekada neatrodo vienodai, tod\u0117l kiekviena kolekcija yra unikali savaip.<br \/>\n3970 LOLA lentyna \u2013 ry\u0161kus bet kurio svetain\u0117s ar poilsio kambario papildymas. Lentynos nugar\u0117l\u0117 pagaminta i\u0161 med\u017eio ir apdorota aliejais, prie kuri\u0173 pritvirtinta stiklin\u0117 lentyna. Stiklinis pagrindas yra labai patvarus. Savyb\u0117s:<br \/>\nAuk\u0161tis: 49 cm<br \/>\nIlgis: 162,5 cm<br \/>\nStiklin\u0117s lentynos gylis: 26 cm<\/p>","protected":false},"excerpt":{"rendered":"<p>The LOLA collection combines rustic style with a touch of modernity, as clearly demonstrated in the attached furniture photos. This collection consists of nine pieces, available in various sizes and heights. All furniture in this collection is crafted from selected, top-quality oak wood and carefully protected with natural vegetable oils. The shaded wood motif and [&hellip;]<\/p>","protected":false},"featured_media":340571,"comment_status":"open","ping_status":"open","template":"","meta":[],"product_brand":[],"product_cat":[10176,1174],"product_tag":[],"class_list":{"0":"post-340570","1":"product","2":"type-product","3":"status-publish","4":"has-post-thumbnail","6":"product_cat-hugon-meble","7":"product_cat-hanging-shelves","9":"first","10":"instock","11":"purchasable","12":"product-type-simple"},"_links":{"self":[{"href":"https:\/\/baldumarket.lt\/lt\/wp-json\/wp\/v2\/product\/340570","targetHints":{"allow":["GET"]}}],"collection":[{"href":"https:\/\/baldumarket.lt\/lt\/wp-json\/wp\/v2\/product"}],"about":[{"href":"https:\/\/baldumarket.lt\/lt\/wp-json\/wp\/v2\/types\/product"}],"replies":[{"embeddable":true,"href":"https:\/\/baldumarket.lt\/lt\/wp-json\/wp\/v2\/comments?post=340570"}],"wp:featuredmedia":[{"embeddable":true,"href":"https:\/\/baldumarket.lt\/lt\/wp-json\/wp\/v2\/media\/340571"}],"wp:attachment":[{"href":"https:\/\/baldumarket.lt\/lt\/wp-json\/wp\/v2\/media?parent=340570"}],"wp:term":[{"taxonomy":"product_brand","embeddable":true,"href":"https:\/\/baldumarket.lt\/lt\/wp-json\/wp\/v2\/product_brand?post=340570"},{"taxonomy":"product_cat","embeddable":true,"href":"https:\/\/baldumarket.lt\/lt\/wp-json\/wp\/v2\/product_cat?post=340570"},{"taxonomy":"product_tag","embeddable":true,"href":"https:\/\/baldumarket.lt\/lt\/wp-json\/wp\/v2\/product_tag?post=340570"}],"curies":[{"name":"wp","href":"https:\/\/api.w.org\/{rel}","templated":true}]}}