{"id":340566,"date":"2026-04-08T19:31:18","date_gmt":"2026-04-08T16:31:18","guid":{"rendered":"https:\/\/baldumarket.lt\/product\/tina-135-azuoline-lentyna\/"},"modified":"2026-04-08T21:56:14","modified_gmt":"2026-04-08T18:56:14","slug":"tina-135-azuoline-lentyna","status":"publish","type":"product","link":"https:\/\/baldumarket.lt\/lt\/product\/tina-135-azuoline-lentyna\/","title":{"rendered":"Tina 135 \u0105\u017euolin\u0117 lentyna"},"content":{"rendered":"<p>\u0160i sienin\u0117 lentyna yra \u201eTina Natural Oak\u201c kolekcijos dalis. J\u0105 sudaro keli \u012fsp\u016bdingi baldai, sukuriantys gra\u017e\u0173, \u0161ilt\u0105 interjer\u0105. Baldai pagaminti i\u0161 tvirtos \u0105\u017euolo medienos. \u0160i tvirta med\u017eiaga u\u017etikrina ne tik ilgaam\u017ei\u0161kum\u0105, bet ir unikalius dekoratyvinius efektus d\u0117l ai\u0161kiai apibr\u0117\u017etos tekst\u016bros. Visas baldas padengtas nat\u016braliais augaliniais aliejais. \u0160i sienin\u0117 lentyna gali papildyti bet kok\u012f interjer\u0105 daugumoje kambari\u0173, \u012fskaitant koridorius. D\u0117l savo dizaino ji gali lengvai atlaikyti keli\u0173 kilogram\u0173 apkrov\u0105. Tvirtinimo prie sienos ta\u0161kas yra nematomas.<br \/>\nSavyb\u0117s:<br \/>\nAuk\u0161tis: 20 cm<br \/>\nPlotis: 135 cm<br \/>\nGylis: 20 cm<\/p>","protected":false},"excerpt":{"rendered":"<p>This wall shelf is part of the Tina Natural Oak collection. It comprises several striking pieces of furniture that create a beautiful, warm interior. The furniture is crafted from solid oak. This robust material ensures not only durability but also unique decorative effects in the form of clearly defined grain. The entire piece is coated [&hellip;]<\/p>","protected":false},"featured_media":340567,"comment_status":"open","ping_status":"open","template":"","meta":[],"product_brand":[],"product_cat":[10176,1174],"product_tag":[],"class_list":{"0":"post-340566","1":"product","2":"type-product","3":"status-publish","4":"has-post-thumbnail","6":"product_cat-hugon-meble","7":"product_cat-hanging-shelves","9":"first","10":"instock","11":"purchasable","12":"product-type-simple"},"_links":{"self":[{"href":"https:\/\/baldumarket.lt\/lt\/wp-json\/wp\/v2\/product\/340566","targetHints":{"allow":["GET"]}}],"collection":[{"href":"https:\/\/baldumarket.lt\/lt\/wp-json\/wp\/v2\/product"}],"about":[{"href":"https:\/\/baldumarket.lt\/lt\/wp-json\/wp\/v2\/types\/product"}],"replies":[{"embeddable":true,"href":"https:\/\/baldumarket.lt\/lt\/wp-json\/wp\/v2\/comments?post=340566"}],"wp:featuredmedia":[{"embeddable":true,"href":"https:\/\/baldumarket.lt\/lt\/wp-json\/wp\/v2\/media\/340567"}],"wp:attachment":[{"href":"https:\/\/baldumarket.lt\/lt\/wp-json\/wp\/v2\/media?parent=340566"}],"wp:term":[{"taxonomy":"product_brand","embeddable":true,"href":"https:\/\/baldumarket.lt\/lt\/wp-json\/wp\/v2\/product_brand?post=340566"},{"taxonomy":"product_cat","embeddable":true,"href":"https:\/\/baldumarket.lt\/lt\/wp-json\/wp\/v2\/product_cat?post=340566"},{"taxonomy":"product_tag","embeddable":true,"href":"https:\/\/baldumarket.lt\/lt\/wp-json\/wp\/v2\/product_tag?post=340566"}],"curies":[{"name":"wp","href":"https:\/\/api.w.org\/{rel}","templated":true}]}}