{"id":340544,"date":"2026-04-08T19:30:54","date_gmt":"2026-04-08T16:30:54","guid":{"rendered":"https:\/\/baldumarket.lt\/product\/azuoline-knygu-lentyna-lola\/"},"modified":"2026-04-08T21:56:14","modified_gmt":"2026-04-08T18:56:14","slug":"azuoline-knygu-lentyna-lola","status":"publish","type":"product","link":"https:\/\/baldumarket.lt\/lt\/product\/azuoline-knygu-lentyna-lola\/","title":{"rendered":"\u0104\u017euolin\u0117 knyg\u0173 lentyna LOLA"},"content":{"rendered":"<p>\u201eLOLA\u201c kolekcija derina kaimi\u0161k\u0105 stili\u0173 su modernumo prisilietimu, kaip ai\u0161kiai matyti prid\u0117tose bald\u0173 nuotraukose. \u0160i\u0105 kolekcij\u0105 sudaro devyni baldai, si\u016blomi \u012fvairi\u0173 dyd\u017ei\u0173 ir auk\u0161\u010di\u0173. Visi \u0161ios kolekcijos baldai pagaminti i\u0161 atrinktos, auk\u0161\u010diausios kokyb\u0117s \u0105\u017euolo medienos ir kruop\u0161\u010diai apsaugoti nat\u016braliais augaliniais aliejais. Ak\u012f traukia \u0161e\u0161\u0117liuotas lent\u0173 motyvas ir metalin\u0117s rankenos, kurios dar labiau i\u0161ry\u0161kina bald\u0105. Visa kolekcija pasi\u017eymi nepriekai\u0161tinga estetika ir tvirtu meistri\u0161kumu. Kaip \u017einome, medin\u0117s lentos niekada neatrodo vienodai, tod\u0117l kiekviena kolekcija yra unikali savaip.<br \/>\n3992 LOLA knyg\u0173 lentyna yra labai prakti\u0161kas, patrauklus ir kompakti\u0161kas baldas. Ji puikiai tinka svetainei, darbo kambariui ar knyg\u0173 lentynai. Pagaminta i\u0161 tvirtos \u0105\u017euolo medienos, r\u0117mas \u2013 i\u0161 faneruotos lentos, o lentynos \u2013 i\u0161 laminuotos plok\u0161t\u0117s. Joje yra trys atviros lentynos ir viena ma\u017ea lentyn\u0117l\u0117, pasl\u0117pta medin\u0117mis durel\u0117mis. \u0160is baldas yra patvarus, kruop\u0161\u010diai apdirbtas ir tvirtas.<br \/>\nSavyb\u0117s:<br \/>\n\u016agis: 146,5 cm<br \/>\nPlotis: 62,5 cm<br \/>\nGylis: 40,5 cm<\/p>","protected":false},"excerpt":{"rendered":"<p>\u201eLOLA\u201c kolekcijoje dera kaimi\u0161kas stilius su modernumo prieskoniu, kaip ai\u0161kiai matyti prid\u0117tose bald\u0173 nuotraukose. \u0160i\u0105 kolekcij\u0105 sudaro devyni baldai, si\u016blomi \u012fvairi\u0173 dyd\u017ei\u0173 ir auk\u0161\u010di\u0173. Visi \u0161ios kolekcijos baldai pagaminti i\u0161 atrinktos, auk\u0161\u010diausios kokyb\u0117s \u0105\u017euolo medienos ir kruop\u0161\u010diai apsaugoti nat\u016braliais augaliniais aliejais. \u0160e\u0161\u0117linis lent\u0173 motyvas ir [\u2026]<\/p>","protected":false},"featured_media":340545,"comment_status":"open","ping_status":"open","template":"","meta":[],"product_brand":[],"product_cat":[10176,1987],"product_tag":[],"class_list":{"0":"post-340544","1":"product","2":"type-product","3":"status-publish","4":"has-post-thumbnail","6":"product_cat-hugon-meble","7":"product_cat-shelving-units","9":"first","10":"instock","11":"purchasable","12":"product-type-simple"},"_links":{"self":[{"href":"https:\/\/baldumarket.lt\/lt\/wp-json\/wp\/v2\/product\/340544","targetHints":{"allow":["GET"]}}],"collection":[{"href":"https:\/\/baldumarket.lt\/lt\/wp-json\/wp\/v2\/product"}],"about":[{"href":"https:\/\/baldumarket.lt\/lt\/wp-json\/wp\/v2\/types\/product"}],"replies":[{"embeddable":true,"href":"https:\/\/baldumarket.lt\/lt\/wp-json\/wp\/v2\/comments?post=340544"}],"wp:featuredmedia":[{"embeddable":true,"href":"https:\/\/baldumarket.lt\/lt\/wp-json\/wp\/v2\/media\/340545"}],"wp:attachment":[{"href":"https:\/\/baldumarket.lt\/lt\/wp-json\/wp\/v2\/media?parent=340544"}],"wp:term":[{"taxonomy":"product_brand","embeddable":true,"href":"https:\/\/baldumarket.lt\/lt\/wp-json\/wp\/v2\/product_brand?post=340544"},{"taxonomy":"product_cat","embeddable":true,"href":"https:\/\/baldumarket.lt\/lt\/wp-json\/wp\/v2\/product_cat?post=340544"},{"taxonomy":"product_tag","embeddable":true,"href":"https:\/\/baldumarket.lt\/lt\/wp-json\/wp\/v2\/product_tag?post=340544"}],"curies":[{"name":"wp","href":"https:\/\/api.w.org\/{rel}","templated":true}]}}