{"id":340536,"date":"2026-04-08T19:30:48","date_gmt":"2026-04-08T16:30:48","guid":{"rendered":"https:\/\/baldumarket.lt\/product\/ciuzinio-ideklo-remas-140x200\/"},"modified":"2026-04-08T21:56:04","modified_gmt":"2026-04-08T18:56:04","slug":"ciuzinio-ideklo-remas-140x200","status":"publish","type":"product","link":"https:\/\/baldumarket.lt\/lt\/product\/ciuzinio-ideklo-remas-140x200\/","title":{"rendered":"\u010ciu\u017einio \u012fd\u0117klo r\u0117mas 140&#215;200"},"content":{"rendered":"<p>Lentel\u0117s yra 6 cm plo\u010dio ir 2 cm storio.<br \/>\n\u0160iame aukcione si\u016blomas r\u0117mas susideda i\u0161 20 medini\u0173 lenteli\u0173, sujungt\u0173 apmu\u0161al\u0173 juostele, ir yra skirtas vis\u0173 tip\u0173 lovoms (medin\u0117ms, metalin\u0117ms, apmu\u0161toms ir kt.). Kituose mano aukcionuose si\u016blomi r\u0117mai su skirtingu lenteli\u0173 skai\u010diumi. Taip pat pageidaujant galime pagaminti r\u0117m\u0105 su bet kokiu lenteli\u0173 skai\u010diumi.<br \/>\nKomplekt\u0105 sudaro vienas 140x200 cm dyd\u017eio \u012fd\u0117klas.<\/p>","protected":false},"excerpt":{"rendered":"<p>The slats are 6 cm wide and 2 cm thick. The frame I&#8217;m offering in this auction consists of 20 wooden slats connected with upholstery ribbon and is designed for all types of beds (wooden, metal, upholstered, etc.). My other auctions feature frames with a different number of slats. We can also create a frame [&hellip;]<\/p>","protected":false},"featured_media":340537,"comment_status":"open","ping_status":"open","template":"","meta":[],"product_brand":[],"product_cat":[10176,1043],"product_tag":[],"class_list":{"0":"post-340536","1":"product","2":"type-product","3":"status-publish","4":"has-post-thumbnail","6":"product_cat-hugon-meble","7":"product_cat-extras","9":"first","10":"instock","11":"purchasable","12":"product-type-simple"},"_links":{"self":[{"href":"https:\/\/baldumarket.lt\/lt\/wp-json\/wp\/v2\/product\/340536","targetHints":{"allow":["GET"]}}],"collection":[{"href":"https:\/\/baldumarket.lt\/lt\/wp-json\/wp\/v2\/product"}],"about":[{"href":"https:\/\/baldumarket.lt\/lt\/wp-json\/wp\/v2\/types\/product"}],"replies":[{"embeddable":true,"href":"https:\/\/baldumarket.lt\/lt\/wp-json\/wp\/v2\/comments?post=340536"}],"wp:featuredmedia":[{"embeddable":true,"href":"https:\/\/baldumarket.lt\/lt\/wp-json\/wp\/v2\/media\/340537"}],"wp:attachment":[{"href":"https:\/\/baldumarket.lt\/lt\/wp-json\/wp\/v2\/media?parent=340536"}],"wp:term":[{"taxonomy":"product_brand","embeddable":true,"href":"https:\/\/baldumarket.lt\/lt\/wp-json\/wp\/v2\/product_brand?post=340536"},{"taxonomy":"product_cat","embeddable":true,"href":"https:\/\/baldumarket.lt\/lt\/wp-json\/wp\/v2\/product_cat?post=340536"},{"taxonomy":"product_tag","embeddable":true,"href":"https:\/\/baldumarket.lt\/lt\/wp-json\/wp\/v2\/product_tag?post=340536"}],"curies":[{"name":"wp","href":"https:\/\/api.w.org\/{rel}","templated":true}]}}