{"id":340531,"date":"2026-04-08T19:30:43","date_gmt":"2026-04-08T16:30:43","guid":{"rendered":"https:\/\/baldumarket.lt\/product\/tina-azuolinis-stalas-115x65\/"},"modified":"2026-04-08T21:03:02","modified_gmt":"2026-04-08T18:03:02","slug":"tina-azuolinis-stalas-115x65","status":"publish","type":"product","link":"https:\/\/baldumarket.lt\/lt\/product\/tina-azuolinis-stalas-115x65\/","title":{"rendered":"TINA \u0105\u017euolinis stalas 115&#215;65"},"content":{"rendered":"<p>Universalus TINA stalas \u2013 puikus pasirinkimas modernaus interjero m\u0117g\u0117jams. Jis visi\u0161kai be dekoracij\u0173 ir pagamintas i\u0161 tvirtos medienos su stipria tekst\u016bra, apdorotos nat\u016braliais augaliniais aliejais. Lentyna pagaminta i\u0161 faneruotos \u0105\u017euolo lentos. Ji gali papildyti kit\u0173 \u0161ios serijos bald\u0173 interjer\u0105.<br \/>\nStalas turi tvirt\u0105, ilg\u0105 stalvir\u0161\u012f, ant kurio galima laikyti \u012fvairias nam\u0173 kolekcijas \u2013 nuo knyg\u0173 iki kompaktini\u0173 disk\u0173. Po stalvir\u0161iu taip pat galima naudoti lentyn\u0105. J\u012f taip pat galima naudoti kaip ilgesn\u012f kavos staliuk\u0105 keliems \u017emon\u0117ms. Jis puikiai papildys poilsio kambario bald\u0105 kaip svetain\u0117s, darbo kambario ar atskiros erdv\u0117s dal\u012f. Kaip ir visa serija, stalas yra suteptas specialiais augaliniais aliejais. \u0160is apdorojimas ne tik apsaugo vidin\u0119 lentos strukt\u016br\u0105, bet ir gra\u017eiai i\u0161ry\u0161kina medienos gro\u017e\u012f. Jis taip pat yra ma\u017eesnio dyd\u017eio, puikiai tinkan\u010dio jaukesniam interjerui. Savyb\u0117s:<br \/>\nAuk\u0161tis: 460 mm<br \/>\nPlotis: 1150 mm<br \/>\nGylis: 650 mm<\/p>","protected":false},"excerpt":{"rendered":"<p>The versatile TINA table is a perfect choice for lovers of modern interiors. It&#8217;s completely unadorned and crafted from solid wood with a strong grain, treated with natural vegetable oils. The shelf is made of veneered oak board. It can complement the d\u00e9cor of other furniture in this series. The table has a sturdy, long [&hellip;]<\/p>","protected":false},"featured_media":340532,"comment_status":"open","ping_status":"open","template":"","meta":[],"product_brand":[],"product_cat":[10176,1934],"product_tag":[],"class_list":{"0":"post-340531","1":"product","2":"type-product","3":"status-publish","4":"has-post-thumbnail","6":"product_cat-hugon-meble","7":"product_cat-tables","9":"first","10":"instock","11":"purchasable","12":"product-type-simple"},"_links":{"self":[{"href":"https:\/\/baldumarket.lt\/lt\/wp-json\/wp\/v2\/product\/340531","targetHints":{"allow":["GET"]}}],"collection":[{"href":"https:\/\/baldumarket.lt\/lt\/wp-json\/wp\/v2\/product"}],"about":[{"href":"https:\/\/baldumarket.lt\/lt\/wp-json\/wp\/v2\/types\/product"}],"replies":[{"embeddable":true,"href":"https:\/\/baldumarket.lt\/lt\/wp-json\/wp\/v2\/comments?post=340531"}],"wp:featuredmedia":[{"embeddable":true,"href":"https:\/\/baldumarket.lt\/lt\/wp-json\/wp\/v2\/media\/340532"}],"wp:attachment":[{"href":"https:\/\/baldumarket.lt\/lt\/wp-json\/wp\/v2\/media?parent=340531"}],"wp:term":[{"taxonomy":"product_brand","embeddable":true,"href":"https:\/\/baldumarket.lt\/lt\/wp-json\/wp\/v2\/product_brand?post=340531"},{"taxonomy":"product_cat","embeddable":true,"href":"https:\/\/baldumarket.lt\/lt\/wp-json\/wp\/v2\/product_cat?post=340531"},{"taxonomy":"product_tag","embeddable":true,"href":"https:\/\/baldumarket.lt\/lt\/wp-json\/wp\/v2\/product_tag?post=340531"}],"curies":[{"name":"wp","href":"https:\/\/api.w.org\/{rel}","templated":true}]}}