{"id":340517,"date":"2026-04-08T19:30:32","date_gmt":"2026-04-08T16:30:32","guid":{"rendered":"https:\/\/baldumarket.lt\/product\/faro-staliukas-120x70\/"},"modified":"2026-04-08T21:56:04","modified_gmt":"2026-04-08T18:56:04","slug":"faro-staliukas-120x70","status":"publish","type":"product","link":"https:\/\/baldumarket.lt\/lt\/product\/faro-staliukas-120x70\/","title":{"rendered":"FARO staliukas 120&#215;70"},"content":{"rendered":"<p>\u201eFaro\u201c staliukas \u2013 puikus baldas j\u016bs\u0173 namams, sukuriantis eleganti\u0161k\u0105 ir funkcional\u0173 interjer\u0105.<br \/>\n\u201eFaro\u201c kolekcijoje klasikinis dizainas derinamas su modernia apdaila. Pagaminta i\u0161 tvirto \u0105\u017euolo, kolekcija pasi\u017eymi unikalia ir patvaria furnit\u016bra. Baldai apdailinti \u0161velnaus u\u017edarymo mechanizmais. Baldai padengti nat\u016braliu aliejumi, kad tarnaut\u0173 ilgai.<br \/>\nSavyb\u0117s:<br \/>\n\u2022 Auk\u0161tis: 45 cm<br \/>\n\u2022 Plotis: 70 cm<br \/>\n\u2022 Ilgis: 120 cm<br \/>\n\u2022 Svoris: 38 kg<br \/>\n\u201eFaro\u201c kolekcija si\u016bloma dviej\u0173 variant\u0173. Pirmasis variantas \u2013 klasikin\u0117 nat\u016bralaus \u0105\u017euolo \u201eFaro\u201c spalva, vertinama d\u0117l paprastumo ir elegancijos. Antrasis variantas \u2013 \u201eFaro II\u201c \u2013 pasi\u017eymi juodais akcentais, tokiais kaip rankenos, kojel\u0117s ir apvadai, kurie suteikia baldams modernaus industrinio stiliaus. Tai puikus pasirinkimas tiems, kurie nori pabr\u0117\u017eti savo interjero unikalum\u0105 ir modernum\u0105.<\/p>","protected":false},"excerpt":{"rendered":"<p>The Faro occasional table is the perfect piece of furniture for your home, providing an elegant and functional interior. The Faro collection combines classic design with a modern finish. Crafted from solid oak, the collection features unique and durable hardware. The furniture is finished with soft-close hardware. The furniture is coated with natural oil for [&hellip;]<\/p>","protected":false},"featured_media":340518,"comment_status":"open","ping_status":"open","template":"","meta":[],"product_brand":[],"product_cat":[10176,866],"product_tag":[],"class_list":{"0":"post-340517","1":"product","2":"type-product","3":"status-publish","4":"has-post-thumbnail","6":"product_cat-hugon-meble","7":"product_cat-coffee-tables","9":"first","10":"instock","11":"purchasable","12":"product-type-simple"},"_links":{"self":[{"href":"https:\/\/baldumarket.lt\/lt\/wp-json\/wp\/v2\/product\/340517","targetHints":{"allow":["GET"]}}],"collection":[{"href":"https:\/\/baldumarket.lt\/lt\/wp-json\/wp\/v2\/product"}],"about":[{"href":"https:\/\/baldumarket.lt\/lt\/wp-json\/wp\/v2\/types\/product"}],"replies":[{"embeddable":true,"href":"https:\/\/baldumarket.lt\/lt\/wp-json\/wp\/v2\/comments?post=340517"}],"wp:featuredmedia":[{"embeddable":true,"href":"https:\/\/baldumarket.lt\/lt\/wp-json\/wp\/v2\/media\/340518"}],"wp:attachment":[{"href":"https:\/\/baldumarket.lt\/lt\/wp-json\/wp\/v2\/media?parent=340517"}],"wp:term":[{"taxonomy":"product_brand","embeddable":true,"href":"https:\/\/baldumarket.lt\/lt\/wp-json\/wp\/v2\/product_brand?post=340517"},{"taxonomy":"product_cat","embeddable":true,"href":"https:\/\/baldumarket.lt\/lt\/wp-json\/wp\/v2\/product_cat?post=340517"},{"taxonomy":"product_tag","embeddable":true,"href":"https:\/\/baldumarket.lt\/lt\/wp-json\/wp\/v2\/product_tag?post=340517"}],"curies":[{"name":"wp","href":"https:\/\/api.w.org\/{rel}","templated":true}]}}