{"id":340506,"date":"2026-04-08T19:30:22","date_gmt":"2026-04-08T16:30:22","guid":{"rendered":"https:\/\/baldumarket.lt\/product\/falko-azuolinis-stalas-180x100-3\/"},"modified":"2026-04-08T21:03:02","modified_gmt":"2026-04-08T18:03:02","slug":"falko-azuolinis-stalas-180x100-3","status":"publish","type":"product","link":"https:\/\/baldumarket.lt\/lt\/product\/falko-azuolinis-stalas-180x100-3\/","title":{"rendered":"FALKO \u0105\u017euolinis stalas 180\u00d7100"},"content":{"rendered":"<p>FALKO \u0105\u017euolinis stalas<br \/>\n\u0160is stalas pagamintas i\u0161 \u0105\u017euolo masyvo. Aliejaus apdaila i\u0161ry\u0161kina nat\u016brali\u0105 medienos i\u0161vaizd\u0105. Kruop\u0161\u010diai pagamintos masyvios medin\u0117s kojel\u0117s suteikia baldui elegancijos. Stalas yra i\u0161skirtinai patvarus, u\u017etikrinantis ilgamet\u012f naudojim\u0105. Jis puikiai dera tiek prie modernaus, tiek prie klasikinio interjero, suteikdamas jam \u0161ilumos ir nat\u016bralaus \u017eavesio.<br \/>\nKojos yra X formos.<br \/>\nMatmenys:<br \/>\nIlgis \u2013 180 cm<br \/>\nPlotis \u2013 100 cm<br \/>\nAuk\u0161tis \u2013 76 cm<br \/>\nVir\u0161utin\u0117s lentos storis \u2013 2 cm; Vir\u0161utiniai kra\u0161tai \u2013 6 cm<\/p>","protected":false},"excerpt":{"rendered":"<p>FALKO Oak Table This table is crafted from solid oak. The oil finish highlights the natural appearance of the wood. The solid wooden legs are meticulously crafted, adding elegance to the piece. The table is exceptionally durable, ensuring years of use. It blends perfectly with both modern and classic interiors, adding warmth and natural charm. [&hellip;]<\/p>","protected":false},"featured_media":340507,"comment_status":"open","ping_status":"open","template":"","meta":[],"product_brand":[],"product_cat":[10176,1934],"product_tag":[],"class_list":{"0":"post-340506","1":"product","2":"type-product","3":"status-publish","4":"has-post-thumbnail","6":"product_cat-hugon-meble","7":"product_cat-tables","9":"first","10":"instock","11":"purchasable","12":"product-type-simple"},"_links":{"self":[{"href":"https:\/\/baldumarket.lt\/lt\/wp-json\/wp\/v2\/product\/340506","targetHints":{"allow":["GET"]}}],"collection":[{"href":"https:\/\/baldumarket.lt\/lt\/wp-json\/wp\/v2\/product"}],"about":[{"href":"https:\/\/baldumarket.lt\/lt\/wp-json\/wp\/v2\/types\/product"}],"replies":[{"embeddable":true,"href":"https:\/\/baldumarket.lt\/lt\/wp-json\/wp\/v2\/comments?post=340506"}],"wp:featuredmedia":[{"embeddable":true,"href":"https:\/\/baldumarket.lt\/lt\/wp-json\/wp\/v2\/media\/340507"}],"wp:attachment":[{"href":"https:\/\/baldumarket.lt\/lt\/wp-json\/wp\/v2\/media?parent=340506"}],"wp:term":[{"taxonomy":"product_brand","embeddable":true,"href":"https:\/\/baldumarket.lt\/lt\/wp-json\/wp\/v2\/product_brand?post=340506"},{"taxonomy":"product_cat","embeddable":true,"href":"https:\/\/baldumarket.lt\/lt\/wp-json\/wp\/v2\/product_cat?post=340506"},{"taxonomy":"product_tag","embeddable":true,"href":"https:\/\/baldumarket.lt\/lt\/wp-json\/wp\/v2\/product_tag?post=340506"}],"curies":[{"name":"wp","href":"https:\/\/api.w.org\/{rel}","templated":true}]}}