{"id":340471,"date":"2026-04-08T19:29:50","date_gmt":"2026-04-08T16:29:50","guid":{"rendered":"https:\/\/baldumarket.lt\/product\/faro-azuolinis-stalas-180x90\/"},"modified":"2026-04-08T21:02:41","modified_gmt":"2026-04-08T18:02:41","slug":"faro-azuolinis-stalas-180x90","status":"publish","type":"product","link":"https:\/\/baldumarket.lt\/lt\/product\/faro-azuolinis-stalas-180x90\/","title":{"rendered":"FARO \u0105\u017euolinis stalas 180&#215;90"},"content":{"rendered":"<p>\u201eFaro\u201c \u0105\u017euolinis stalas yra klasikinis ir gra\u017eus baldas, pagamintas vien i\u0161 tvirto \u0105\u017euolo. Jis pasi\u017eymi gra\u017eiomis, tvirtomis kojel\u0117mis ir dideliu \u0105\u017euoliniu stalvir\u0161iu.<br \/>\n\u0160iems baldams b\u016bdingas kruop\u0161tus meistri\u0161kumas ir auk\u0161ta kokyb\u0117. Priekin\u0117 mediena sujungta tempimo b\u016bdu, o korpuso mediena sujungta mikrojungtimis, u\u017etikrinant gra\u017ei\u0105, esteti\u0161kai patraukli\u0105 i\u0161vaizd\u0105 ir didel\u012f patvarum\u0105.<br \/>\nSavyb\u0117s:<br \/>\n\u2022 Auk\u0161tis: 75 cm<br \/>\n\u2022 Plotis: 100 cm<br \/>\n\u2022 Ilgis: 180 cm<br \/>\n\u2022 Spalva: nat\u016bralus aliejus<br \/>\n\u201eFaro\u201c kolekcija si\u016bloma dviej\u0173 variant\u0173. Pirmasis variantas \u2013 klasikin\u0117 nat\u016bralaus \u0105\u017euolo \u201eFaro\u201c spalva, vertinama d\u0117l paprastumo ir elegancijos. Antrasis variantas \u2013 \u201eFaro II\u201c \u2013 pasi\u017eymi juodais akcentais, tokiais kaip rankenos, kojel\u0117s ir apvadai, kurie suteikia baldams modernaus industrinio stiliaus. Tai puikus pasirinkimas tiems, kurie nori pabr\u0117\u017eti savo interjero unikalum\u0105 ir modernum\u0105.<\/p>","protected":false},"excerpt":{"rendered":"<p>The Faro oak table is a classic and beautiful piece of furniture crafted entirely from solid oak. It features beautiful, solid legs and a large oak top. This furniture is characterized by meticulous craftsmanship and high quality. The wood in the front is joined using the draw method, while the wood in the body is [&hellip;]<\/p>","protected":false},"featured_media":340472,"comment_status":"open","ping_status":"open","template":"","meta":[],"product_brand":[],"product_cat":[10176,1934],"product_tag":[],"class_list":{"0":"post-340471","1":"product","2":"type-product","3":"status-publish","4":"has-post-thumbnail","6":"product_cat-hugon-meble","7":"product_cat-tables","9":"first","10":"instock","11":"purchasable","12":"product-type-simple"},"_links":{"self":[{"href":"https:\/\/baldumarket.lt\/lt\/wp-json\/wp\/v2\/product\/340471","targetHints":{"allow":["GET"]}}],"collection":[{"href":"https:\/\/baldumarket.lt\/lt\/wp-json\/wp\/v2\/product"}],"about":[{"href":"https:\/\/baldumarket.lt\/lt\/wp-json\/wp\/v2\/types\/product"}],"replies":[{"embeddable":true,"href":"https:\/\/baldumarket.lt\/lt\/wp-json\/wp\/v2\/comments?post=340471"}],"wp:featuredmedia":[{"embeddable":true,"href":"https:\/\/baldumarket.lt\/lt\/wp-json\/wp\/v2\/media\/340472"}],"wp:attachment":[{"href":"https:\/\/baldumarket.lt\/lt\/wp-json\/wp\/v2\/media?parent=340471"}],"wp:term":[{"taxonomy":"product_brand","embeddable":true,"href":"https:\/\/baldumarket.lt\/lt\/wp-json\/wp\/v2\/product_brand?post=340471"},{"taxonomy":"product_cat","embeddable":true,"href":"https:\/\/baldumarket.lt\/lt\/wp-json\/wp\/v2\/product_cat?post=340471"},{"taxonomy":"product_tag","embeddable":true,"href":"https:\/\/baldumarket.lt\/lt\/wp-json\/wp\/v2\/product_tag?post=340471"}],"curies":[{"name":"wp","href":"https:\/\/api.w.org\/{rel}","templated":true}]}}