{"id":340451,"date":"2026-04-08T19:29:31","date_gmt":"2026-04-08T16:29:31","guid":{"rendered":"https:\/\/baldumarket.lt\/product\/irys-azuolinis-stalas-220x100-2\/"},"modified":"2026-04-08T21:02:41","modified_gmt":"2026-04-08T18:02:41","slug":"irys-azuolinis-stalas-220x100-2","status":"publish","type":"product","link":"https:\/\/baldumarket.lt\/lt\/product\/irys-azuolinis-stalas-220x100-2\/","title":{"rendered":"IRYS \u0105\u017euolinis stalas 220&#215;100"},"content":{"rendered":"<p>IRYS \u0105\u017euolinis stalas<br \/>\n\u0160is stalas pagamintas i\u0161 \u0105\u017euolo masyvo. Aliejaus apdaila suteikia jam nat\u016bralaus med\u017eio i\u0161vaizd\u0105. Tvirtos juodo metalo kojos yra padengtos patvaria milteliniu b\u016bdu da\u017eyta apdaila, suteikian\u010dia jam eleganti\u0161k\u0105 i\u0161vaizd\u0105. U formos kojos (TUS).<br \/>\nMatmenys:<br \/>\nIlgis \u2013 220 cm<br \/>\nPlotis \u2013 100 cm<br \/>\nAuk\u0161tis \u2013 76 cm<br \/>\nStalvir\u0161io storis \u2013 4 cm<\/p>","protected":false},"excerpt":{"rendered":"<p>IRYS Oak Table This table is crafted from solid oak. An oil finish gives it a natural wood look. The solid black metal legs are finished with a durable powder-coated finish, providing an elegant look. U-shaped legs (TUS). Dimensions: Length &#8211; 220 cm Width &#8211; 100 cm Height &#8211; 76 cm Tabletop thickness &#8211; 4 [&hellip;]<\/p>","protected":false},"featured_media":340452,"comment_status":"open","ping_status":"open","template":"","meta":[],"product_brand":[],"product_cat":[10176,1934],"product_tag":[],"class_list":{"0":"post-340451","1":"product","2":"type-product","3":"status-publish","4":"has-post-thumbnail","6":"product_cat-hugon-meble","7":"product_cat-tables","9":"first","10":"instock","11":"purchasable","12":"product-type-simple"},"_links":{"self":[{"href":"https:\/\/baldumarket.lt\/lt\/wp-json\/wp\/v2\/product\/340451","targetHints":{"allow":["GET"]}}],"collection":[{"href":"https:\/\/baldumarket.lt\/lt\/wp-json\/wp\/v2\/product"}],"about":[{"href":"https:\/\/baldumarket.lt\/lt\/wp-json\/wp\/v2\/types\/product"}],"replies":[{"embeddable":true,"href":"https:\/\/baldumarket.lt\/lt\/wp-json\/wp\/v2\/comments?post=340451"}],"wp:featuredmedia":[{"embeddable":true,"href":"https:\/\/baldumarket.lt\/lt\/wp-json\/wp\/v2\/media\/340452"}],"wp:attachment":[{"href":"https:\/\/baldumarket.lt\/lt\/wp-json\/wp\/v2\/media?parent=340451"}],"wp:term":[{"taxonomy":"product_brand","embeddable":true,"href":"https:\/\/baldumarket.lt\/lt\/wp-json\/wp\/v2\/product_brand?post=340451"},{"taxonomy":"product_cat","embeddable":true,"href":"https:\/\/baldumarket.lt\/lt\/wp-json\/wp\/v2\/product_cat?post=340451"},{"taxonomy":"product_tag","embeddable":true,"href":"https:\/\/baldumarket.lt\/lt\/wp-json\/wp\/v2\/product_tag?post=340451"}],"curies":[{"name":"wp","href":"https:\/\/api.w.org\/{rel}","templated":true}]}}