{"id":340438,"date":"2026-04-08T19:29:20","date_gmt":"2026-04-08T16:29:20","guid":{"rendered":"https:\/\/baldumarket.lt\/product\/paolo-azuolinis-stalas-160x90x78\/"},"modified":"2026-04-08T21:02:41","modified_gmt":"2026-04-08T18:02:41","slug":"paolo-azuolinis-stalas-160x90x78","status":"publish","type":"product","link":"https:\/\/baldumarket.lt\/lt\/product\/paolo-azuolinis-stalas-160x90x78\/","title":{"rendered":"PAOLO \u0105\u017euolinis stalas 160x90x78"},"content":{"rendered":"<p>PAOLO \u0105\u017euolinis stalas yra klasikinio stiliaus ir gra\u017eus baldas, pagamintas vien i\u0161 tvirtos \u0105\u017euolo medienos. Jis pasi\u017eymi gra\u017eiomis, tvirtomis kojel\u0117mis ir dideliu \u0105\u017euoliniu stalvir\u0161iu.<br \/>\n\u0160ie baldai pasi\u017eymi kruop\u0161\u010diu meistri\u0161kumu ir auk\u0161ta kokybe. Priekin\u0117 mediena sujungta traukimo b\u016bdu, u\u017etikrinant gra\u017ei\u0105, esteti\u0161k\u0105 i\u0161vaizd\u0105 ir didel\u012f patvarum\u0105.<br \/>\nTechnin\u0117s specifikacijos:<br \/>\nAuk\u0161tis: 78 cm<br \/>\nIlgis: 160 cm<br \/>\nPlotis: 90 cm<br \/>\nSpalva: nat\u016bralus aliejus<br \/>\nMed\u017eiaga: \u0105\u017euolo masyvas<\/p>","protected":false},"excerpt":{"rendered":"<p>The PAOLO oak table is a classic and beautiful piece of furniture crafted entirely from solid oak. It features beautiful, solid legs and a large oak tabletop. This furniture is characterized by meticulous craftsmanship and high quality. The wood in the front is joined using the draw-jointing method, ensuring a beautiful, aesthetic appearance and high [&hellip;]<\/p>","protected":false},"featured_media":340439,"comment_status":"open","ping_status":"open","template":"","meta":[],"product_brand":[],"product_cat":[10176,1934],"product_tag":[],"class_list":{"0":"post-340438","1":"product","2":"type-product","3":"status-publish","4":"has-post-thumbnail","6":"product_cat-hugon-meble","7":"product_cat-tables","9":"first","10":"instock","11":"purchasable","12":"product-type-simple"},"_links":{"self":[{"href":"https:\/\/baldumarket.lt\/lt\/wp-json\/wp\/v2\/product\/340438","targetHints":{"allow":["GET"]}}],"collection":[{"href":"https:\/\/baldumarket.lt\/lt\/wp-json\/wp\/v2\/product"}],"about":[{"href":"https:\/\/baldumarket.lt\/lt\/wp-json\/wp\/v2\/types\/product"}],"replies":[{"embeddable":true,"href":"https:\/\/baldumarket.lt\/lt\/wp-json\/wp\/v2\/comments?post=340438"}],"wp:featuredmedia":[{"embeddable":true,"href":"https:\/\/baldumarket.lt\/lt\/wp-json\/wp\/v2\/media\/340439"}],"wp:attachment":[{"href":"https:\/\/baldumarket.lt\/lt\/wp-json\/wp\/v2\/media?parent=340438"}],"wp:term":[{"taxonomy":"product_brand","embeddable":true,"href":"https:\/\/baldumarket.lt\/lt\/wp-json\/wp\/v2\/product_brand?post=340438"},{"taxonomy":"product_cat","embeddable":true,"href":"https:\/\/baldumarket.lt\/lt\/wp-json\/wp\/v2\/product_cat?post=340438"},{"taxonomy":"product_tag","embeddable":true,"href":"https:\/\/baldumarket.lt\/lt\/wp-json\/wp\/v2\/product_tag?post=340438"}],"curies":[{"name":"wp","href":"https:\/\/api.w.org\/{rel}","templated":true}]}}