{"id":340424,"date":"2026-04-08T19:29:09","date_gmt":"2026-04-08T16:29:09","guid":{"rendered":"https:\/\/baldumarket.lt\/product\/parma-azuolinis-stalas-160x100-2x50cm\/"},"modified":"2026-04-08T21:02:30","modified_gmt":"2026-04-08T18:02:30","slug":"parma-azuolinis-stalas-160x100-2x50cm","status":"publish","type":"product","link":"https:\/\/baldumarket.lt\/lt\/product\/parma-azuolinis-stalas-160x100-2x50cm\/","title":{"rendered":"PARMA \u0105\u017euolinis stalas 160&#215;100 (2x50cm)"},"content":{"rendered":"<p>PARMA \u0105\u017euolo stalas<br \/>\n\u0160is stalas pagamintas i\u0161 \u0105\u017euolo masyvo: r\u0117mas ir kojos \u2013 i\u0161 faneruotos \u0105\u017euolo medienos, o stalvir\u0161is \u2013 i\u0161 faneruotos \u0105\u017euolo medienos. Aliejumi dengtas stalvir\u0161is i\u0161ry\u0161kina nat\u016brali\u0105 medienos i\u0161vaizd\u0105. Tvirtos medin\u0117s kojos yra kruop\u0161\u010diai pagamintos, suteikian\u010dios baldui elegancijos. Stalas yra itin patvarus, u\u017etikrinantis ilgamet\u012f naudojim\u0105. Jis puikiai dera tiek prie modernaus, tiek prie klasikinio interjero, suteikdamas jam \u0161ilumos ir nat\u016bralaus \u017eavesio.<br \/>\nMatmenys:<br \/>\nIlgis \u2013 160 cm (+ 2 \u00d7 50 cm)<br \/>\nPlotis \u2013 100 cm<br \/>\nAuk\u0161tis \u2013 76 cm<br \/>\nVir\u0161utinis storis \u2013 2,4 cm<\/p>","protected":false},"excerpt":{"rendered":"<p>PARMA Oak Table This table is crafted from solid oak: the frame and legs are made of veneered oak, while the top is made of veneered oak. The oil-finished top highlights the natural look of the wood. The solid wooden legs are meticulously crafted, adding elegance to the piece. The table is exceptionally durable, ensuring [&hellip;]<\/p>","protected":false},"featured_media":340425,"comment_status":"open","ping_status":"open","template":"","meta":[],"product_brand":[],"product_cat":[10176,1934],"product_tag":[],"class_list":{"0":"post-340424","1":"product","2":"type-product","3":"status-publish","4":"has-post-thumbnail","6":"product_cat-hugon-meble","7":"product_cat-tables","9":"first","10":"instock","11":"purchasable","12":"product-type-simple"},"_links":{"self":[{"href":"https:\/\/baldumarket.lt\/lt\/wp-json\/wp\/v2\/product\/340424","targetHints":{"allow":["GET"]}}],"collection":[{"href":"https:\/\/baldumarket.lt\/lt\/wp-json\/wp\/v2\/product"}],"about":[{"href":"https:\/\/baldumarket.lt\/lt\/wp-json\/wp\/v2\/types\/product"}],"replies":[{"embeddable":true,"href":"https:\/\/baldumarket.lt\/lt\/wp-json\/wp\/v2\/comments?post=340424"}],"wp:featuredmedia":[{"embeddable":true,"href":"https:\/\/baldumarket.lt\/lt\/wp-json\/wp\/v2\/media\/340425"}],"wp:attachment":[{"href":"https:\/\/baldumarket.lt\/lt\/wp-json\/wp\/v2\/media?parent=340424"}],"wp:term":[{"taxonomy":"product_brand","embeddable":true,"href":"https:\/\/baldumarket.lt\/lt\/wp-json\/wp\/v2\/product_brand?post=340424"},{"taxonomy":"product_cat","embeddable":true,"href":"https:\/\/baldumarket.lt\/lt\/wp-json\/wp\/v2\/product_cat?post=340424"},{"taxonomy":"product_tag","embeddable":true,"href":"https:\/\/baldumarket.lt\/lt\/wp-json\/wp\/v2\/product_tag?post=340424"}],"curies":[{"name":"wp","href":"https:\/\/api.w.org\/{rel}","templated":true}]}}