{"id":340396,"date":"2026-04-08T19:28:46","date_gmt":"2026-04-08T16:28:46","guid":{"rendered":"https:\/\/baldumarket.lt\/product\/romano-130-uosio-stalas\/"},"modified":"2026-04-08T21:02:30","modified_gmt":"2026-04-08T18:02:30","slug":"romano-130-uosio-stalas","status":"publish","type":"product","link":"https:\/\/baldumarket.lt\/lt\/product\/romano-130-uosio-stalas\/","title":{"rendered":"ROMANO 130 uosio stalas"},"content":{"rendered":"<p>ROMANO uosio stalas<br \/>\n\u201eRomano\u201c stalas \u2013 eleganti\u0161kas, apvalus stalas, pagamintas i\u0161 tvirtos uosio medienos, kuriame dera nat\u016bralus medienos gro\u017eis su modernaus metalo kojeli\u0173 akcentu. Jis i\u0161siple\u010dia dviej\u0173 papildom\u0173 lak\u0161t\u0173 d\u0117ka, tod\u0117l galite lengvai i\u0161pl\u0117sti stalo pavir\u0161i\u0173.<br \/>\nMatmenys:<br \/>\nSkersmuo: 130\u2013210 cm (2 x 40 cm)<br \/>\nAuk\u0161tis: 78 cm<br \/>\nStalvir\u0161io storis: 3 cm<\/p>","protected":false},"excerpt":{"rendered":"<p>ROMANO Ash Table The Romano table is an elegant, round table made of solid ash, combining the natural beauty of the wood with a modern touch of metal legs. It extends thanks to two additional leaf plates, allowing you to easily expand the table surface. Dimensions: Diameter: 130 &#8211; 210 cm (2 x 40 cm) [&hellip;]<\/p>","protected":false},"featured_media":340397,"comment_status":"open","ping_status":"open","template":"","meta":[],"product_brand":[],"product_cat":[10176,1934],"product_tag":[],"class_list":{"0":"post-340396","1":"product","2":"type-product","3":"status-publish","4":"has-post-thumbnail","6":"product_cat-hugon-meble","7":"product_cat-tables","9":"first","10":"instock","11":"purchasable","12":"product-type-simple"},"_links":{"self":[{"href":"https:\/\/baldumarket.lt\/lt\/wp-json\/wp\/v2\/product\/340396","targetHints":{"allow":["GET"]}}],"collection":[{"href":"https:\/\/baldumarket.lt\/lt\/wp-json\/wp\/v2\/product"}],"about":[{"href":"https:\/\/baldumarket.lt\/lt\/wp-json\/wp\/v2\/types\/product"}],"replies":[{"embeddable":true,"href":"https:\/\/baldumarket.lt\/lt\/wp-json\/wp\/v2\/comments?post=340396"}],"wp:featuredmedia":[{"embeddable":true,"href":"https:\/\/baldumarket.lt\/lt\/wp-json\/wp\/v2\/media\/340397"}],"wp:attachment":[{"href":"https:\/\/baldumarket.lt\/lt\/wp-json\/wp\/v2\/media?parent=340396"}],"wp:term":[{"taxonomy":"product_brand","embeddable":true,"href":"https:\/\/baldumarket.lt\/lt\/wp-json\/wp\/v2\/product_brand?post=340396"},{"taxonomy":"product_cat","embeddable":true,"href":"https:\/\/baldumarket.lt\/lt\/wp-json\/wp\/v2\/product_cat?post=340396"},{"taxonomy":"product_tag","embeddable":true,"href":"https:\/\/baldumarket.lt\/lt\/wp-json\/wp\/v2\/product_tag?post=340396"}],"curies":[{"name":"wp","href":"https:\/\/api.w.org\/{rel}","templated":true}]}}