{"id":340388,"date":"2026-04-08T19:28:38","date_gmt":"2026-04-08T16:28:38","guid":{"rendered":"https:\/\/baldumarket.lt\/product\/lola-azuoline-spinta-dviguba-auksta-vitrina\/"},"modified":"2026-04-08T21:35:44","modified_gmt":"2026-04-08T18:35:44","slug":"lola-azuoline-spinta-dviguba-auksta-vitrina","status":"publish","type":"product","link":"https:\/\/baldumarket.lt\/lt\/product\/lola-azuoline-spinta-dviguba-auksta-vitrina\/","title":{"rendered":"LOLA \u0105\u017euolin\u0117 spinta, dviguba auk\u0161ta vitrina"},"content":{"rendered":"<p>\u201eLOLA\u201c kolekcija derina kaimi\u0161k\u0105 stili\u0173 su modernumo prisilietimu, kaip ai\u0161kiai matyti prid\u0117tose bald\u0173 nuotraukose. \u0160i\u0105 kolekcij\u0105 sudaro devyni baldai, si\u016blomi \u012fvairi\u0173 dyd\u017ei\u0173 ir auk\u0161\u010di\u0173. Visi \u0161ios kolekcijos baldai pagaminti i\u0161 atrinktos, auk\u0161\u010diausios kokyb\u0117s \u0105\u017euolo medienos ir kruop\u0161\u010diai apsaugoti nat\u016braliais augaliniais aliejais. Ak\u012f traukia \u0161e\u0161\u0117liuotos lentos motyvas ir metalin\u0117s rankenos, kurios dar labiau i\u0161ry\u0161kina bald\u0105. Visa kolekcija pasi\u017eymi nepriekai\u0161tinga estetika ir tvirtu meistri\u0161kumu. Kaip \u017einome, medin\u0117s lentos niekada neatrodo vienodai, tod\u0117l kiekviena kolekcija yra unikali savaip.<br \/>\nLOLA 3993 vitrina yra auk\u0161ta, patvari ir tvirta spintel\u0117. D\u0117l savo dyd\u017eio ji tinka ne tik erdviai svetainei, bet ir didesnei svetainei ar atskirai valgomojo zonai. Spintel\u0119 sudaro stiklin\u0117 dalis su dviem stiklin\u0117mis lentynomis. Apatin\u0117je dalyje yra dvi lentynos, kiekviena u\u017edengta medin\u0117mis durel\u0117mis. Baldas pagamintas i\u0161 \u0105\u017euolo masyvo, su faneruotos plok\u0161t\u0117s korpusu ir laminuotos plok\u0161t\u0117s lentynomis.<\/p>\n<p>Savyb\u0117s:<br \/>\n\u016agis: 196,5 cm<br \/>\nPlotis: 102,5 cm<br \/>\nGylis: 40,5 cm<\/p>","protected":false},"excerpt":{"rendered":"<p>The LOLA collection combines rustic style with a touch of modernity, as clearly demonstrated in the accompanying furniture photos. This collection consists of nine pieces, available in various sizes and heights. All pieces in this collection are crafted from selected, top-quality oak and carefully protected with natural vegetable oils. The shaded plank motif and metal [&hellip;]<\/p>","protected":false},"featured_media":340389,"comment_status":"open","ping_status":"open","template":"","meta":[],"product_brand":[],"product_cat":[10176,1177],"product_tag":[],"class_list":{"0":"post-340388","1":"product","2":"type-product","3":"status-publish","4":"has-post-thumbnail","6":"product_cat-hugon-meble","7":"product_cat-wardrobes","9":"first","10":"instock","11":"purchasable","12":"product-type-simple"},"_links":{"self":[{"href":"https:\/\/baldumarket.lt\/lt\/wp-json\/wp\/v2\/product\/340388","targetHints":{"allow":["GET"]}}],"collection":[{"href":"https:\/\/baldumarket.lt\/lt\/wp-json\/wp\/v2\/product"}],"about":[{"href":"https:\/\/baldumarket.lt\/lt\/wp-json\/wp\/v2\/types\/product"}],"replies":[{"embeddable":true,"href":"https:\/\/baldumarket.lt\/lt\/wp-json\/wp\/v2\/comments?post=340388"}],"wp:featuredmedia":[{"embeddable":true,"href":"https:\/\/baldumarket.lt\/lt\/wp-json\/wp\/v2\/media\/340389"}],"wp:attachment":[{"href":"https:\/\/baldumarket.lt\/lt\/wp-json\/wp\/v2\/media?parent=340388"}],"wp:term":[{"taxonomy":"product_brand","embeddable":true,"href":"https:\/\/baldumarket.lt\/lt\/wp-json\/wp\/v2\/product_brand?post=340388"},{"taxonomy":"product_cat","embeddable":true,"href":"https:\/\/baldumarket.lt\/lt\/wp-json\/wp\/v2\/product_cat?post=340388"},{"taxonomy":"product_tag","embeddable":true,"href":"https:\/\/baldumarket.lt\/lt\/wp-json\/wp\/v2\/product_tag?post=340388"}],"curies":[{"name":"wp","href":"https:\/\/api.w.org\/{rel}","templated":true}]}}