{"id":340384,"date":"2026-04-08T19:28:35","date_gmt":"2026-04-08T16:28:35","guid":{"rendered":"https:\/\/baldumarket.lt\/product\/2d-azuoline-spinta\/"},"modified":"2026-04-08T21:35:44","modified_gmt":"2026-04-08T18:35:44","slug":"2d-azuoline-spinta","status":"publish","type":"product","link":"https:\/\/baldumarket.lt\/lt\/product\/2d-azuoline-spinta\/","title":{"rendered":"2D \u0105\u017euolin\u0117 spinta"},"content":{"rendered":"<p>TONI 2 dviej\u0173 dur\u0173 spinta. Spintos fasadai pagaminti i\u0161 \u0105\u017euolo medienos, o korpusas \u2013 i\u0161 faneruotos med\u017eio dro\u017eli\u0173 plok\u0161t\u0117s. Matmenys:<br \/>\n\u2013 plotis: 102 cm<br \/>\n\u2013 auk\u0161tis: 205,5 cm<br \/>\n\u2013 gylis: 60 cm<\/p>","protected":false},"excerpt":{"rendered":"<p>TONI 2 dviej\u0173 dur\u0173 spinta. Spintos fasadai pagaminti i\u0161 \u0105\u017euolo medienos, o korpusas \u2013 i\u0161 faneruotos med\u017eio dro\u017eli\u0173 plok\u0161t\u0117s. Matmenys: \u2013 plotis: 102 cm \u2013 auk\u0161tis: 205,5 cm \u2013 gylis: 60 cm<\/p>","protected":false},"featured_media":340385,"comment_status":"open","ping_status":"open","template":"","meta":[],"product_brand":[],"product_cat":[10176,1177],"product_tag":[],"class_list":{"0":"post-340384","1":"product","2":"type-product","3":"status-publish","4":"has-post-thumbnail","6":"product_cat-hugon-meble","7":"product_cat-wardrobes","9":"first","10":"instock","11":"purchasable","12":"product-type-simple"},"_links":{"self":[{"href":"https:\/\/baldumarket.lt\/lt\/wp-json\/wp\/v2\/product\/340384","targetHints":{"allow":["GET"]}}],"collection":[{"href":"https:\/\/baldumarket.lt\/lt\/wp-json\/wp\/v2\/product"}],"about":[{"href":"https:\/\/baldumarket.lt\/lt\/wp-json\/wp\/v2\/types\/product"}],"replies":[{"embeddable":true,"href":"https:\/\/baldumarket.lt\/lt\/wp-json\/wp\/v2\/comments?post=340384"}],"wp:featuredmedia":[{"embeddable":true,"href":"https:\/\/baldumarket.lt\/lt\/wp-json\/wp\/v2\/media\/340385"}],"wp:attachment":[{"href":"https:\/\/baldumarket.lt\/lt\/wp-json\/wp\/v2\/media?parent=340384"}],"wp:term":[{"taxonomy":"product_brand","embeddable":true,"href":"https:\/\/baldumarket.lt\/lt\/wp-json\/wp\/v2\/product_brand?post=340384"},{"taxonomy":"product_cat","embeddable":true,"href":"https:\/\/baldumarket.lt\/lt\/wp-json\/wp\/v2\/product_cat?post=340384"},{"taxonomy":"product_tag","embeddable":true,"href":"https:\/\/baldumarket.lt\/lt\/wp-json\/wp\/v2\/product_tag?post=340384"}],"curies":[{"name":"wp","href":"https:\/\/api.w.org\/{rel}","templated":true}]}}