{"id":340380,"date":"2026-04-08T19:28:32","date_gmt":"2026-04-08T16:28:32","guid":{"rendered":"https:\/\/baldumarket.lt\/product\/3d-azuoline-spinta\/"},"modified":"2026-04-08T21:35:44","modified_gmt":"2026-04-08T18:35:44","slug":"3d-azuoline-spinta","status":"publish","type":"product","link":"https:\/\/baldumarket.lt\/lt\/product\/3d-azuoline-spinta\/","title":{"rendered":"3D \u0105\u017euolin\u0117 spinta"},"content":{"rendered":"<p>Trij\u0173 dur\u0173 spinta TONI 3. Spintos fasadai pagaminti i\u0161 \u0105\u017euolo medienos, o korpusas \u2013 i\u0161 faneruotos med\u017eio dro\u017eli\u0173 plok\u0161t\u0117s. Matmenys:<br \/>\n\u2013 plotis: 152 cm<br \/>\n\u2013 auk\u0161tis: 205,5 cm<br \/>\n\u2013 gylis: 60 cm<\/p>","protected":false},"excerpt":{"rendered":"<p>Trij\u0173 dur\u0173 spinta TONI 3. Spintos fasadai pagaminti i\u0161 \u0105\u017euolo medienos, o korpusas \u2013 i\u0161 faneruotos med\u017eio dro\u017eli\u0173 plok\u0161t\u0117s. Matmenys: \u2013 plotis: 152 cm \u2013 auk\u0161tis: 205,5 cm \u2013 gylis: 60 cm<\/p>","protected":false},"featured_media":340381,"comment_status":"open","ping_status":"open","template":"","meta":[],"product_brand":[],"product_cat":[10176,1177],"product_tag":[],"class_list":{"0":"post-340380","1":"product","2":"type-product","3":"status-publish","4":"has-post-thumbnail","6":"product_cat-hugon-meble","7":"product_cat-wardrobes","9":"first","10":"instock","11":"purchasable","12":"product-type-simple"},"_links":{"self":[{"href":"https:\/\/baldumarket.lt\/lt\/wp-json\/wp\/v2\/product\/340380","targetHints":{"allow":["GET"]}}],"collection":[{"href":"https:\/\/baldumarket.lt\/lt\/wp-json\/wp\/v2\/product"}],"about":[{"href":"https:\/\/baldumarket.lt\/lt\/wp-json\/wp\/v2\/types\/product"}],"replies":[{"embeddable":true,"href":"https:\/\/baldumarket.lt\/lt\/wp-json\/wp\/v2\/comments?post=340380"}],"wp:featuredmedia":[{"embeddable":true,"href":"https:\/\/baldumarket.lt\/lt\/wp-json\/wp\/v2\/media\/340381"}],"wp:attachment":[{"href":"https:\/\/baldumarket.lt\/lt\/wp-json\/wp\/v2\/media?parent=340380"}],"wp:term":[{"taxonomy":"product_brand","embeddable":true,"href":"https:\/\/baldumarket.lt\/lt\/wp-json\/wp\/v2\/product_brand?post=340380"},{"taxonomy":"product_cat","embeddable":true,"href":"https:\/\/baldumarket.lt\/lt\/wp-json\/wp\/v2\/product_cat?post=340380"},{"taxonomy":"product_tag","embeddable":true,"href":"https:\/\/baldumarket.lt\/lt\/wp-json\/wp\/v2\/product_tag?post=340380"}],"curies":[{"name":"wp","href":"https:\/\/api.w.org\/{rel}","templated":true}]}}