{"id":340369,"date":"2026-04-08T19:28:22","date_gmt":"2026-04-08T16:28:22","guid":{"rendered":"https:\/\/baldumarket.lt\/product\/azuoline-spintele-su-stiklinemis-durimis-ir-medinemis-durimis-atlanta\/"},"modified":"2026-04-08T21:35:44","modified_gmt":"2026-04-08T18:35:44","slug":"azuoline-spintele-su-stiklinemis-durimis-ir-medinemis-durimis-atlanta","status":"publish","type":"product","link":"https:\/\/baldumarket.lt\/lt\/product\/azuoline-spintele-su-stiklinemis-durimis-ir-medinemis-durimis-atlanta\/","title":{"rendered":"\u0104\u017euolin\u0117 spintel\u0117 su stiklin\u0117mis durimis ir medin\u0117mis durimis \u201eAtlanta\u201c"},"content":{"rendered":"<p>Pristatome vien\u0105 i\u0161 \u201eAtlanta\u201c kolekcijos bald\u0173. \u0160ie baldai buvo sukurti \u017emon\u0117ms, ie\u0161kantiems \u012fdomi\u0173, moderni\u0173 sprendim\u0173, \u012frengiant savo svajoni\u0173 interjer\u0105.<br \/>\n\u0160i\u0105 kolekcij\u0105 sudaro 29 skirtingi, nepriklausomi baldai, kuriuos galima laisvai konfig\u016bruoti pridedant nauj\u0173 arba pertvarkant esamus. \u0160i kolekcija nuolat yra sand\u0117lyje, tod\u0117l jei pabost\u0173 bald\u0173 i\u0161vaizda, gal\u0117tum\u0117te lengvai pa\u012fvairinti savo nam\u0173 dekor\u0105 nekeisdami viso komplekto.<br \/>\n\u0160i modernaus stiliaus vitrina pagaminta i\u0161: \u0105\u017euolo masyvo fasad\u0173, faneruoto korpuso. Alyvuota apdaila sukuria labai stiling\u0105 i\u0161vaizd\u0105.<\/p>\n<p>Savyb\u0117s:<br \/>\n\u2022 Auk\u0161tis: 135 cm<br \/>\n\u2022 Plotis: 61 cm<br \/>\n\u2022 Gylis: 41 cm<br \/>\n\u0160is plonas baldas gali puikiai papildyti bet kok\u012f nam\u0173 interjer\u0105. Jo privalumai \u2013 galimyb\u0117 stal\u010diuose ir spintel\u0117se laikyti daugiau daikt\u0173. \u0160is baldas priklauso \u201eAtlanta Natural Oak\u201c kolekcijai, pagamintai i\u0161 \u0161viesios medienos. J\u012f galima naudoti kuriant \u012fvairius stilius \u2013 nuo klasikinio iki modernesnio ir net minimalistinio.<\/p>\n<p>\u0160i kolona yra labai prakti\u0161kas baldas. Ji neu\u017eima daug vietos, tod\u0117l gali b\u016bti pastatyta ir ma\u017eesniuose kambariuose. Vir\u0161utin\u0117je dalyje yra stiklin\u0117 lentyna, puikiai tinkanti dekoratyviniams stikliniams indams, ma\u017eesniems stalo \u012frankiams ar kavos ar arbatos rinkiniams eksponuoti. Apatin\u0117je dalyje yra erdvios spintel\u0117s be ranken\u0117li\u0173. Kaip \u0161ios serijos dalis, \u0161is baldas geriausiai atrodo derinamas su kitais baldais. J\u012f galima naudoti svetain\u0117je, valgomajame ar net biure. Stiklin\u0119 lentyn\u0105 galima ap\u0161viesti, suteikiant papildomo estetinio akcento.<\/p>","protected":false},"excerpt":{"rendered":"<p>Pristatome vien\u0105 i\u0161 \u201eAtlanta\u201c kolekcijos bald\u0173. \u0160ie baldai buvo sukurti \u017emon\u0117ms, ie\u0161kantiems \u012fdomi\u0173, moderni\u0173 sprendim\u0173, \u012frengiant savo svajoni\u0173 interjer\u0105. \u0160i\u0105 kolekcij\u0105 sudaro 29 skirtingi, nepriklausomi baldai, kuriuos galima laisvai konfig\u016bruoti pridedant nauj\u0173 arba pertvarkant esamus. \u0160i kolekcija nuolat atnaujinama [\u2026]<\/p>","protected":false},"featured_media":340370,"comment_status":"open","ping_status":"open","template":"","meta":[],"product_brand":[],"product_cat":[10176,2006],"product_tag":[],"class_list":{"0":"post-340369","1":"product","2":"type-product","3":"status-publish","4":"has-post-thumbnail","6":"product_cat-hugon-meble","7":"product_cat-vitrines","9":"first","10":"instock","11":"purchasable","12":"product-type-simple"},"_links":{"self":[{"href":"https:\/\/baldumarket.lt\/lt\/wp-json\/wp\/v2\/product\/340369","targetHints":{"allow":["GET"]}}],"collection":[{"href":"https:\/\/baldumarket.lt\/lt\/wp-json\/wp\/v2\/product"}],"about":[{"href":"https:\/\/baldumarket.lt\/lt\/wp-json\/wp\/v2\/types\/product"}],"replies":[{"embeddable":true,"href":"https:\/\/baldumarket.lt\/lt\/wp-json\/wp\/v2\/comments?post=340369"}],"wp:featuredmedia":[{"embeddable":true,"href":"https:\/\/baldumarket.lt\/lt\/wp-json\/wp\/v2\/media\/340370"}],"wp:attachment":[{"href":"https:\/\/baldumarket.lt\/lt\/wp-json\/wp\/v2\/media?parent=340369"}],"wp:term":[{"taxonomy":"product_brand","embeddable":true,"href":"https:\/\/baldumarket.lt\/lt\/wp-json\/wp\/v2\/product_brand?post=340369"},{"taxonomy":"product_cat","embeddable":true,"href":"https:\/\/baldumarket.lt\/lt\/wp-json\/wp\/v2\/product_cat?post=340369"},{"taxonomy":"product_tag","embeddable":true,"href":"https:\/\/baldumarket.lt\/lt\/wp-json\/wp\/v2\/product_tag?post=340369"}],"curies":[{"name":"wp","href":"https:\/\/api.w.org\/{rel}","templated":true}]}}