{"id":340360,"date":"2026-04-08T19:28:12","date_gmt":"2026-04-08T16:28:12","guid":{"rendered":"https:\/\/baldumarket.lt\/product\/malu-naktinis-staliukas\/"},"modified":"2026-04-08T21:55:55","modified_gmt":"2026-04-08T18:55:55","slug":"malu-naktinis-staliukas","status":"publish","type":"product","link":"https:\/\/baldumarket.lt\/lt\/product\/malu-naktinis-staliukas\/","title":{"rendered":"MALU naktinis staliukas"},"content":{"rendered":"<p>\u0160is modernaus stiliaus naktinis staliukas pagamintas i\u0161 tvirtos \u0105\u017euolo medienos. Alyvuota apdaila suteikia jam labai stiling\u0105 i\u0161vaizd\u0105.<br \/>\nSavyb\u0117s:<br \/>\n\u2022 Auk\u0161tis: 40 cm<br \/>\n\u2022 Plotis: 40 cm<br \/>\n\u2022 Gylis: 30 cm<\/p>","protected":false},"excerpt":{"rendered":"<p>This modern-style bedside table is crafted from solid oak. The oiled finish creates a very stylish look. Features: \u2022 Height: 40 cm \u2022 Width: 40 cm \u2022 Depth: 30 cm<\/p>","protected":false},"featured_media":340361,"comment_status":"open","ping_status":"open","template":"","meta":[],"product_brand":[],"product_cat":[10176,1176],"product_tag":[],"class_list":{"0":"post-340360","1":"product","2":"type-product","3":"status-publish","4":"has-post-thumbnail","6":"product_cat-hugon-meble","7":"product_cat-bedside-tables","9":"first","10":"instock","11":"purchasable","12":"product-type-simple"},"_links":{"self":[{"href":"https:\/\/baldumarket.lt\/lt\/wp-json\/wp\/v2\/product\/340360","targetHints":{"allow":["GET"]}}],"collection":[{"href":"https:\/\/baldumarket.lt\/lt\/wp-json\/wp\/v2\/product"}],"about":[{"href":"https:\/\/baldumarket.lt\/lt\/wp-json\/wp\/v2\/types\/product"}],"replies":[{"embeddable":true,"href":"https:\/\/baldumarket.lt\/lt\/wp-json\/wp\/v2\/comments?post=340360"}],"wp:featuredmedia":[{"embeddable":true,"href":"https:\/\/baldumarket.lt\/lt\/wp-json\/wp\/v2\/media\/340361"}],"wp:attachment":[{"href":"https:\/\/baldumarket.lt\/lt\/wp-json\/wp\/v2\/media?parent=340360"}],"wp:term":[{"taxonomy":"product_brand","embeddable":true,"href":"https:\/\/baldumarket.lt\/lt\/wp-json\/wp\/v2\/product_brand?post=340360"},{"taxonomy":"product_cat","embeddable":true,"href":"https:\/\/baldumarket.lt\/lt\/wp-json\/wp\/v2\/product_cat?post=340360"},{"taxonomy":"product_tag","embeddable":true,"href":"https:\/\/baldumarket.lt\/lt\/wp-json\/wp\/v2\/product_tag?post=340360"}],"curies":[{"name":"wp","href":"https:\/\/api.w.org\/{rel}","templated":true}]}}