{"id":340340,"date":"2026-04-08T19:27:52","date_gmt":"2026-04-08T16:27:52","guid":{"rendered":"https:\/\/baldumarket.lt\/product\/lola-azuoline-televizoriaus-spintele\/"},"modified":"2026-04-08T21:35:35","modified_gmt":"2026-04-08T18:35:35","slug":"lola-azuoline-televizoriaus-spintele","status":"publish","type":"product","link":"https:\/\/baldumarket.lt\/lt\/product\/lola-azuoline-televizoriaus-spintele\/","title":{"rendered":"LOLA \u0105\u017euolin\u0117 televizoriaus spintel\u0117"},"content":{"rendered":"<p>\u201eLOLA\u201c kolekcija derina kaimi\u0161k\u0105 stili\u0173 su modernumo prisilietimu, kaip ai\u0161kiai matyti prid\u0117tose bald\u0173 nuotraukose. \u0160i\u0105 kolekcij\u0105 sudaro devyni baldai, si\u016blomi \u012fvairi\u0173 dyd\u017ei\u0173 ir auk\u0161\u010di\u0173. Visi \u0161ios kolekcijos baldai pagaminti i\u0161 atrinktos, auk\u0161\u010diausios kokyb\u0117s \u0105\u017euolo medienos ir kruop\u0161\u010diai apsaugoti nat\u016braliais augaliniais aliejais. Ak\u012f traukia \u0161e\u0161\u0117liuotos lentos motyvas ir metalin\u0117s rankenos, kurios dar labiau sustiprina j\u0173 patrauklum\u0105. Visa kolekcija pasi\u017eymi nepriekai\u0161tinga estetika ir tvirtu meistri\u0161kumu. Kaip \u017einome, medin\u0117s lentos niekada neatrodo vienodai, tod\u0117l kiekviena kolekcija yra unikali savaip.<br \/>\n3997 LOLA TV staliuk\u0105 sudaro trys atviros lentynos ir trys lentynos, u\u017edengtos medin\u0117mis durel\u0117mis. Spintel\u0117 pagaminta i\u0161 tvirtos \u0105\u017euolo medienos, su faneruotos lentos r\u0117mu ir laminuotos lentos lentynomis. Patvarus, esteti\u0161kas ir kruop\u0161\u010diai apdirbtas. Savyb\u0117s:<br \/>\nAuk\u0161tis: 52,5 cm<br \/>\nPlotis: 162,5 cm<br \/>\nGylis: 40,5 cm<\/p>","protected":false},"excerpt":{"rendered":"<p>\u201eLOLA\u201c kolekcijoje dera kaimi\u0161kas stilius su modernumo prieskoniu, kaip ai\u0161kiai matyti prid\u0117tose bald\u0173 nuotraukose. \u0160i\u0105 kolekcij\u0105 sudaro devyni baldai, si\u016blomi \u012fvairi\u0173 dyd\u017ei\u0173 ir auk\u0161\u010di\u0173. Visi \u0161ios kolekcijos baldai pagaminti i\u0161 atrinktos, auk\u0161\u010diausios kokyb\u0117s \u0105\u017euolo medienos ir kruop\u0161\u010diai apsaugoti nat\u016braliais augaliniais aliejais. \u0160e\u0161\u0117linis lent\u0173 motyvas ir [\u2026]<\/p>","protected":false},"featured_media":340341,"comment_status":"open","ping_status":"open","template":"","meta":[],"product_brand":[],"product_cat":[10176,1175],"product_tag":[],"class_list":{"0":"post-340340","1":"product","2":"type-product","3":"status-publish","4":"has-post-thumbnail","6":"product_cat-hugon-meble","7":"product_cat-tv-stands","9":"first","10":"instock","11":"purchasable","12":"product-type-simple"},"_links":{"self":[{"href":"https:\/\/baldumarket.lt\/lt\/wp-json\/wp\/v2\/product\/340340","targetHints":{"allow":["GET"]}}],"collection":[{"href":"https:\/\/baldumarket.lt\/lt\/wp-json\/wp\/v2\/product"}],"about":[{"href":"https:\/\/baldumarket.lt\/lt\/wp-json\/wp\/v2\/types\/product"}],"replies":[{"embeddable":true,"href":"https:\/\/baldumarket.lt\/lt\/wp-json\/wp\/v2\/comments?post=340340"}],"wp:featuredmedia":[{"embeddable":true,"href":"https:\/\/baldumarket.lt\/lt\/wp-json\/wp\/v2\/media\/340341"}],"wp:attachment":[{"href":"https:\/\/baldumarket.lt\/lt\/wp-json\/wp\/v2\/media?parent=340340"}],"wp:term":[{"taxonomy":"product_brand","embeddable":true,"href":"https:\/\/baldumarket.lt\/lt\/wp-json\/wp\/v2\/product_brand?post=340340"},{"taxonomy":"product_cat","embeddable":true,"href":"https:\/\/baldumarket.lt\/lt\/wp-json\/wp\/v2\/product_cat?post=340340"},{"taxonomy":"product_tag","embeddable":true,"href":"https:\/\/baldumarket.lt\/lt\/wp-json\/wp\/v2\/product_tag?post=340340"}],"curies":[{"name":"wp","href":"https:\/\/api.w.org\/{rel}","templated":true}]}}