{"id":340334,"date":"2026-04-08T19:27:42","date_gmt":"2026-04-08T16:27:42","guid":{"rendered":"https:\/\/baldumarket.lt\/product\/tina-azuoline-televizoriaus-spintele-2\/"},"modified":"2026-04-08T21:35:35","modified_gmt":"2026-04-08T18:35:35","slug":"tina-azuoline-televizoriaus-spintele-2","status":"publish","type":"product","link":"https:\/\/baldumarket.lt\/lt\/product\/tina-azuoline-televizoriaus-spintele-2\/","title":{"rendered":"TINA \u0105\u017euolin\u0117 televizoriaus spintel\u0117"},"content":{"rendered":"<p>\u0160is \u017eemas televizoriaus staliukas puikiai papildys svetain\u0119 ar darbo kambar\u012f, apstatyt\u0105 TINA kolekcijos baldais. I\u0161skirtinis jo bruo\u017eas \u2013 gana neapdorota medienos i\u0161vaizda. Baldai buvo sukurti galvojant apie modernaus, minimalistinio interjero m\u0117g\u0117jus.<br \/>\nStalas turi du stal\u010dius, o vir\u0161 j\u0173 yra lentyna televizoriaus prietaisams. Stalas taip pat gali b\u016bti su dviem spintel\u0117mis. D\u0117l kompakti\u0161ko dyd\u017eio jis tilps net ir labai ma\u017euose kambariuose. Jis puikiai dera su patogiu svetain\u0117s baldu. Medinius baldus rekomenduojama laikyti atokiau nuo \u0161ilumos \u0161altini\u0173.<br \/>\nPagaminta i\u0161 med\u017eio masyvo \u2013 priekis, faneruotos plok\u0161t\u0117s korpusas ir baldin\u0117s plok\u0161t\u0117s lentynos.<br \/>\nSavyb\u0117s:<br \/>\nAuk\u0161tis: 600 mm<br \/>\nPlotis: 1380 mm<br \/>\nGylis: 450 mm<\/p>","protected":false},"excerpt":{"rendered":"<p>This low TV stand is the perfect complement to a living room or den furnished with furniture from the TINA collection. Its distinctive feature is the rather raw look of the wood. The furniture was created with lovers of modern, minimalist interiors in mind. The table has two drawers, and above the drawers is a [&hellip;]<\/p>","protected":false},"featured_media":340335,"comment_status":"open","ping_status":"open","template":"","meta":[],"product_brand":[],"product_cat":[10176,1175],"product_tag":[],"class_list":{"0":"post-340334","1":"product","2":"type-product","3":"status-publish","4":"has-post-thumbnail","6":"product_cat-hugon-meble","7":"product_cat-tv-stands","9":"first","10":"instock","11":"purchasable","12":"product-type-simple"},"_links":{"self":[{"href":"https:\/\/baldumarket.lt\/lt\/wp-json\/wp\/v2\/product\/340334","targetHints":{"allow":["GET"]}}],"collection":[{"href":"https:\/\/baldumarket.lt\/lt\/wp-json\/wp\/v2\/product"}],"about":[{"href":"https:\/\/baldumarket.lt\/lt\/wp-json\/wp\/v2\/types\/product"}],"replies":[{"embeddable":true,"href":"https:\/\/baldumarket.lt\/lt\/wp-json\/wp\/v2\/comments?post=340334"}],"wp:featuredmedia":[{"embeddable":true,"href":"https:\/\/baldumarket.lt\/lt\/wp-json\/wp\/v2\/media\/340335"}],"wp:attachment":[{"href":"https:\/\/baldumarket.lt\/lt\/wp-json\/wp\/v2\/media?parent=340334"}],"wp:term":[{"taxonomy":"product_brand","embeddable":true,"href":"https:\/\/baldumarket.lt\/lt\/wp-json\/wp\/v2\/product_brand?post=340334"},{"taxonomy":"product_cat","embeddable":true,"href":"https:\/\/baldumarket.lt\/lt\/wp-json\/wp\/v2\/product_cat?post=340334"},{"taxonomy":"product_tag","embeddable":true,"href":"https:\/\/baldumarket.lt\/lt\/wp-json\/wp\/v2\/product_tag?post=340334"}],"curies":[{"name":"wp","href":"https:\/\/api.w.org\/{rel}","templated":true}]}}