{"id":340331,"date":"2026-04-08T19:27:38","date_gmt":"2026-04-08T16:27:38","guid":{"rendered":"https:\/\/baldumarket.lt\/product\/tina-azuoline-televizoriaus-spintele\/"},"modified":"2026-04-08T21:35:26","modified_gmt":"2026-04-08T18:35:26","slug":"tina-azuoline-televizoriaus-spintele","status":"publish","type":"product","link":"https:\/\/baldumarket.lt\/lt\/product\/tina-azuoline-televizoriaus-spintele\/","title":{"rendered":"TINA \u0105\u017euolin\u0117 televizoriaus spintel\u0117"},"content":{"rendered":"<p>\u0104\u017euolinis televizoriaus staliukas<br \/>\n\u0160is televizoriaus staliukas yra TINA kolekcijos dalis. Tai minimalistinis, i\u0161skirtinai eleganti\u0161kas baldas, tinkantis bet kokiam kambariui, kuriame yra televizorius ir susij\u0119 prietaisai. Jis puikiai dera su kitais serijos, paremtos vien nat\u016braliu medienos gro\u017eiu, baldais. Visi kolekcijos baldai yra apdoroti nat\u016braliais augaliniais aliejais, kurie ne tik apsaugo, bet ir i\u0161ry\u0161kina medienos ra\u0161t\u0105.<br \/>\n\u0160is medinis televizoriaus staliukas puikiai atrodo bet kokiame interjere.<br \/>\nStovas turi lentyn\u0105 ir dvi spinteles \u0161onuose. Jis be dekoracij\u0173. Ry\u0161kus dekoratyvinis elementas \u2013 vertikalus med\u017eio ra\u0161to motyvas, primenantis lent\u0105. Centrin\u0117se lentynose galima laikyti nuotolinio valdymo pultelius. D\u0117l ma\u017eo dyd\u017eio baldas tinka net ma\u017euose kambariuose arba kaip atskiro televizoriaus kampelio dalis. J\u012f galima derinti su patogiu svetain\u0117s bald\u0173 komplektu. Priekin\u0117 dalis pagaminta i\u0161 \u0105\u017euolo masyvo, o korpusas \u2013 i\u0161 lentos, klijuotos fanera. Savyb\u0117s:<br \/>\nAuk\u0161tis: 520 mm<br \/>\nPlotis: 1685 mm<br \/>\nGylis: 450 mm<\/p>","protected":false},"excerpt":{"rendered":"<p>\u0104\u017euolinis televizoriaus staliukas \u0160is televizoriaus staliukas yra TINA kolekcijos dalis. Tai minimalistinis, i\u0161skirtinai eleganti\u0161kas baldas, tinkantis bet kokiam kambariui, kuriame yra televizorius ir susij\u0119 prietaisai. Jis puikiai dera su kitais serijos, paremtos nat\u016braliu med\u017eio gro\u017eiu, gaminiais. Visi kolekcijos gaminiai turi [\u2026]<\/p>","protected":false},"featured_media":340332,"comment_status":"open","ping_status":"open","template":"","meta":[],"product_brand":[],"product_cat":[10176,1175],"product_tag":[],"class_list":{"0":"post-340331","1":"product","2":"type-product","3":"status-publish","4":"has-post-thumbnail","6":"product_cat-hugon-meble","7":"product_cat-tv-stands","9":"first","10":"instock","11":"purchasable","12":"product-type-simple"},"_links":{"self":[{"href":"https:\/\/baldumarket.lt\/lt\/wp-json\/wp\/v2\/product\/340331","targetHints":{"allow":["GET"]}}],"collection":[{"href":"https:\/\/baldumarket.lt\/lt\/wp-json\/wp\/v2\/product"}],"about":[{"href":"https:\/\/baldumarket.lt\/lt\/wp-json\/wp\/v2\/types\/product"}],"replies":[{"embeddable":true,"href":"https:\/\/baldumarket.lt\/lt\/wp-json\/wp\/v2\/comments?post=340331"}],"wp:featuredmedia":[{"embeddable":true,"href":"https:\/\/baldumarket.lt\/lt\/wp-json\/wp\/v2\/media\/340332"}],"wp:attachment":[{"href":"https:\/\/baldumarket.lt\/lt\/wp-json\/wp\/v2\/media?parent=340331"}],"wp:term":[{"taxonomy":"product_brand","embeddable":true,"href":"https:\/\/baldumarket.lt\/lt\/wp-json\/wp\/v2\/product_brand?post=340331"},{"taxonomy":"product_cat","embeddable":true,"href":"https:\/\/baldumarket.lt\/lt\/wp-json\/wp\/v2\/product_cat?post=340331"},{"taxonomy":"product_tag","embeddable":true,"href":"https:\/\/baldumarket.lt\/lt\/wp-json\/wp\/v2\/product_tag?post=340331"}],"curies":[{"name":"wp","href":"https:\/\/api.w.org\/{rel}","templated":true}]}}