{"id":340273,"date":"2026-04-08T19:26:34","date_gmt":"2026-04-08T16:26:34","guid":{"rendered":"https:\/\/baldumarket.lt\/product\/lola-viengule-auksta-azuoline-vitrina\/"},"modified":"2026-04-08T21:55:55","modified_gmt":"2026-04-08T18:55:55","slug":"lola-viengule-auksta-azuoline-vitrina","status":"publish","type":"product","link":"https:\/\/baldumarket.lt\/lt\/product\/lola-viengule-auksta-azuoline-vitrina\/","title":{"rendered":"LOLA viengul\u0117 auk\u0161ta \u0105\u017euolin\u0117 vitrina"},"content":{"rendered":"<p>\u201eLOLA\u201c kolekcija derina kaimi\u0161k\u0105 stili\u0173 su modernumo prisilietimu, kaip ai\u0161kiai matyti pridedamose bald\u0173 nuotraukose. \u0160i\u0105 kolekcij\u0105 sudaro devyni baldai, si\u016blomi \u012fvairi\u0173 dyd\u017ei\u0173 ir auk\u0161\u010di\u0173. Visi \u0161ios kolekcijos baldai pagaminti i\u0161 atrinktos, auk\u0161\u010diausios kokyb\u0117s \u0105\u017euolo medienos ir kruop\u0161\u010diai apsaugoti nat\u016braliais augaliniais aliejais. Ak\u012f traukiantis \u0161e\u0161\u0117liuot\u0173 lent\u0173 motyvas ir metalin\u0117s rankenos, kurios dar labiau i\u0161ry\u0161kina bald\u0105, yra ypa\u010d ak\u012f traukiantys. Visai kolekcijai b\u016bdinga nepriekai\u0161tinga estetika ir tvirta meistryst\u0117. Kaip \u017einome, medin\u0117s lentos niekada neatrodo vienodai, tod\u0117l kiekviena kolekcija yra unikali savaip.<br \/>\nLOLA 3991 vitrina yra viengul\u0117, auk\u0161ta spintel\u0117. Vir\u0161utin\u0117je dalyje su stiklin\u0117mis durel\u0117mis yra dvi stiklin\u0117s lentynos, kurias galima ap\u0161viesti, kad b\u016bt\u0173 sukurtas ry\u0161kesnis vizualinis efektas. Apatin\u0117je dalyje yra dvi lentynos, pasl\u0117ptos medin\u0117mis durel\u0117mis. Spintel\u0117 pagaminta i\u0161 \u0105\u017euolo masyvo, su faneruotos plok\u0161t\u0117s korpusu ir laminuotos plok\u0161t\u0117s lentynomis.<br \/>\nSavyb\u0117s:<br \/>\n\u016agis: 196,5 cm<br \/>\nPlotis: 62,5 cm<br \/>\nGylis: 40,5 cm<\/p>","protected":false},"excerpt":{"rendered":"<p>LOLA kolekcija derina kaimi\u0161k\u0105 stili\u0173 su modernumo prisilietimu, kaip ai\u0161kiai matyti prid\u0117tose bald\u0173 nuotraukose. \u0160i\u0105 kolekcij\u0105 sudaro devyni baldai, si\u016blomi \u012fvairi\u0173 dyd\u017ei\u0173 ir auk\u0161\u010di\u0173. Visi \u0161ios kolekcijos baldai pagaminti i\u0161 atrinktos, auk\u0161\u010diausios kokyb\u0117s \u0105\u017euolo medienos ir kruop\u0161\u010diai apsaugoti nat\u016braliais augaliniais aliejais. Ak\u012f traukiantis \u0161e\u0161\u0117liuotas lent\u0173 motyvas [\u2026]<\/p>","protected":false},"featured_media":340274,"comment_status":"open","ping_status":"open","template":"","meta":[],"product_brand":[],"product_cat":[10176,2006],"product_tag":[],"class_list":{"0":"post-340273","1":"product","2":"type-product","3":"status-publish","4":"has-post-thumbnail","6":"product_cat-hugon-meble","7":"product_cat-vitrines","9":"first","10":"instock","11":"purchasable","12":"product-type-simple"},"_links":{"self":[{"href":"https:\/\/baldumarket.lt\/lt\/wp-json\/wp\/v2\/product\/340273","targetHints":{"allow":["GET"]}}],"collection":[{"href":"https:\/\/baldumarket.lt\/lt\/wp-json\/wp\/v2\/product"}],"about":[{"href":"https:\/\/baldumarket.lt\/lt\/wp-json\/wp\/v2\/types\/product"}],"replies":[{"embeddable":true,"href":"https:\/\/baldumarket.lt\/lt\/wp-json\/wp\/v2\/comments?post=340273"}],"wp:featuredmedia":[{"embeddable":true,"href":"https:\/\/baldumarket.lt\/lt\/wp-json\/wp\/v2\/media\/340274"}],"wp:attachment":[{"href":"https:\/\/baldumarket.lt\/lt\/wp-json\/wp\/v2\/media?parent=340273"}],"wp:term":[{"taxonomy":"product_brand","embeddable":true,"href":"https:\/\/baldumarket.lt\/lt\/wp-json\/wp\/v2\/product_brand?post=340273"},{"taxonomy":"product_cat","embeddable":true,"href":"https:\/\/baldumarket.lt\/lt\/wp-json\/wp\/v2\/product_cat?post=340273"},{"taxonomy":"product_tag","embeddable":true,"href":"https:\/\/baldumarket.lt\/lt\/wp-json\/wp\/v2\/product_tag?post=340273"}],"curies":[{"name":"wp","href":"https:\/\/api.w.org\/{rel}","templated":true}]}}