{"id":340208,"date":"2026-04-08T19:25:36","date_gmt":"2026-04-08T16:25:36","guid":{"rendered":"https:\/\/baldumarket.lt\/product\/tina-dviguba-vitrina\/"},"modified":"2026-04-11T13:41:35","modified_gmt":"2026-04-11T10:41:35","slug":"tina-dviguba-vitrina","status":"publish","type":"product","link":"https:\/\/baldumarket.lt\/lt\/product\/tina-dviguba-vitrina\/","title":{"rendered":"TINA dviguba vitrina"},"content":{"rendered":"<p>TINA vitrina \u2013 prakti\u0161kas, ta\u010diau ne\u012ftik\u0117tinai \u012fsp\u016bdingas baldas. Ji puikiai tinka interjerui, kuriame jau yra \u201eAlaska\u201c kolekcijos bald\u0173. Ji pasi\u017eymi visais \u0161ios serijos bruo\u017eais. Pagaminta i\u0161 med\u017eio masyvo \u2013 priekin\u0117 dalis ir korpusas pagaminti i\u0161 faneruotos lentos. Lentos kruop\u0161\u010diai apsaugotos nat\u016braliais augaliniais aliejais. Vitrina yra be dekoracij\u0173. Ak\u012f traukiantis akcentas \u2013 \u0161e\u0161\u0117liuotos lentos motyvas ant dviej\u0173 spinteli\u0173. Spintel\u0117je yra keturios stiklin\u0117s lentynos, einan\u010dios per vis\u0105 spintel\u0117s plot\u012f. Taip pat yra ma\u017eesni\u0173 vitrin\u0173.<br \/>\nPagaminta i\u0161 med\u017eio masyvo \u2013 priekis pagamintas i\u0161 baldin\u0117s plok\u0161t\u0117s, korpusas \u2013 i\u0161 faneruotos plok\u0161t\u0117s, o lentynos \u2013 i\u0161 baldin\u0117s plok\u0161t\u0117s.<br \/>\nSavyb\u0117s:<br \/>\nAuk\u0161tis: 1990 mm<br \/>\nPlotis: 1080 mm<br \/>\nGylis: 400 mm<br \/>\nMatin\u0117s juodos metalin\u0117s kojel\u0117s ir rankenos<\/p>","protected":false},"excerpt":{"rendered":"<p>TINA vitrina \u2013 prakti\u0161kas, ta\u010diau ne\u012ftik\u0117tinai \u012fsp\u016bdingas baldas. Ji puikiai tinka interjerams, kuriuose jau yra \u201eAlaska\u201c kolekcijos bald\u0173. Ji pasi\u017eymi visais \u0161ios serijos bruo\u017eais. Pagaminta i\u0161 med\u017eio masyvo \u2013 priekin\u0117 dalis ir korpusas pagaminti i\u0161 faneruotos lentos. Lentos buvo kruop\u0161\u010diai apsaugotos [\u2026]<\/p>","protected":false},"featured_media":340209,"comment_status":"open","ping_status":"open","template":"","meta":[],"product_brand":[],"product_cat":[10176,2006],"product_tag":[],"class_list":{"0":"post-340208","1":"product","2":"type-product","3":"status-publish","4":"has-post-thumbnail","6":"product_cat-hugon-meble","7":"product_cat-vitrines","9":"first","10":"instock","11":"purchasable","12":"product-type-simple"},"_links":{"self":[{"href":"https:\/\/baldumarket.lt\/lt\/wp-json\/wp\/v2\/product\/340208","targetHints":{"allow":["GET"]}}],"collection":[{"href":"https:\/\/baldumarket.lt\/lt\/wp-json\/wp\/v2\/product"}],"about":[{"href":"https:\/\/baldumarket.lt\/lt\/wp-json\/wp\/v2\/types\/product"}],"replies":[{"embeddable":true,"href":"https:\/\/baldumarket.lt\/lt\/wp-json\/wp\/v2\/comments?post=340208"}],"wp:featuredmedia":[{"embeddable":true,"href":"https:\/\/baldumarket.lt\/lt\/wp-json\/wp\/v2\/media\/340209"}],"wp:attachment":[{"href":"https:\/\/baldumarket.lt\/lt\/wp-json\/wp\/v2\/media?parent=340208"}],"wp:term":[{"taxonomy":"product_brand","embeddable":true,"href":"https:\/\/baldumarket.lt\/lt\/wp-json\/wp\/v2\/product_brand?post=340208"},{"taxonomy":"product_cat","embeddable":true,"href":"https:\/\/baldumarket.lt\/lt\/wp-json\/wp\/v2\/product_cat?post=340208"},{"taxonomy":"product_tag","embeddable":true,"href":"https:\/\/baldumarket.lt\/lt\/wp-json\/wp\/v2\/product_tag?post=340208"}],"curies":[{"name":"wp","href":"https:\/\/api.w.org\/{rel}","templated":true}]}}