{"id":340205,"date":"2026-04-08T19:25:32","date_gmt":"2026-04-08T16:25:32","guid":{"rendered":"https:\/\/baldumarket.lt\/product\/tina-vienguba-vitrina\/"},"modified":"2026-04-08T21:55:35","modified_gmt":"2026-04-08T18:55:35","slug":"tina-vienguba-vitrina","status":"publish","type":"product","link":"https:\/\/baldumarket.lt\/lt\/product\/tina-vienguba-vitrina\/","title":{"rendered":"TINA vienguba vitrina"},"content":{"rendered":"<p>Auk\u0161ta vitrina i\u0161 TINA kolekcijos \u2013 minimalistinis valgomojo ar svetain\u0117s pasirinkimas. Ji gali b\u016bti savaranki\u0161ka dizaino elementas arba bet kuriuo metu derinama su kitais kolekcijos baldais. \u0160iek tiek grie\u017eta, ta\u010diau sukuria masyvumo \u012fsp\u016bd\u012f. Vienintelis dekoratyvinis elementas \u2013 med\u017eio \u0161e\u0161\u0117liavimas, primenantis skersai sulankstytas lentas. Spintel\u0119 sudaro stiklin\u0117 dalis su dviem lentynomis. \u0160iose lentynose galima laikyti stalo \u012frankius, dekoratyvinius stiklinius indus ar nieku\u010dius. Apatin\u0117je dalyje yra trys mediniai stal\u010diai. D\u0117l savo dyd\u017eio \u0161is baldas tinka ne tik erdvioms patalpoms, bet ir ma\u017eesn\u0117ms, arba atskirai valgomojo zonai. Stiklin\u0117s lentynos gali b\u016bti papildomai ap\u0161viestos, kad b\u016bt\u0173 sukurtas ry\u0161kesnis vizualinis efektas. Medini\u0173 bald\u0173 rekomenduojama nestatyti per arti \u0161ilumos \u0161altinio. Pagaminta i\u0161 med\u017eio masyvo \u2013 spintel\u0117s priekis, korpusas \u2013 i\u0161 faneruotos plok\u0161t\u0117s, o lentynos \u2013 i\u0161 baldin\u0117s plok\u0161t\u0117s.<br \/>\nSavyb\u0117s:<br \/>\nAuk\u0161tis: 1990 mm<br \/>\nPlotis: 675 mm<br \/>\nGylis: 400 mm<\/p>","protected":false},"excerpt":{"rendered":"<p>Auk\u0161ta vitrina i\u0161 TINA kolekcijos \u2013 minimalistinis valgomojo ar svetain\u0117s pasirinkimas. Ji gali b\u016bti savaranki\u0161ka dizaino elementas arba bet kuriuo metu derinama su kitais kolekcijos baldais. \u0160iek tiek grie\u017eta, ji sukuria masyvumo \u012fsp\u016bd\u012f. Vienintelis dekoratyvinis elementas yra [\u2026]<\/p>","protected":false},"featured_media":340206,"comment_status":"open","ping_status":"open","template":"","meta":[],"product_brand":[],"product_cat":[10176,2006],"product_tag":[],"class_list":{"0":"post-340205","1":"product","2":"type-product","3":"status-publish","4":"has-post-thumbnail","6":"product_cat-hugon-meble","7":"product_cat-vitrines","9":"first","10":"instock","11":"purchasable","12":"product-type-simple"},"_links":{"self":[{"href":"https:\/\/baldumarket.lt\/lt\/wp-json\/wp\/v2\/product\/340205","targetHints":{"allow":["GET"]}}],"collection":[{"href":"https:\/\/baldumarket.lt\/lt\/wp-json\/wp\/v2\/product"}],"about":[{"href":"https:\/\/baldumarket.lt\/lt\/wp-json\/wp\/v2\/types\/product"}],"replies":[{"embeddable":true,"href":"https:\/\/baldumarket.lt\/lt\/wp-json\/wp\/v2\/comments?post=340205"}],"wp:featuredmedia":[{"embeddable":true,"href":"https:\/\/baldumarket.lt\/lt\/wp-json\/wp\/v2\/media\/340206"}],"wp:attachment":[{"href":"https:\/\/baldumarket.lt\/lt\/wp-json\/wp\/v2\/media?parent=340205"}],"wp:term":[{"taxonomy":"product_brand","embeddable":true,"href":"https:\/\/baldumarket.lt\/lt\/wp-json\/wp\/v2\/product_brand?post=340205"},{"taxonomy":"product_cat","embeddable":true,"href":"https:\/\/baldumarket.lt\/lt\/wp-json\/wp\/v2\/product_cat?post=340205"},{"taxonomy":"product_tag","embeddable":true,"href":"https:\/\/baldumarket.lt\/lt\/wp-json\/wp\/v2\/product_tag?post=340205"}],"curies":[{"name":"wp","href":"https:\/\/api.w.org\/{rel}","templated":true}]}}