{"id":340203,"date":"2026-04-08T19:25:29","date_gmt":"2026-04-08T16:25:29","guid":{"rendered":"https:\/\/baldumarket.lt\/product\/stalciaus-ideklas-azuolinems-spintoms\/"},"modified":"2026-04-08T21:35:05","modified_gmt":"2026-04-08T18:35:05","slug":"stalciaus-ideklas-azuolinems-spintoms","status":"publish","type":"product","link":"https:\/\/baldumarket.lt\/lt\/product\/stalciaus-ideklas-azuolinems-spintoms\/","title":{"rendered":"Stal\u010diaus \u012fd\u0117klas \u0105\u017euolin\u0117ms spintoms"},"content":{"rendered":"<p>Stal\u010diaus \u012fd\u0117klas pagamintas i\u0161 med\u017eio dro\u017eli\u0173 plok\u0161t\u0117s. Matmenys:<br \/>\n\u2013 plotis: 48 cm<br \/>\n\u2013 auk\u0161tis: 63 cm<br \/>\n\u2013 gylis: 50 cm<\/p>","protected":false},"excerpt":{"rendered":"<p>Stal\u010diaus \u012fd\u0117klas pagamintas i\u0161 med\u017eio dro\u017eli\u0173 plok\u0161t\u0117s. Matmenys: \u2013 plotis: 48 cm \u2013 auk\u0161tis: 63 cm \u2013 gylis: 50 cm<\/p>","protected":false},"featured_media":340204,"comment_status":"open","ping_status":"open","template":"","meta":[],"product_brand":[],"product_cat":[10176,1043],"product_tag":[],"class_list":{"0":"post-340203","1":"product","2":"type-product","3":"status-publish","4":"has-post-thumbnail","6":"product_cat-hugon-meble","7":"product_cat-extras","9":"first","10":"instock","11":"purchasable","12":"product-type-simple"},"_links":{"self":[{"href":"https:\/\/baldumarket.lt\/lt\/wp-json\/wp\/v2\/product\/340203","targetHints":{"allow":["GET"]}}],"collection":[{"href":"https:\/\/baldumarket.lt\/lt\/wp-json\/wp\/v2\/product"}],"about":[{"href":"https:\/\/baldumarket.lt\/lt\/wp-json\/wp\/v2\/types\/product"}],"replies":[{"embeddable":true,"href":"https:\/\/baldumarket.lt\/lt\/wp-json\/wp\/v2\/comments?post=340203"}],"wp:featuredmedia":[{"embeddable":true,"href":"https:\/\/baldumarket.lt\/lt\/wp-json\/wp\/v2\/media\/340204"}],"wp:attachment":[{"href":"https:\/\/baldumarket.lt\/lt\/wp-json\/wp\/v2\/media?parent=340203"}],"wp:term":[{"taxonomy":"product_brand","embeddable":true,"href":"https:\/\/baldumarket.lt\/lt\/wp-json\/wp\/v2\/product_brand?post=340203"},{"taxonomy":"product_cat","embeddable":true,"href":"https:\/\/baldumarket.lt\/lt\/wp-json\/wp\/v2\/product_cat?post=340203"},{"taxonomy":"product_tag","embeddable":true,"href":"https:\/\/baldumarket.lt\/lt\/wp-json\/wp\/v2\/product_tag?post=340203"}],"curies":[{"name":"wp","href":"https:\/\/api.w.org\/{rel}","templated":true}]}}