{"id":340186,"date":"2026-04-08T19:25:09","date_gmt":"2026-04-08T16:25:09","guid":{"rendered":"https:\/\/baldumarket.lt\/product\/nena-komoda\/"},"modified":"2026-04-11T09:52:06","modified_gmt":"2026-04-11T06:52:06","slug":"nena-komoda","status":"publish","type":"product","link":"https:\/\/baldumarket.lt\/lt\/product\/nena-komoda\/","title":{"rendered":"NENA komoda"},"content":{"rendered":"<p>Pristatome vien\u0105 i\u0161 NENA kolekcijos element\u0173. \u0160ie baldai buvo sukurti \u017emon\u0117ms, ie\u0161kantiems \u012fdomi\u0173, moderni\u0173 sprendim\u0173 savo svajoni\u0173 interjerui \u012frengti.<br \/>\n\u0160i\u0105 kolekcij\u0105 sudaro 15 skirting\u0173, nepriklausom\u0173 element\u0173, kuriuos galima laisvai konfig\u016bruoti pridedant nauj\u0173 dali\u0173 arba pertvarkant esamas. \u0160i kolekcija nuolat yra sand\u0117lyje, tod\u0117l jei pavargote nuo bald\u0173 i\u0161vaizdos, galite lengvai pa\u012fvairinti savo nam\u0173 dekor\u0105 nekeisdami viso komplekto.<br \/>\nKomoda yra itin funkcionalus baldas. Jos populiarum\u0105 \u012frodo tai, kad ji yra kiekvienoje bald\u0173 kolekcijoje. \u0160is rekomenduojamas modelis priklauso NENA Natural Oak serijai. \u0160ie baldai pagaminti i\u0161 tvirtos \u0105\u017euolo medienos; priekin\u0117 dalis, stal\u010diai, durel\u0117s ir kojel\u0117s pagamintos i\u0161 \u0105\u017euolo faneruotos lentos, o lentynos, pertvaros ir \u0161onai \u2013 i\u0161 \u0105\u017euolo faneros. J\u0173 unikalumas slypi tame, kad d\u0117l unikalaus medienos ra\u0161to n\u0117ra dviej\u0173 vienod\u0173 lent\u0173. Ra\u0161t\u0105 dar labiau pary\u0161kina kiekvienos lentos alyvavimo procesas. \u017dema komoda \u2013 tai baldas, kuris tiks bet kuriame kambaryje. Ji gali b\u016bti svetain\u0117s, darbo kambario, valgomojo ar miegamojo dalis. Be kompakti\u0161ko dyd\u017eio, jos privalumai yra didelis stal\u010di\u0173 ir spinteli\u0173 skai\u010dius. Juose galima laikyti drabu\u017ei\u0173 spintos daiktus, stalo \u012frankius ar stalo \u012frankius. Indauja gali b\u016bti prid\u0117ta prie jau esamo i\u0161d\u0117stymo, sukurto naudojant NENA Natural Oak kolekcijos baldus. Kiekvienas baldas yra ne tik nat\u016bralaus med\u017eio atspalvi\u0173, bet ir \u0161iek tiek balintos spalvos.<br \/>\n\u0160i modernaus stiliaus komoda su dviem medin\u0117mis durel\u0117mis ir keturiais stal\u010diais pagaminta i\u0161 \u0105\u017euolo masyvo. Alyvuota apdaila suteikia jai nat\u016bralaus med\u017eio i\u0161vaizd\u0105.<br \/>\nSavyb\u0117s:<br \/>\n\u2022 Auk\u0161tis: 86 cm<br \/>\n\u2022 Plotis: 175 cm<br \/>\n\u2022 Gylis: 45 cm<br \/>\nPristatymas \/ Montavimas:<br \/>\n\u2022 Pristatoma kompakti\u0161kose d\u0117\u017e\u0117se.<br \/>\n\u2022 Surinkimui reikia 1\u20132 \u017emoni\u0173. \u2022 Surinkimo instrukcijos ir tvirtinimo priedai<\/p>","protected":false},"excerpt":{"rendered":"<p>Pristatome vien\u0105 i\u0161 NENA kolekcijos element\u0173. \u0160ie baldai buvo sukurti \u017emon\u0117ms, ie\u0161kantiems \u012fdomi\u0173, moderni\u0173 sprendim\u0173 savo svajoni\u0173 interjerui. \u0160i\u0105 kolekcij\u0105 sudaro 15 skirting\u0173, nepriklausom\u0173 element\u0173, kuriuos galima laisvai konfig\u016bruoti pridedant nauj\u0173 detali\u0173 arba pertvarkant esamas. \u0160i kolekcija nuolat yra sand\u0117lyje, tod\u0117l [\u2026]<\/p>","protected":false},"featured_media":340187,"comment_status":"open","ping_status":"open","template":"","meta":[],"product_brand":[],"product_cat":[10186,10176,1173],"product_tag":[],"class_list":{"0":"post-340186","1":"product","2":"type-product","3":"status-publish","4":"has-post-thumbnail","6":"product_cat-furniture-system-nena-hugon-meble","7":"product_cat-hugon-meble","8":"product_cat-chests-of-drawers","10":"first","11":"instock","12":"purchasable","13":"product-type-simple"},"_links":{"self":[{"href":"https:\/\/baldumarket.lt\/lt\/wp-json\/wp\/v2\/product\/340186","targetHints":{"allow":["GET"]}}],"collection":[{"href":"https:\/\/baldumarket.lt\/lt\/wp-json\/wp\/v2\/product"}],"about":[{"href":"https:\/\/baldumarket.lt\/lt\/wp-json\/wp\/v2\/types\/product"}],"replies":[{"embeddable":true,"href":"https:\/\/baldumarket.lt\/lt\/wp-json\/wp\/v2\/comments?post=340186"}],"wp:featuredmedia":[{"embeddable":true,"href":"https:\/\/baldumarket.lt\/lt\/wp-json\/wp\/v2\/media\/340187"}],"wp:attachment":[{"href":"https:\/\/baldumarket.lt\/lt\/wp-json\/wp\/v2\/media?parent=340186"}],"wp:term":[{"taxonomy":"product_brand","embeddable":true,"href":"https:\/\/baldumarket.lt\/lt\/wp-json\/wp\/v2\/product_brand?post=340186"},{"taxonomy":"product_cat","embeddable":true,"href":"https:\/\/baldumarket.lt\/lt\/wp-json\/wp\/v2\/product_cat?post=340186"},{"taxonomy":"product_tag","embeddable":true,"href":"https:\/\/baldumarket.lt\/lt\/wp-json\/wp\/v2\/product_tag?post=340186"}],"curies":[{"name":"wp","href":"https:\/\/api.w.org\/{rel}","templated":true}]}}