{"id":340181,"date":"2026-04-08T19:25:05","date_gmt":"2026-04-08T16:25:05","guid":{"rendered":"https:\/\/baldumarket.lt\/product\/nena-komoda-didele\/"},"modified":"2026-04-11T09:52:06","modified_gmt":"2026-04-11T06:52:06","slug":"nena-komoda-didele","status":"publish","type":"product","link":"https:\/\/baldumarket.lt\/lt\/product\/nena-komoda-didele\/","title":{"rendered":"NENA komoda, didel\u0117"},"content":{"rendered":"<p>Pristatome vien\u0105 i\u0161 NENA kolekcijos bald\u0173. \u0160ie baldai sukurti ie\u0161kantiems \u012fdomi\u0173, moderni\u0173 sprendim\u0173 savo svajoni\u0173 interjerui.<br \/>\n\u0160i\u0105 kolekcij\u0105 sudaro 15 skirting\u0173 atskir\u0173 bald\u0173, kuriuos galima laisvai konfig\u016bruoti pridedant nauj\u0173 arba pertvarkant esamus. \u0160i kolekcija nuolat yra sand\u0117lyje, tod\u0117l jei pabost\u0173 bald\u0173 i\u0161vaizda, gal\u0117tum\u0117te lengvai pa\u012fvairinti savo nam\u0173 dekor\u0105 nekeisdami viso komplekto.<br \/>\n\u0160i komoda \u2013 i\u0161skirtinai funkcionalus baldas, kuris tur\u0117t\u0173 tapti b\u016btinu bet kurio namo interjere. \u0160is rekomenduojamas modelis priklauso populiariajai NENA alyvuoto \u0105\u017euolo kolekcijai. J\u0105 sudaro keli atskiri baldai, kuriuos galima naudoti \u012fvairiuose \u012fkvepian\u010diuose i\u0161d\u0117stymuose. Baldai yra be dekoracij\u0173 ir pagaminti tik i\u0161 auk\u0161tos kokyb\u0117s \u0105\u017euolo, papildomai apdoroto augaliniais aliejais. \u0160ie baldai skirti modernaus interjero su nat\u016braliais elementais m\u0117g\u0117jams.<br \/>\n\u0160i rekomenduojama komoda yra kubo formos su tvirtomis kojel\u0117mis. J\u0105 sudaro erdv\u016bs stal\u010diai ir spintel\u0117s. J\u0105 galima naudoti bet kuriame kambaryje. Kaip valgomojo elementas, ji gali laikyti stalo \u012frankius ir stalo \u012frankius. Prid\u0117jus prie miegamojo, ji gali b\u016bti naudojama kaip drabu\u017ei\u0173 spintos daikt\u0173 saugykla. \u0160is baldas dera su kitais kolekcijos baldais, sukurdamas harmoning\u0105 interjer\u0105. Komoda taip pat gali b\u016bti baltai da\u017eyta.<br \/>\n\u00a0<br \/>\n\u0160i modernaus stiliaus komoda su trimis medin\u0117mis durel\u0117mis ir trimis stal\u010diais pagaminta i\u0161 tvirtos \u0105\u017euolo medienos. Alyvuota apdaila suteikia jai nat\u016bralios medienos i\u0161vaizd\u0105.<br \/>\n\u00a0<br \/>\nSavyb\u0117s:<br \/>\nAuk\u0161tis: 86 cm<br \/>\nPlotis: 175 cm<br \/>\nGylis: 45 cm<br \/>\n\u00a0<br \/>\nKomoda supakuota kompakti\u0161kose d\u0117\u017e\u0117se su surinkimo instrukcijomis ir tvirtinimo priedais.<br \/>\nU\u017esakymo apdorojimo laikas yra 6\u20138 savait\u0117s nuo apmok\u0117jimo datos.<br \/>\nDidesniems u\u017esakymams pra\u0161ome susisiekti su mumis, kad susitartume d\u0117l pristatymo.<br \/>\nKvie\u010diame \u012fsigyti ir u\u017eduoti klausimus; mielai pad\u0117sime jums susikurti tobul\u0105 rinkin\u012f.<\/p>","protected":false},"excerpt":{"rendered":"<p>Pristatome vien\u0105 i\u0161 NENA kolekcijos bald\u0173. \u0160ie baldai buvo sukurti tiems, kurie ie\u0161ko \u012fdomi\u0173, moderni\u0173 sprendim\u0173 savo svajoni\u0173 interjerui \u012frengti. \u0160i\u0105 kolekcij\u0105 sudaro 15 skirting\u0173 individuali\u0173 bald\u0173, kuriuos galima laisvai konfig\u016bruoti pridedant nauj\u0173 arba pertvarkant esamus. \u0160i kolekcija nuolat yra sand\u0117lyje, tod\u0117l [\u2026]<\/p>","protected":false},"featured_media":340182,"comment_status":"open","ping_status":"open","template":"","meta":[],"product_brand":[],"product_cat":[10186,10176,1173],"product_tag":[],"class_list":{"0":"post-340181","1":"product","2":"type-product","3":"status-publish","4":"has-post-thumbnail","6":"product_cat-furniture-system-nena-hugon-meble","7":"product_cat-hugon-meble","8":"product_cat-chests-of-drawers","10":"first","11":"instock","12":"purchasable","13":"product-type-simple"},"_links":{"self":[{"href":"https:\/\/baldumarket.lt\/lt\/wp-json\/wp\/v2\/product\/340181","targetHints":{"allow":["GET"]}}],"collection":[{"href":"https:\/\/baldumarket.lt\/lt\/wp-json\/wp\/v2\/product"}],"about":[{"href":"https:\/\/baldumarket.lt\/lt\/wp-json\/wp\/v2\/types\/product"}],"replies":[{"embeddable":true,"href":"https:\/\/baldumarket.lt\/lt\/wp-json\/wp\/v2\/comments?post=340181"}],"wp:featuredmedia":[{"embeddable":true,"href":"https:\/\/baldumarket.lt\/lt\/wp-json\/wp\/v2\/media\/340182"}],"wp:attachment":[{"href":"https:\/\/baldumarket.lt\/lt\/wp-json\/wp\/v2\/media?parent=340181"}],"wp:term":[{"taxonomy":"product_brand","embeddable":true,"href":"https:\/\/baldumarket.lt\/lt\/wp-json\/wp\/v2\/product_brand?post=340181"},{"taxonomy":"product_cat","embeddable":true,"href":"https:\/\/baldumarket.lt\/lt\/wp-json\/wp\/v2\/product_cat?post=340181"},{"taxonomy":"product_tag","embeddable":true,"href":"https:\/\/baldumarket.lt\/lt\/wp-json\/wp\/v2\/product_tag?post=340181"}],"curies":[{"name":"wp","href":"https:\/\/api.w.org\/{rel}","templated":true}]}}