{"id":340178,"date":"2026-04-08T19:25:01","date_gmt":"2026-04-08T16:25:01","guid":{"rendered":"https:\/\/baldumarket.lt\/product\/didele-indauja-tina\/"},"modified":"2026-04-08T21:55:35","modified_gmt":"2026-04-08T18:55:35","slug":"didele-indauja-tina","status":"publish","type":"product","link":"https:\/\/baldumarket.lt\/lt\/product\/didele-indauja-tina\/","title":{"rendered":"Didel\u0117 dauja TINA"},"content":{"rendered":"<p>Plati ir erdvi TINA indauja yra vienas i\u0161 \u0161ios kolekcijos gamini\u0173. Lentel\u0117s papildomai padengtos augaliniais aliejais, kurie ne tik apsaugo, bet ir pary\u0161kina nat\u016bral\u0173 medienos gro\u017e\u012f. Baldas yra be dekoracij\u0173; vienintelis dekoratyvinis elementas yra medienos tekst\u016bros \u0161e\u0161\u0117liavimas. Indauja turi trejas duris. Vir\u0161utin\u0117je dalyje yra stiklin\u0117s durys, puikiai tinkan\u010dios dekoratyviniams stikliniams indams ar nieku\u010diams eksponuoti. Centrin\u0117je dalyje yra lentyna ir medin\u0117s durys. \u0160is baldas tinka svetainei, darbo kambariui ar biurui. Priekin\u0117s dalys pagamintos i\u0161 \u0105\u017euolo masyvo, o korpusas \u2013 i\u0161 laminuotos plok\u0161t\u0117s su fanera. Kojel\u0117s ir rankena pagamintos i\u0161 matinio juodo metalo.<br \/>\nPagaminta i\u0161 med\u017eio masyvo \u2013 priekis, korpusas i\u0161 laminuotos plok\u0161t\u0117s, o lentynos \u2013 i\u0161 baldin\u0117s plok\u0161t\u0117s.<br \/>\nSavyb\u0117s:<br \/>\nAuk\u0161tis: 1400 mm<br \/>\nPlotis: 1580 mm<br \/>\nGylis: 400 mm<\/p>","protected":false},"excerpt":{"rendered":"<p>Plati ir erdvi TINA indauja yra vienas i\u0161 \u0161ios kolekcijos gamini\u0173. Lentos papildomai padengtos augaliniais aliejais, kurie ne tik apsaugo, bet ir pary\u0161kina nat\u016bral\u0173 medienos gro\u017e\u012f. Baldas yra be dekoracij\u0173; vienintelis dekoratyvinis elementas yra medienos ra\u0161to \u0161e\u0161\u0117liavimas. Indauja turi tris dureles. Vir\u0161utin\u0117je dalyje yra [\u2026]<\/p>","protected":false},"featured_media":340179,"comment_status":"open","ping_status":"open","template":"","meta":[],"product_brand":[],"product_cat":[10176,1173],"product_tag":[],"class_list":{"0":"post-340178","1":"product","2":"type-product","3":"status-publish","4":"has-post-thumbnail","6":"product_cat-hugon-meble","7":"product_cat-chests-of-drawers","9":"first","10":"instock","11":"purchasable","12":"product-type-simple"},"_links":{"self":[{"href":"https:\/\/baldumarket.lt\/lt\/wp-json\/wp\/v2\/product\/340178","targetHints":{"allow":["GET"]}}],"collection":[{"href":"https:\/\/baldumarket.lt\/lt\/wp-json\/wp\/v2\/product"}],"about":[{"href":"https:\/\/baldumarket.lt\/lt\/wp-json\/wp\/v2\/types\/product"}],"replies":[{"embeddable":true,"href":"https:\/\/baldumarket.lt\/lt\/wp-json\/wp\/v2\/comments?post=340178"}],"wp:featuredmedia":[{"embeddable":true,"href":"https:\/\/baldumarket.lt\/lt\/wp-json\/wp\/v2\/media\/340179"}],"wp:attachment":[{"href":"https:\/\/baldumarket.lt\/lt\/wp-json\/wp\/v2\/media?parent=340178"}],"wp:term":[{"taxonomy":"product_brand","embeddable":true,"href":"https:\/\/baldumarket.lt\/lt\/wp-json\/wp\/v2\/product_brand?post=340178"},{"taxonomy":"product_cat","embeddable":true,"href":"https:\/\/baldumarket.lt\/lt\/wp-json\/wp\/v2\/product_cat?post=340178"},{"taxonomy":"product_tag","embeddable":true,"href":"https:\/\/baldumarket.lt\/lt\/wp-json\/wp\/v2\/product_tag?post=340178"}],"curies":[{"name":"wp","href":"https:\/\/api.w.org\/{rel}","templated":true}]}}