{"id":340173,"date":"2026-04-08T19:24:56","date_gmt":"2026-04-08T16:24:56","guid":{"rendered":"https:\/\/baldumarket.lt\/product\/nena-indauja\/"},"modified":"2026-04-11T09:52:06","modified_gmt":"2026-04-11T06:52:06","slug":"nena-indauja","status":"publish","type":"product","link":"https:\/\/baldumarket.lt\/lt\/product\/nena-indauja\/","title":{"rendered":"NENA indauja"},"content":{"rendered":"<p>Pristatome vien\u0105 i\u0161 NENA kolekcijos element\u0173. \u0160ie baldai buvo sukurti tiems, kurie ie\u0161ko \u012fdomi\u0173, moderni\u0173 sprendim\u0173 savo svajoni\u0173 interjerui \u012frengti.<br \/>\n\u0160i\u0105 kolekcij\u0105 sudaro 15 skirting\u0173, nepriklausom\u0173 element\u0173, kuriuos galima laisvai konfig\u016bruoti pridedant nauj\u0173 dali\u0173 arba pertvarkant esamas. \u0160i kolekcija nuolat yra sand\u0117lyje, tod\u0117l jei pavargote nuo bald\u0173 i\u0161vaizdos, galite lengvai pa\u012fvairinti savo nam\u0173 dekor\u0105 nekeisdami viso komplekto.<br \/>\n\u0160i didel\u0117 indauja yra i\u0161 NENA nat\u016bralaus \u0105\u017euolo kolekcijos. J\u0105 sudaro ry\u0161k\u016bs, minimalistiniai baldai, kurie patiks modernaus interjero m\u0117g\u0117jams. Gra\u017ei, tvirta mediena, naudojama jos gamyboje, nebuvo dekoruota. Jos gro\u017e\u012f dar labiau sustiprina alyvavimas augaliniais produktais. \u0160is apdorojimas ne tik i\u0161ry\u0161kina kiekvienos lentos ra\u0161t\u0105, bet ir apsaugo j\u0105 i\u0161 vidaus.<br \/>\nKomoda \u2013 tai baldas, kuris neabejotinai atrodys daug \u012fsp\u016bdingiau nei per vis\u0105 kambario ilg\u012f besidriekianti sienin\u0117 spintel\u0117. \u0160is kubo formos baldas si\u016blo daug ni\u0161\u0173 ir ply\u0161i\u0173, kuriuos galima panaudoti. Tai spintel\u0117s, ni\u0161os ir vitrinos. Vir\u0161utin\u0117 dalis su dviem stiklin\u0117mis vitrinomis tinka nieku\u010diams, suvenyrams ar dekoratyviniams stikliniams indams eksponuoti. \u0160iek tiek \u017eemiau yra stal\u010diai, kuriuos galima atidaryti naudojant diskreti\u0161kas metalines rankenas. Apatin\u0119 dal\u012f vainikuoja erdvios ni\u0161os. Visa spintel\u0117 geriausiai dera su tos pa\u010dios serijos baldais.<br \/>\n\u0160i modernaus stiliaus indauja su dviem stiklin\u0117mis durel\u0117mis, trimis medin\u0117mis durel\u0117mis ir trimis stal\u010diais pagaminta i\u0161 \u0105\u017euolo masyvo, o priekis, stal\u010diai, durel\u0117s ir kojel\u0117s \u2013 i\u0161 \u0105\u017euolo faneruot\u0117s. Lentynos, pertvaros ir \u0161onai \u2013 i\u0161 \u0105\u017euolo faneruot\u0117s. Alyvuota apdaila suteikia nat\u016bralaus med\u017eio i\u0161vaizd\u0105.<br \/>\nSavyb\u0117s:<br \/>\nAuk\u0161tis: 140 cm<br \/>\nPlotis: 175 cm<br \/>\nGylis: 45 cm<br \/>\nKomoda supakuota kompakti\u0161kose d\u0117\u017e\u0117se su surinkimo instrukcijomis ir tvirtinimo priedais. Didesniems u\u017esakymams susisiekite su mumis ir aptarsime siuntimo galimybes. Raginame \u012fsigyti ir u\u017eduoti klausimus; mielai pad\u0117sime jums sukonfig\u016bruoti tinkamiausi\u0105 paket\u0105.<\/p>","protected":false},"excerpt":{"rendered":"<p>Pristatome vien\u0105 i\u0161 NENA kolekcijos element\u0173. \u0160ie baldai buvo sukurti tiems, kurie ie\u0161ko \u012fdomi\u0173, moderni\u0173 sprendim\u0173 savo svajoni\u0173 interjerui \u012frengti. \u0160i\u0105 kolekcij\u0105 sudaro 15 skirting\u0173, nepriklausom\u0173 element\u0173, kuriuos galima laisvai konfig\u016bruoti pridedant nauj\u0173 detali\u0173 arba pertvarkant esamas. \u0160i kolekcija nuolat yra sand\u0117lyje, tod\u0117l [\u2026]<\/p>","protected":false},"featured_media":340174,"comment_status":"open","ping_status":"open","template":"","meta":[],"product_brand":[],"product_cat":[10186,10176,1173],"product_tag":[],"class_list":{"0":"post-340173","1":"product","2":"type-product","3":"status-publish","4":"has-post-thumbnail","6":"product_cat-furniture-system-nena-hugon-meble","7":"product_cat-hugon-meble","8":"product_cat-chests-of-drawers","10":"first","11":"instock","12":"purchasable","13":"product-type-simple"},"_links":{"self":[{"href":"https:\/\/baldumarket.lt\/lt\/wp-json\/wp\/v2\/product\/340173","targetHints":{"allow":["GET"]}}],"collection":[{"href":"https:\/\/baldumarket.lt\/lt\/wp-json\/wp\/v2\/product"}],"about":[{"href":"https:\/\/baldumarket.lt\/lt\/wp-json\/wp\/v2\/types\/product"}],"replies":[{"embeddable":true,"href":"https:\/\/baldumarket.lt\/lt\/wp-json\/wp\/v2\/comments?post=340173"}],"wp:featuredmedia":[{"embeddable":true,"href":"https:\/\/baldumarket.lt\/lt\/wp-json\/wp\/v2\/media\/340174"}],"wp:attachment":[{"href":"https:\/\/baldumarket.lt\/lt\/wp-json\/wp\/v2\/media?parent=340173"}],"wp:term":[{"taxonomy":"product_brand","embeddable":true,"href":"https:\/\/baldumarket.lt\/lt\/wp-json\/wp\/v2\/product_brand?post=340173"},{"taxonomy":"product_cat","embeddable":true,"href":"https:\/\/baldumarket.lt\/lt\/wp-json\/wp\/v2\/product_cat?post=340173"},{"taxonomy":"product_tag","embeddable":true,"href":"https:\/\/baldumarket.lt\/lt\/wp-json\/wp\/v2\/product_tag?post=340173"}],"curies":[{"name":"wp","href":"https:\/\/api.w.org\/{rel}","templated":true}]}}