{"id":340170,"date":"2026-04-08T19:24:51","date_gmt":"2026-04-08T16:24:51","guid":{"rendered":"https:\/\/baldumarket.lt\/product\/tina-zema-komoda\/"},"modified":"2026-04-08T21:40:18","modified_gmt":"2026-04-08T18:40:18","slug":"tina-zema-komoda","status":"publish","type":"product","link":"https:\/\/baldumarket.lt\/lt\/product\/tina-zema-komoda\/","title":{"rendered":"TINA \u017eema komoda"},"content":{"rendered":"<p>TINA \u017eema indauja<br \/>\nTINA indauja yra vienas i\u0161 \u0161ios serijos bald\u0173. I\u0161skirtiniai jos bruo\u017eai \u2013 tamsiai ruda spalva ir visi\u0161kas ornament\u0173 tr\u016bkumas. Vienintelis dekoratyvinis elementas \u2013 medienos ra\u0161to atspalvis, primenantis skersai sud\u0117tas lentas. Baldai puikiai apdoroti nat\u016braliais aliejais, kurie dar labiau i\u0161ry\u0161kina nat\u016bral\u0173 medienos gro\u017e\u012f. \u0160i \u017eema indauja yra trij\u0173 dali\u0173 blokas, kiekvienas su stal\u010diumi ir erdvia spintele. Tvirtame stalvir\u0161yje galima laikyti \u012fvairius daiktus. Indauja taip pat yra auk\u0161tesn\u0117s versijos.<br \/>\nPagaminta i\u0161 med\u017eio masyvo \u2013 priekis pagamintas i\u0161 baldin\u0117s plok\u0161t\u0117s, korpusas \u2013 i\u0161 faneruotos plok\u0161t\u0117s, o lentynos \u2013 i\u0161 baldin\u0117s plok\u0161t\u0117s.<br \/>\nSavyb\u0117s:<br \/>\nAuk\u0161tis: 830 mm<br \/>\nPlotis: 1585 mm<br \/>\nGylis: 400 mm<\/p>","protected":false},"excerpt":{"rendered":"<p>\u017dema TINA indauja. TINA indauja yra vienas i\u0161 \u0161ios serijos bald\u0173. I\u0161skirtiniai jos bruo\u017eai \u2013 tamsiai ruda spalva ir visi\u0161kas ornament\u0173 nebuvimas. Vienintelis dekoratyvinis elementas \u2013 medienos ra\u0161to atspalvis, primenantis skersai sulankstytas lentas. Baldai puikiai apdoroti nat\u016braliais aliejais, kurie dar labiau i\u0161ry\u0161kina nat\u016bral\u0173 j\u0173 gro\u017e\u012f [\u2026]<\/p>","protected":false},"featured_media":340171,"comment_status":"open","ping_status":"open","template":"","meta":[],"product_brand":[],"product_cat":[10176,1173],"product_tag":[],"class_list":{"0":"post-340170","1":"product","2":"type-product","3":"status-publish","4":"has-post-thumbnail","6":"product_cat-hugon-meble","7":"product_cat-chests-of-drawers","9":"first","10":"instock","11":"purchasable","12":"product-type-simple"},"_links":{"self":[{"href":"https:\/\/baldumarket.lt\/lt\/wp-json\/wp\/v2\/product\/340170","targetHints":{"allow":["GET"]}}],"collection":[{"href":"https:\/\/baldumarket.lt\/lt\/wp-json\/wp\/v2\/product"}],"about":[{"href":"https:\/\/baldumarket.lt\/lt\/wp-json\/wp\/v2\/types\/product"}],"replies":[{"embeddable":true,"href":"https:\/\/baldumarket.lt\/lt\/wp-json\/wp\/v2\/comments?post=340170"}],"wp:featuredmedia":[{"embeddable":true,"href":"https:\/\/baldumarket.lt\/lt\/wp-json\/wp\/v2\/media\/340171"}],"wp:attachment":[{"href":"https:\/\/baldumarket.lt\/lt\/wp-json\/wp\/v2\/media?parent=340170"}],"wp:term":[{"taxonomy":"product_brand","embeddable":true,"href":"https:\/\/baldumarket.lt\/lt\/wp-json\/wp\/v2\/product_brand?post=340170"},{"taxonomy":"product_cat","embeddable":true,"href":"https:\/\/baldumarket.lt\/lt\/wp-json\/wp\/v2\/product_cat?post=340170"},{"taxonomy":"product_tag","embeddable":true,"href":"https:\/\/baldumarket.lt\/lt\/wp-json\/wp\/v2\/product_tag?post=340170"}],"curies":[{"name":"wp","href":"https:\/\/api.w.org\/{rel}","templated":true}]}}