{"id":340166,"date":"2026-04-08T19:24:43","date_gmt":"2026-04-08T16:24:43","guid":{"rendered":"https:\/\/baldumarket.lt\/product\/kira-azuolinis-kavos-staliukas-70x70\/"},"modified":"2026-04-08T21:55:35","modified_gmt":"2026-04-08T18:55:35","slug":"kira-azuolinis-kavos-staliukas-70x70","status":"publish","type":"product","link":"https:\/\/baldumarket.lt\/lt\/product\/kira-azuolinis-kavos-staliukas-70x70\/","title":{"rendered":"Kira \u0105\u017euolinis kavos staliukas 70\u00d770"},"content":{"rendered":"<p>Pristatome vien\u0105 i\u0161 KIRA kolekcijos bald\u0173, pagamint\u0173 i\u0161 nat\u016bralaus alyvuoto \u0105\u017euolo. \u0160ie baldai sukurti tiems, kurie ie\u0161ko \u012fdomi\u0173, moderni\u0173 sprendim\u0173, \u012frengdami savo svajoni\u0173 interjer\u0105.<br \/>\n\u0160i\u0105 kolekcij\u0105 sudaro 20 skirting\u0173, nepriklausom\u0173 bald\u0173, kuriuos galima laisvai konfig\u016bruoti pridedant nauj\u0173 arba pertvarkant esamus. \u0160i kolekcija nuolat yra sand\u0117lyje, tod\u0117l jei pavargsite nuo bald\u0173 i\u0161vaizdos, gal\u0117site lengvai pa\u012fvairinti savo nam\u0173 dekor\u0105 nekeisdami viso komplekto.<br \/>\n\u0160is modernaus stiliaus kavos staliukas su stiklin\u0117mis durel\u0117mis ir trimis stal\u010diais pagamintas i\u0161 \u0105\u017euolo masyvo. Alyvuota apdaila sukuria nat\u016bralaus med\u017eio i\u0161vaizd\u0105.<br \/>\nSavyb\u0117s:<br \/>\n\u2022 Auk\u0161tis: 46 cm<br \/>\n\u2022 Plotis: 70 cm<br \/>\n\u2022 Gylis: 70 cm<br \/>\n\u0160is \u017eemas kavos staliukas yra vienas svarbiausi\u0173 nam\u0173 interjero element\u0173. Pagrindinis jo privalumas \u2013 universalumas. Kavos staliukas taip pat priklauso moderniai \u201eKira Oiled Oak\u201c kolekcijai. Joje yra baldai, pagaminti i\u0161 alyvuotos \u0105\u017euolo medienos masyvo. \u0160is metodas ne tik apsaugo medienos strukt\u016br\u0105, bet ir suteikia jai subtil\u0173 blizges\u012f. Visus kolekcijos baldus galima laisvai derinti, siekiant sukurti modern\u0173, funkcional\u0173 interjer\u0105.<br \/>\nKavos staliukas \u2013 tai baldas, kuris lengvai tilps bet kuriame kambaryje. Jis puikiai dera su svetain\u0117s bald\u0173 komplektu ir gali b\u016bti naudojamas kaip kavos staliukas. Kvadratinis kavos staliukas taip pat tiks miegamajame ar net vaik\u0173 kambaryje, kur, kaip \u017eemas baldas, jis tinka ma\u017eiems vaikams. J\u012f geriausia derinti su kitais kolekcijos baldais, norint sukurti \u012fvairius i\u0161d\u0117stymus. Kavos staliukas taip pat yra \u0161iek tiek ilgesnis. Taip pat galima \u012fsigyti dvigub\u0105 model\u012f su baltai da\u017eyta apdaila.<\/p>","protected":false},"excerpt":{"rendered":"<p>Pristatome vien\u0105 i\u0161 KIRA kolekcijos bald\u0173, pagamint\u0173 i\u0161 nat\u016bralaus alyvuoto \u0105\u017euolo. \u0160ie baldai sukurti tiems, kurie ie\u0161ko \u012fdomi\u0173, moderni\u0173 sprendim\u0173, \u012frengdami savo svajoni\u0173 interjer\u0105. \u0160i\u0105 kolekcij\u0105 sudaro 20 skirting\u0173, nepriklausom\u0173 bald\u0173, kuriuos galima laisvai konfig\u016bruoti pridedant nauj\u0173 arba pertvarkant esamus. \u0160i kolekcija yra [\u2026]<\/p>","protected":false},"featured_media":340167,"comment_status":"open","ping_status":"open","template":"","meta":[],"product_brand":[],"product_cat":[10176,866],"product_tag":[],"class_list":{"0":"post-340166","1":"product","2":"type-product","3":"status-publish","4":"has-post-thumbnail","6":"product_cat-hugon-meble","7":"product_cat-coffee-tables","9":"first","10":"instock","11":"purchasable","12":"product-type-simple"},"_links":{"self":[{"href":"https:\/\/baldumarket.lt\/lt\/wp-json\/wp\/v2\/product\/340166","targetHints":{"allow":["GET"]}}],"collection":[{"href":"https:\/\/baldumarket.lt\/lt\/wp-json\/wp\/v2\/product"}],"about":[{"href":"https:\/\/baldumarket.lt\/lt\/wp-json\/wp\/v2\/types\/product"}],"replies":[{"embeddable":true,"href":"https:\/\/baldumarket.lt\/lt\/wp-json\/wp\/v2\/comments?post=340166"}],"wp:featuredmedia":[{"embeddable":true,"href":"https:\/\/baldumarket.lt\/lt\/wp-json\/wp\/v2\/media\/340167"}],"wp:attachment":[{"href":"https:\/\/baldumarket.lt\/lt\/wp-json\/wp\/v2\/media?parent=340166"}],"wp:term":[{"taxonomy":"product_brand","embeddable":true,"href":"https:\/\/baldumarket.lt\/lt\/wp-json\/wp\/v2\/product_brand?post=340166"},{"taxonomy":"product_cat","embeddable":true,"href":"https:\/\/baldumarket.lt\/lt\/wp-json\/wp\/v2\/product_cat?post=340166"},{"taxonomy":"product_tag","embeddable":true,"href":"https:\/\/baldumarket.lt\/lt\/wp-json\/wp\/v2\/product_tag?post=340166"}],"curies":[{"name":"wp","href":"https:\/\/api.w.org\/{rel}","templated":true}]}}