{"id":340163,"date":"2026-04-08T19:24:37","date_gmt":"2026-04-08T16:24:37","guid":{"rendered":"https:\/\/baldumarket.lt\/product\/nena-azuolinis-kavos-staliukas-115x65\/"},"modified":"2026-04-11T09:52:06","modified_gmt":"2026-04-11T06:52:06","slug":"nena-azuolinis-kavos-staliukas-115x65","status":"publish","type":"product","link":"https:\/\/baldumarket.lt\/lt\/product\/nena-azuolinis-kavos-staliukas-115x65\/","title":{"rendered":"NENA \u0105\u017euolinis kavos staliukas 115\u00d765"},"content":{"rendered":"<p>Pristatome vien\u0105 i\u0161 NENA kolekcijos bald\u0173. \u0160ie baldai buvo sukurti tiems, kurie ie\u0161ko \u012fdomi\u0173, moderni\u0173 sprendim\u0173, \u012frengdami savo svajoni\u0173 interjer\u0105.<br \/>\n\u0160i\u0105 kolekcij\u0105 sudaro 15 skirting\u0173, nepriklausom\u0173 bald\u0173, kuriuos galima laisvai konfig\u016bruoti pridedant nauj\u0173 arba pertvarkant esamus. \u0160i kolekcija nuolat yra sand\u0117lyje, tod\u0117l jei pabost\u0173 bald\u0173 i\u0161vaizda, gal\u0117tum\u0117te lengvai pa\u012fvairinti savo nam\u0173 dekor\u0105 nekeisdami viso komplekto.<br \/>\n\u0160is ilgas kavos staliukas yra vienas i\u0161 NENA nat\u016bralaus \u0105\u017euolo kolekcijos gamini\u0173. Baldas pagamintas i\u0161 tvirtos \u0105\u017euolo medienos, padengtos alyva. \u0160is nat\u016bralus konservavimo b\u016bdas ne tik apsaugo medienos strukt\u016br\u0105, bet ir i\u0161ry\u0161kina medienos ra\u0161to gro\u017e\u012f, kuris kiekvienoje lentoje yra visi\u0161kai skirtingas ir unikalus. Kolekcij\u0105 sudaro daugiau nei de\u0161imt atskir\u0173 gamini\u0173, leid\u017eian\u010di\u0173 sukurti daugyb\u0119 \u012fdomi\u0173, moderni\u0173 i\u0161d\u0117stym\u0173.<br \/>\nKavos staliukas su papildoma lentyna po stalvir\u0161iu yra universalus baldas. Jis gali tapti svetain\u0117s, darbo kambario ar bet kurio kito kambario, kuriame norite susikurti atpalaiduojant\u012f kampel\u012f, dalimi. Jis puikiai dera su poilsio komplektu. Kavos staliukas taip pat gali b\u016bti populiarus kavos staliukas. \u0160is tvirtas, kubo formos baldas geriausiai dera su tos pa\u010dios kolekcijos daiktais, sukuriant harmoning\u0105 interjer\u0105. Kavos staliukas taip pat yra ma\u017eesnio dyd\u017eio ir \u0161iek tiek balinto varianto.<br \/>\n\u00a0<br \/>\n\u0160is modernaus stiliaus kavos staliukas pagamintas i\u0161 tvirtos \u0105\u017euolo medienos. Alyvuota apdaila suteikia jam nat\u016bralios medienos i\u0161vaizd\u0105.<br \/>\n\u00a0<br \/>\nSavyb\u0117s:<br \/>\nAuk\u0161tis: 46 cm<br \/>\nPlotis: 115 cm<br \/>\nGylis: 65 cm<br \/>\n\u00a0<br \/>\nKavos staliukas supakuotas kompakti\u0161kose d\u0117\u017eut\u0117se su surinkimo instrukcijomis ir tvirtinimo priedais.<br \/>\nDidesniems u\u017esakymams pra\u0161ome susisiekti su mumis, kad susitartume d\u0117l pristatymo.<br \/>\nKvie\u010diame \u012fsigyti ir u\u017eduoti klausimus; mielai pad\u0117sime jums susikurti tobul\u0105 rinkin\u012f.<\/p>","protected":false},"excerpt":{"rendered":"<p>Pristatome vien\u0105 i\u0161 NENA kolekcijos bald\u0173. \u0160ie baldai buvo sukurti tiems, kurie ie\u0161ko \u012fdomi\u0173, moderni\u0173 sprendim\u0173, \u012frengdami savo svajoni\u0173 interjer\u0105. \u0160i\u0105 kolekcij\u0105 sudaro 15 skirting\u0173, nepriklausom\u0173 bald\u0173, kuriuos galima laisvai konfig\u016bruoti pridedant nauj\u0173 arba pertvarkant esamus. \u0160i kolekcija nuolat atnaujinama [\u2026]<\/p>","protected":false},"featured_media":340164,"comment_status":"open","ping_status":"open","template":"","meta":[],"product_brand":[],"product_cat":[10186,10176,866],"product_tag":[],"class_list":{"0":"post-340163","1":"product","2":"type-product","3":"status-publish","4":"has-post-thumbnail","6":"product_cat-furniture-system-nena-hugon-meble","7":"product_cat-hugon-meble","8":"product_cat-coffee-tables","10":"first","11":"instock","12":"purchasable","13":"product-type-simple"},"_links":{"self":[{"href":"https:\/\/baldumarket.lt\/lt\/wp-json\/wp\/v2\/product\/340163","targetHints":{"allow":["GET"]}}],"collection":[{"href":"https:\/\/baldumarket.lt\/lt\/wp-json\/wp\/v2\/product"}],"about":[{"href":"https:\/\/baldumarket.lt\/lt\/wp-json\/wp\/v2\/types\/product"}],"replies":[{"embeddable":true,"href":"https:\/\/baldumarket.lt\/lt\/wp-json\/wp\/v2\/comments?post=340163"}],"wp:featuredmedia":[{"embeddable":true,"href":"https:\/\/baldumarket.lt\/lt\/wp-json\/wp\/v2\/media\/340164"}],"wp:attachment":[{"href":"https:\/\/baldumarket.lt\/lt\/wp-json\/wp\/v2\/media?parent=340163"}],"wp:term":[{"taxonomy":"product_brand","embeddable":true,"href":"https:\/\/baldumarket.lt\/lt\/wp-json\/wp\/v2\/product_brand?post=340163"},{"taxonomy":"product_cat","embeddable":true,"href":"https:\/\/baldumarket.lt\/lt\/wp-json\/wp\/v2\/product_cat?post=340163"},{"taxonomy":"product_tag","embeddable":true,"href":"https:\/\/baldumarket.lt\/lt\/wp-json\/wp\/v2\/product_tag?post=340163"}],"curies":[{"name":"wp","href":"https:\/\/api.w.org\/{rel}","templated":true}]}}