{"id":340160,"date":"2026-04-08T19:24:32","date_gmt":"2026-04-08T16:24:32","guid":{"rendered":"https:\/\/baldumarket.lt\/product\/nena-azuolinis-kavos-staliukas-65x65\/"},"modified":"2026-04-11T09:52:06","modified_gmt":"2026-04-11T06:52:06","slug":"nena-azuolinis-kavos-staliukas-65x65","status":"publish","type":"product","link":"https:\/\/baldumarket.lt\/lt\/product\/nena-azuolinis-kavos-staliukas-65x65\/","title":{"rendered":"NENA \u0105\u017euolinis kavos staliukas 65\u00d765"},"content":{"rendered":"<p>Pristatome vien\u0105 i\u0161 NENA kolekcijos bald\u0173. \u0160ie baldai buvo sukurti \u017emon\u0117ms, ie\u0161kantiems \u012fdomi\u0173, moderni\u0173 sprendim\u0173, \u012frengiant savo svajoni\u0173 interjer\u0105.<br \/>\n\u0160i\u0105 kolekcij\u0105 sudaro 15 skirting\u0173, nepriklausom\u0173 bald\u0173, kuriuos galima laisvai konfig\u016bruoti pridedant nauj\u0173 arba pertvarkant esamus. \u0160i kolekcija nuolat yra sand\u0117lyje, tod\u0117l jei pabost\u0173 bald\u0173 i\u0161vaizda, gal\u0117tum\u0117te lengvai pa\u012fvairinti savo nam\u0173 dekor\u0105 nekeisdami viso komplekto.<br \/>\nKvadratinis kavos staliukas yra NENA nat\u016bralaus \u0105\u017euolo kolekcijos dalis. Kartu su kitais ma\u017edaug de\u0161imtimi bald\u0173 jis sukuria itin patraukl\u0173 pasirinkim\u0105 moderniam interjerui. Baldai yra be dekoracij\u0173 ir pagaminti tik i\u0161 auk\u0161tos kokyb\u0117s \u0105\u017euolo. Meistri\u0161kai pjaustytos lentos pasi\u017eymi unikaliu ra\u0161tu, kur\u012f dar labiau pary\u0161kina alyvavimo procesas. Tai ne tik pagerina kiekvieno baldo estetik\u0105, bet ir apsaugo jo strukt\u016br\u0105.<br \/>\n\u017demas kavos staliukas yra patogus baldas, kur\u012f galima pastatyti bet kuriame kambaryje. Jis puikiai tinka kavos kampui arba kaip poilsio erdv\u0117s dalis. Po stalvir\u0161iu yra lentyna, kuri\u0105 taip pat galima naudoti. Kavos staliukas puikiai der\u0117s prie interjero, suprojektuoto su NENA serijos baldais. J\u012f taip pat galima papildyti esamais dizainais, naudojant pana\u0161ias formas. \u0160is baldas taip pat yra kit\u0173 dyd\u017ei\u0173 ir \u0161iek tiek balintos versijos kaip NENA balinto \u0105\u017euolo kolekcijos dalis.<br \/>\n\u0160is modernaus stiliaus kavos staliukas pagamintas i\u0161 tvirtos \u0105\u017euolo medienos. Alyvuota apdaila suteikia jam nat\u016bralios medienos i\u0161vaizd\u0105.<br \/>\nSavyb\u0117s:<br \/>\nAuk\u0161tis: 46 cm<br \/>\nPlotis: 65 cm<br \/>\nGylis: 65 cm<br \/>\nKavos staliukas supakuotas kompakti\u0161kose d\u0117\u017eut\u0117se su surinkimo instrukcijomis ir tvirtinimo priedais.<br \/>\nDidesniems u\u017esakymams pra\u0161ome susisiekti su mumis, kad susitartume d\u0117l pristatymo.<br \/>\nKvie\u010diame \u012fsigyti ir u\u017eduoti klausimus; mielai pad\u0117sime jums susikurti tobul\u0105 rinkin\u012f.<\/p>","protected":false},"excerpt":{"rendered":"<p>Pristatome vien\u0105 i\u0161 NENA kolekcijos bald\u0173. \u0160ie baldai buvo sukurti \u017emon\u0117ms, ie\u0161kantiems \u012fdomi\u0173, moderni\u0173 sprendim\u0173, \u012frengiant savo svajoni\u0173 interjer\u0105. \u0160i\u0105 kolekcij\u0105 sudaro 15 skirting\u0173, nepriklausom\u0173 bald\u0173, kuriuos galima laisvai konfig\u016bruoti pridedant nauj\u0173 arba pertvarkant esamus. \u0160i kolekcija nuolat atnaujinama [\u2026]<\/p>","protected":false},"featured_media":340161,"comment_status":"open","ping_status":"open","template":"","meta":[],"product_brand":[],"product_cat":[10186,10176,866],"product_tag":[],"class_list":{"0":"post-340160","1":"product","2":"type-product","3":"status-publish","4":"has-post-thumbnail","6":"product_cat-furniture-system-nena-hugon-meble","7":"product_cat-hugon-meble","8":"product_cat-coffee-tables","10":"first","11":"instock","12":"purchasable","13":"product-type-simple"},"_links":{"self":[{"href":"https:\/\/baldumarket.lt\/lt\/wp-json\/wp\/v2\/product\/340160","targetHints":{"allow":["GET"]}}],"collection":[{"href":"https:\/\/baldumarket.lt\/lt\/wp-json\/wp\/v2\/product"}],"about":[{"href":"https:\/\/baldumarket.lt\/lt\/wp-json\/wp\/v2\/types\/product"}],"replies":[{"embeddable":true,"href":"https:\/\/baldumarket.lt\/lt\/wp-json\/wp\/v2\/comments?post=340160"}],"wp:featuredmedia":[{"embeddable":true,"href":"https:\/\/baldumarket.lt\/lt\/wp-json\/wp\/v2\/media\/340161"}],"wp:attachment":[{"href":"https:\/\/baldumarket.lt\/lt\/wp-json\/wp\/v2\/media?parent=340160"}],"wp:term":[{"taxonomy":"product_brand","embeddable":true,"href":"https:\/\/baldumarket.lt\/lt\/wp-json\/wp\/v2\/product_brand?post=340160"},{"taxonomy":"product_cat","embeddable":true,"href":"https:\/\/baldumarket.lt\/lt\/wp-json\/wp\/v2\/product_cat?post=340160"},{"taxonomy":"product_tag","embeddable":true,"href":"https:\/\/baldumarket.lt\/lt\/wp-json\/wp\/v2\/product_tag?post=340160"}],"curies":[{"name":"wp","href":"https:\/\/api.w.org\/{rel}","templated":true}]}}