{"id":340149,"date":"2026-04-08T19:24:22","date_gmt":"2026-04-08T16:24:22","guid":{"rendered":"https:\/\/baldumarket.lt\/product\/vaikiska-lova-antresoleje-pusis-marco\/"},"modified":"2026-04-08T21:18:06","modified_gmt":"2026-04-08T18:18:06","slug":"vaikiska-lova-antresoleje-pusis-marco","status":"publish","type":"product","link":"https:\/\/baldumarket.lt\/lt\/product\/vaikiska-lova-antresoleje-pusis-marco\/","title":{"rendered":"Vaiki\u0161ka lova antresol\u0117je, pu\u0161is MARCO"},"content":{"rendered":"<p>Prek\u0117s apra\u0161ymas:<br \/>\n\u00a0<br \/>\n\u0160i lova pagaminta i\u0161 tvirtos pu\u0161ies medienos. D\u0117l estetikos ir kruop\u0161taus meistri\u0161kumo \u0161is modelis i\u0161ties patraukia ak\u012f. Kop\u0117\u010dias galima tvirtinti tiek de\u0161in\u0117je, tiek kair\u0117je lovos pus\u0117je. Patvarus ir unikalus lovos dizainas u\u017etikrina komfort\u0105 ir paprast\u0105 naudojim\u0105.<br \/>\n\u00a0<br \/>\nTechnin\u0117s specifikacijos:<br \/>\n\u00a0<br \/>\nLovos tipas:<br \/>\nVienvietis MARCO<br \/>\nIlgis:\u00a0\u00a0\u00a0\u00a0\u00a0\u00a0\u00a0<br \/>\n208 cm<br \/>\n\u016agis:\u00a0\u00a0\u00a0\u00a0\u00a0\u00a0\u00a0\u00a0\u00a0\u00a0\u00a0\u00a0\u00a0\u00a0\u00a0\u00a0\u00a0\u00a0\u00a0\u00a0\u00a0\u00a0\u00a0\u00a0\u00a0\u00a0\u00a0\u00a0\u00a0\u00a0\u00a0\u00a0\u00a0<br \/>\n113 cm<br \/>\nPlotis:\u00a0\u00a0\u00a0\u00a0\u00a0\u00a0\u00a0\u00a0\u00a0\u00a0\u00a0\u00a0\u00a0\u00a0\u00a0<br \/>\n\u00a0 98 cm<br \/>\nTarpas tarp grind\u0173 ir \u010diu\u017einio:<br \/>\n68 cm<br \/>\n\u010ciu\u017einio dydis:<br \/>\n90 x 200 cm<br \/>\n\u012e rinkin\u012f \u012feina:<br \/>\nLova.<br \/>\n\u010ciu\u017einio r\u0117mo komplektas (r\u0117mas pagamintas i\u0161 egl\u0117s medienos)<br \/>\n12 m\u0117nesi\u0173 garantija.<br \/>\n\u012e kain\u0105 ne\u012fskai\u010diuoti priedai, tokie kaip u\u017euolaidos, \u010diu\u017einiai, tuneliai ir bok\u0161teliai. Visus priedus galite rasti skyriuje LOV\u0172 PRIEDAI.<\/p>","protected":false},"excerpt":{"rendered":"<p>Prek\u0117s apra\u0161ymas: \u0160i lova pagaminta i\u0161 tvirtos pu\u0161ies medienos. D\u0117l estetikos ir kruop\u0161taus meistri\u0161kumo \u0161is modelis i\u0161ties patraukia ak\u012f. Kop\u0117\u010dias galima montuoti tiek de\u0161in\u0117je, tiek kair\u0117je lovos pus\u0117je. Patvarus ir unikalus lovos dizainas u\u017etikrina komfort\u0105 ir paprast\u0105 naudojim\u0105. Technin\u0117s specifikacijos: Lovos tipas: Viengul\u0117 [\u2026]<\/p>","protected":false},"featured_media":340150,"comment_status":"open","ping_status":"open","template":"","meta":[],"product_brand":[],"product_cat":[10176,1372],"product_tag":[],"class_list":{"0":"post-340149","1":"product","2":"type-product","3":"status-publish","4":"has-post-thumbnail","6":"product_cat-hugon-meble","7":"product_cat-childrens-beds","9":"first","10":"instock","11":"purchasable","12":"product-type-simple"},"_links":{"self":[{"href":"https:\/\/baldumarket.lt\/lt\/wp-json\/wp\/v2\/product\/340149","targetHints":{"allow":["GET"]}}],"collection":[{"href":"https:\/\/baldumarket.lt\/lt\/wp-json\/wp\/v2\/product"}],"about":[{"href":"https:\/\/baldumarket.lt\/lt\/wp-json\/wp\/v2\/types\/product"}],"replies":[{"embeddable":true,"href":"https:\/\/baldumarket.lt\/lt\/wp-json\/wp\/v2\/comments?post=340149"}],"wp:featuredmedia":[{"embeddable":true,"href":"https:\/\/baldumarket.lt\/lt\/wp-json\/wp\/v2\/media\/340150"}],"wp:attachment":[{"href":"https:\/\/baldumarket.lt\/lt\/wp-json\/wp\/v2\/media?parent=340149"}],"wp:term":[{"taxonomy":"product_brand","embeddable":true,"href":"https:\/\/baldumarket.lt\/lt\/wp-json\/wp\/v2\/product_brand?post=340149"},{"taxonomy":"product_cat","embeddable":true,"href":"https:\/\/baldumarket.lt\/lt\/wp-json\/wp\/v2\/product_cat?post=340149"},{"taxonomy":"product_tag","embeddable":true,"href":"https:\/\/baldumarket.lt\/lt\/wp-json\/wp\/v2\/product_tag?post=340149"}],"curies":[{"name":"wp","href":"https:\/\/api.w.org\/{rel}","templated":true}]}}