{"id":340141,"date":"2026-04-08T19:24:16","date_gmt":"2026-04-08T16:24:16","guid":{"rendered":"https:\/\/baldumarket.lt\/product\/marco-pusies-vaikiska-lova-su-ciuozykla\/"},"modified":"2026-04-08T21:18:06","modified_gmt":"2026-04-08T18:18:06","slug":"marco-pusies-vaikiska-lova-su-ciuozykla","status":"publish","type":"product","link":"https:\/\/baldumarket.lt\/lt\/product\/marco-pusies-vaikiska-lova-su-ciuozykla\/","title":{"rendered":"MARCO pu\u0161ies vaiki\u0161ka lova su \u010diuo\u017eykla"},"content":{"rendered":"<p>MARCO lova su \u010diuo\u017eykla \u2013 apra\u0161ymas<br \/>\n\u0160i lova pagaminta i\u0161 pu\u0161ies medienos ir pasi\u017eymi tvirta konstrukcija. Kop\u0117\u010dios ir \u010diuo\u017eykla gali b\u016bti montuojami de\u0161in\u0117je arba kair\u0117je lovos pus\u0117je. Patvarus ir unikalus lovos dizainas u\u017etikrina komfort\u0105 ir paprast\u0105 naudojim\u0105. Technin\u0117s specifikacijos:<br \/>\nMiegamoji zona<br \/>\n900 x 2000 mm (\u010diu\u017einio dydis)<br \/>\n\u016agis<br \/>\n1130 mm<br \/>\nTarpas tarp lovos ir grind\u0173<br \/>\napie 680 mm<br \/>\nPlotis<br \/>\n980 mm<br \/>\nIlgis<br \/>\n2080 mm<br \/>\nKojos dydis<br \/>\n55 x 55 mm<br \/>\nLentos dydis<br \/>\nAuk\u0161tis: 90 mm, Storis: 20 mm<br \/>\nKop\u0117\u010di\u0173 dydis<br \/>\nIlgis: 350 mm, Plotis: 85 mm, Storis: 20 mm<br \/>\nSkaidr\u0117s dydis<br \/>\nIlgis: 1475 mm, Plotis: 317 mm, Storis: 16 mm<br \/>\n\u012e rinkin\u012f \u012feina:<br \/>\nLova.<br \/>\n\u010ciu\u017eini\u0173 r\u0117m\u0173 komplektas (egl\u0117s r\u0117mas)<br \/>\n12 m\u0117nesi\u0173 garantija.<br \/>\nPristatymas \/ Montavimas:<br \/>\nPristatoma kompakti\u0161kose d\u0117\u017eut\u0117se.<br \/>\nLova lengvai surenkama. Surinkimui reikia 1\u20132 \u017emoni\u0173.<br \/>\nPridedamos surinkimo instrukcijos ir tvirtinimo priedai.<br \/>\n\u012e kain\u0105 ne\u012fskai\u010diuoti priedai, tokie kaip u\u017euolaidos, \u010diu\u017einiai, tuneliai ir bok\u0161teliai. Visus priedus galite rasti skyriuje LOV\u0172 PRIEDAI.<\/p>","protected":false},"excerpt":{"rendered":"<p>MARCO lova su \u010diuo\u017eykla \u2013 apra\u0161ymas \u0160i lova pagaminta i\u0161 pu\u0161ies medienos ir pasi\u017eymi tvirta konstrukcija. Kop\u0117\u010dios ir \u010diuo\u017eykla gali b\u016bti montuojami de\u0161in\u0117je arba kair\u0117je lovos pus\u0117je. Patvarus ir unikalus lovos dizainas u\u017etikrina komfort\u0105 ir paprast\u0105 naudojim\u0105. Technin\u0117s specifikacijos: Miegamasis plotas 900 x 2000 mm [\u2026]<\/p>","protected":false},"featured_media":340142,"comment_status":"open","ping_status":"open","template":"","meta":[],"product_brand":[],"product_cat":[10176,1372],"product_tag":[],"class_list":{"0":"post-340141","1":"product","2":"type-product","3":"status-publish","4":"has-post-thumbnail","6":"product_cat-hugon-meble","7":"product_cat-childrens-beds","9":"first","10":"instock","11":"purchasable","12":"product-type-simple"},"_links":{"self":[{"href":"https:\/\/baldumarket.lt\/lt\/wp-json\/wp\/v2\/product\/340141","targetHints":{"allow":["GET"]}}],"collection":[{"href":"https:\/\/baldumarket.lt\/lt\/wp-json\/wp\/v2\/product"}],"about":[{"href":"https:\/\/baldumarket.lt\/lt\/wp-json\/wp\/v2\/types\/product"}],"replies":[{"embeddable":true,"href":"https:\/\/baldumarket.lt\/lt\/wp-json\/wp\/v2\/comments?post=340141"}],"wp:featuredmedia":[{"embeddable":true,"href":"https:\/\/baldumarket.lt\/lt\/wp-json\/wp\/v2\/media\/340142"}],"wp:attachment":[{"href":"https:\/\/baldumarket.lt\/lt\/wp-json\/wp\/v2\/media?parent=340141"}],"wp:term":[{"taxonomy":"product_brand","embeddable":true,"href":"https:\/\/baldumarket.lt\/lt\/wp-json\/wp\/v2\/product_brand?post=340141"},{"taxonomy":"product_cat","embeddable":true,"href":"https:\/\/baldumarket.lt\/lt\/wp-json\/wp\/v2\/product_cat?post=340141"},{"taxonomy":"product_tag","embeddable":true,"href":"https:\/\/baldumarket.lt\/lt\/wp-json\/wp\/v2\/product_tag?post=340141"}],"curies":[{"name":"wp","href":"https:\/\/api.w.org\/{rel}","templated":true}]}}