{"id":340128,"date":"2026-04-08T19:24:00","date_gmt":"2026-04-08T16:24:00","guid":{"rendered":"https:\/\/baldumarket.lt\/product\/balta-pusies-palepes-lova-timo\/"},"modified":"2026-04-08T21:17:55","modified_gmt":"2026-04-08T18:17:55","slug":"balta-pusies-palepes-lova-timo","status":"publish","type":"product","link":"https:\/\/baldumarket.lt\/lt\/product\/balta-pusies-palepes-lova-timo\/","title":{"rendered":"Balta pu\u0161ies pal\u0117p\u0117s lova TIMO"},"content":{"rendered":"<p>\u0160i lova pagaminta i\u0161 tvirtos pu\u0161ies medienos. Estetinis patrauklumas ir kruop\u0161tus meistri\u0161kumas daro \u0161\u012f model\u012f i\u0161ties ak\u012f traukian\u010diu. Kop\u0117\u010dias galima montuoti tiek de\u0161in\u0117je, tiek kair\u0117je lovos pus\u0117je. Patvarus ir unikalus lovos dizainas u\u017etikrina komfort\u0105 ir paprast\u0105 naudojim\u0105. Technin\u0117s specifikacijos: Lovos tipas: TIMO viengul\u0117; Ilgis: 208 cm; Auk\u0161tis: 175 cm; Plotis: 98 cm; Tarpas tarp grind\u0173 ir \u010diu\u017einio: 138 cm; \u010ciu\u017einio dydis: 90 x 200 cm.<br \/>\n... \u012e kain\u0105 ne\u012fskai\u010diuoti priedai, tokie kaip u\u017euolaidos, \u010diu\u017einiai, tuneliai, bok\u0161teliai. Visus priedus galite rasti skyriuje LOV\u0172 AKSESUARAI.<\/p>","protected":false},"excerpt":{"rendered":"<p>\u0160i lova pagaminta i\u0161 tvirtos pu\u0161ies medienos. D\u0117l estetinio patrauklumo ir kruop\u0161taus darbo \u0161is modelis i\u0161ties patraukia ak\u012f. Kop\u0117\u010dias galima montuoti tiek de\u0161in\u0117je, tiek kair\u0117je lovos pus\u0117je. Patvarus ir unikalus lovos dizainas u\u017etikrina komfort\u0105 ir paprast\u0105 naudojim\u0105. Technin\u0117s specifikacijos: Lovos tipas: TIMO viengul\u0117 Ilgis: 208 cm [\u2026]<\/p>","protected":false},"featured_media":340129,"comment_status":"open","ping_status":"open","template":"","meta":[],"product_brand":[],"product_cat":[10176,505],"product_tag":[],"class_list":{"0":"post-340128","1":"product","2":"type-product","3":"status-publish","4":"has-post-thumbnail","6":"product_cat-hugon-meble","7":"product_cat-bedroom-beds","9":"first","10":"instock","11":"purchasable","12":"product-type-simple"},"_links":{"self":[{"href":"https:\/\/baldumarket.lt\/lt\/wp-json\/wp\/v2\/product\/340128","targetHints":{"allow":["GET"]}}],"collection":[{"href":"https:\/\/baldumarket.lt\/lt\/wp-json\/wp\/v2\/product"}],"about":[{"href":"https:\/\/baldumarket.lt\/lt\/wp-json\/wp\/v2\/types\/product"}],"replies":[{"embeddable":true,"href":"https:\/\/baldumarket.lt\/lt\/wp-json\/wp\/v2\/comments?post=340128"}],"wp:featuredmedia":[{"embeddable":true,"href":"https:\/\/baldumarket.lt\/lt\/wp-json\/wp\/v2\/media\/340129"}],"wp:attachment":[{"href":"https:\/\/baldumarket.lt\/lt\/wp-json\/wp\/v2\/media?parent=340128"}],"wp:term":[{"taxonomy":"product_brand","embeddable":true,"href":"https:\/\/baldumarket.lt\/lt\/wp-json\/wp\/v2\/product_brand?post=340128"},{"taxonomy":"product_cat","embeddable":true,"href":"https:\/\/baldumarket.lt\/lt\/wp-json\/wp\/v2\/product_cat?post=340128"},{"taxonomy":"product_tag","embeddable":true,"href":"https:\/\/baldumarket.lt\/lt\/wp-json\/wp\/v2\/product_tag?post=340128"}],"curies":[{"name":"wp","href":"https:\/\/api.w.org\/{rel}","templated":true}]}}