{"id":340124,"date":"2026-04-08T19:23:54","date_gmt":"2026-04-08T16:23:54","guid":{"rendered":"https:\/\/baldumarket.lt\/product\/putu-ciuzinys-140x200\/"},"modified":"2026-04-08T21:55:25","modified_gmt":"2026-04-08T18:55:25","slug":"putu-ciuzinys-140x200","status":"publish","type":"product","link":"https:\/\/baldumarket.lt\/lt\/product\/putu-ciuzinys-140x200\/","title":{"rendered":"Put\u0173 \u010diu\u017einys 140\u00d7200"},"content":{"rendered":"<p>\u0160is putplas\u010dio \u010diu\u017einys pagamintas i\u0161 auk\u0161\u010diausios kokyb\u0117s, 12 cm storio, didelio elastingumo T25 putplas\u010dio. \u0160ios putos pagerina k\u016bno pad\u0117t\u012f ir miego komfort\u0105, kurio standartin\u0117s poliuretano putos tiesiog negali pasiekti. U\u017evalkalas turi u\u017etrauktuk\u0105, tod\u0117l j\u012f lengva nuimti ir u\u017ed\u0117ti skalbimui.<br \/>\nTechnin\u0117s specifikacijos:<br \/>\nIlgis: 200 cm<br \/>\nPlotis: 140 cm<br \/>\nStoris: 12 cm<\/p>","protected":false},"excerpt":{"rendered":"<p>\u0160is putplas\u010dio \u010diu\u017einys pagamintas i\u0161 auk\u0161\u010diausios kokyb\u0117s, 12 cm storio, didelio elastingumo T25 putplas\u010dio. \u0160ios putos pagerina k\u016bno pad\u0117t\u012f ir suteikia miego komfort\u0105, kurio standartin\u0117s poliuretano putos tiesiog negali pasiekti. U\u017evalkalas turi u\u017etrauktuk\u0105, tod\u0117l j\u012f lengva nuimti ir u\u017ed\u0117ti skalbimui. Technin\u0117s specifikacijos: Ilgis: 200 cm Plotis: 140 cm Storis: 12 [\u2026]<\/p>","protected":false},"featured_media":340125,"comment_status":"open","ping_status":"open","template":"","meta":[],"product_brand":[],"product_cat":[10176,1043],"product_tag":[],"class_list":{"0":"post-340124","1":"product","2":"type-product","3":"status-publish","4":"has-post-thumbnail","6":"product_cat-hugon-meble","7":"product_cat-extras","9":"first","10":"instock","11":"purchasable","12":"product-type-simple"},"_links":{"self":[{"href":"https:\/\/baldumarket.lt\/lt\/wp-json\/wp\/v2\/product\/340124","targetHints":{"allow":["GET"]}}],"collection":[{"href":"https:\/\/baldumarket.lt\/lt\/wp-json\/wp\/v2\/product"}],"about":[{"href":"https:\/\/baldumarket.lt\/lt\/wp-json\/wp\/v2\/types\/product"}],"replies":[{"embeddable":true,"href":"https:\/\/baldumarket.lt\/lt\/wp-json\/wp\/v2\/comments?post=340124"}],"wp:featuredmedia":[{"embeddable":true,"href":"https:\/\/baldumarket.lt\/lt\/wp-json\/wp\/v2\/media\/340125"}],"wp:attachment":[{"href":"https:\/\/baldumarket.lt\/lt\/wp-json\/wp\/v2\/media?parent=340124"}],"wp:term":[{"taxonomy":"product_brand","embeddable":true,"href":"https:\/\/baldumarket.lt\/lt\/wp-json\/wp\/v2\/product_brand?post=340124"},{"taxonomy":"product_cat","embeddable":true,"href":"https:\/\/baldumarket.lt\/lt\/wp-json\/wp\/v2\/product_cat?post=340124"},{"taxonomy":"product_tag","embeddable":true,"href":"https:\/\/baldumarket.lt\/lt\/wp-json\/wp\/v2\/product_tag?post=340124"}],"curies":[{"name":"wp","href":"https:\/\/api.w.org\/{rel}","templated":true}]}}