{"id":340116,"date":"2026-04-08T19:23:46","date_gmt":"2026-04-08T16:23:46","guid":{"rendered":"https:\/\/baldumarket.lt\/product\/oranzine-apsaugine-lovos-pagalve\/"},"modified":"2026-04-08T21:55:25","modified_gmt":"2026-04-08T18:55:25","slug":"oranzine-apsaugine-lovos-pagalve","status":"publish","type":"product","link":"https:\/\/baldumarket.lt\/lt\/product\/oranzine-apsaugine-lovos-pagalve\/","title":{"rendered":"Oran\u017ein\u0117 apsaugin\u0117 lovos pagalv\u0117"},"content":{"rendered":"<p>\u0160i apsaugin\u0117 lovos pagalv\u0117 suteikia komforto ir patogumo. \u0160is gaminys tinka trumpesniam medin\u0117s lovos atlo\u0161ui. \u0160is ma\u017eas elementas skirtas pagerinti komfort\u0105. J\u0105 galima naudoti lovoje, skirtoje vaikui ar pagyvenusiam \u017emogui. Ji taip pat tarnauja kaip galvos atrama gulint. Apsaugin\u0117 pagalv\u0117 u\u017epildyta specialiu putplas\u010diu, kuris atsparus deformacijai. Apsaugin\u0117 med\u017eiaga yra medvilninis u\u017evalkalas, kur\u012f galima skalbti bet kuriuo metu. Pagalv\u0117 taip pat yra kit\u0173 spalv\u0173. Oran\u017ein\u0117 apsaugin\u0117 pagalv\u0117. Ilgis 79 cm x \u00d816 cm. Galimos spalvos: m\u0117lyna, \u0161viesiai m\u0117lyna, \u017ealia, raudona, oran\u017ein\u0117, ro\u017ein\u0117.<br \/>\nU\u017esegimas u\u017etrauktuku.<br \/>\nMed\u017eiaga: \u2013 U\u017epildas: Putplastis<br \/>\n\u2013 U\u017evalkalas: medviln\u0117, skalbti 30 \u00b0C temperat\u016broje<\/p>","protected":false},"excerpt":{"rendered":"<p>\u0160i apsaugin\u0117 lovos pagalv\u0117 suteikia komforto ir patogumo. \u0160is gaminys tinka trumpesniam medin\u0117s lovos atlo\u0161ui. \u0160is ma\u017eas elementas skirtas didesniam komfortui. J\u0105 galima naudoti lovoje, skirtoje vaikui ar pagyvenusiam \u017emogui. Ji taip pat tarnauja kaip galvos atrama gulint. Apsaugin\u0117 [\u2026]<\/p>","protected":false},"featured_media":340117,"comment_status":"open","ping_status":"open","template":"","meta":[],"product_brand":[],"product_cat":[10176,1043],"product_tag":[],"class_list":{"0":"post-340116","1":"product","2":"type-product","3":"status-publish","4":"has-post-thumbnail","6":"product_cat-hugon-meble","7":"product_cat-extras","9":"first","10":"instock","11":"purchasable","12":"product-type-simple"},"_links":{"self":[{"href":"https:\/\/baldumarket.lt\/lt\/wp-json\/wp\/v2\/product\/340116","targetHints":{"allow":["GET"]}}],"collection":[{"href":"https:\/\/baldumarket.lt\/lt\/wp-json\/wp\/v2\/product"}],"about":[{"href":"https:\/\/baldumarket.lt\/lt\/wp-json\/wp\/v2\/types\/product"}],"replies":[{"embeddable":true,"href":"https:\/\/baldumarket.lt\/lt\/wp-json\/wp\/v2\/comments?post=340116"}],"wp:featuredmedia":[{"embeddable":true,"href":"https:\/\/baldumarket.lt\/lt\/wp-json\/wp\/v2\/media\/340117"}],"wp:attachment":[{"href":"https:\/\/baldumarket.lt\/lt\/wp-json\/wp\/v2\/media?parent=340116"}],"wp:term":[{"taxonomy":"product_brand","embeddable":true,"href":"https:\/\/baldumarket.lt\/lt\/wp-json\/wp\/v2\/product_brand?post=340116"},{"taxonomy":"product_cat","embeddable":true,"href":"https:\/\/baldumarket.lt\/lt\/wp-json\/wp\/v2\/product_cat?post=340116"},{"taxonomy":"product_tag","embeddable":true,"href":"https:\/\/baldumarket.lt\/lt\/wp-json\/wp\/v2\/product_tag?post=340116"}],"curies":[{"name":"wp","href":"https:\/\/api.w.org\/{rel}","templated":true}]}}