{"id":340113,"date":"2026-04-08T19:23:44","date_gmt":"2026-04-08T16:23:44","guid":{"rendered":"https:\/\/baldumarket.lt\/product\/rozine-apsaugine-pagalve-lovai\/"},"modified":"2026-04-08T21:17:55","modified_gmt":"2026-04-08T18:17:55","slug":"rozine-apsaugine-pagalve-lovai","status":"publish","type":"product","link":"https:\/\/baldumarket.lt\/lt\/product\/rozine-apsaugine-pagalve-lovai\/","title":{"rendered":"Ro\u017ein\u0117 apsaugin\u0117 pagalv\u0117 lovai"},"content":{"rendered":"<p>\u0160i patogi ro\u017ein\u0117 apsaugin\u0117 pagalv\u0117 puikiai palaiko medin\u0119 lovos dal\u012f. Ji suteikia didesn\u012f komfort\u0105, pamink\u0161tindama kiet\u0105 atlo\u0161\u0105. Pagalv\u0117 lengvai u\u017ededama ant trumpesn\u0117s atlo\u0161o lentos. Ji pagaminta i\u0161 speciali\u0173 put\u0173, kurios atsparios deformacijai. J\u0105 gaubia nuimamas ir skalbiamas medvilninis u\u017evalkalas. Apsaugin\u0117 pagalv\u0117 palengvina poils\u012f gulint. Ji taip pat puikiai apsaugo vaik\u0105 ar ribotos fizin\u0117s galios asmen\u012f nuo sm\u016bgi\u0173 \u012f medien\u0105. Produktas yra keli\u0173 spalv\u0173. Ro\u017ein\u0117 apsaugin\u0117 pagalv\u0117. Ilgis 79 cm x \u00d816 cm. Galimos spalvos: m\u0117lyna, \u0161viesiai m\u0117lyna, \u017ealia, raudona, oran\u017ein\u0117, ro\u017ein\u0117.<br \/>\nU\u017esegimas u\u017etrauktuku.<br \/>\nMed\u017eiaga: \u2013 U\u017epildas: Putplastis<br \/>\n\u2013 U\u017evalkalas: medviln\u0117, skalbti 30 \u00b0C temperat\u016broje<\/p>","protected":false},"excerpt":{"rendered":"<p>This comfortable pink protective pillow provides excellent support for the wooden part of the bed. It provides improved comfort by cushioning the hard backrest. The pillow easily fits over the shorter backrest board. It is made of special foam that resists deformation. It is surrounded by a removable and washable cotton cover. The protective pillow [&hellip;]<\/p>","protected":false},"featured_media":340114,"comment_status":"open","ping_status":"open","template":"","meta":[],"product_brand":[],"product_cat":[10176,1043],"product_tag":[],"class_list":{"0":"post-340113","1":"product","2":"type-product","3":"status-publish","4":"has-post-thumbnail","6":"product_cat-hugon-meble","7":"product_cat-extras","9":"first","10":"instock","11":"purchasable","12":"product-type-simple"},"_links":{"self":[{"href":"https:\/\/baldumarket.lt\/lt\/wp-json\/wp\/v2\/product\/340113","targetHints":{"allow":["GET"]}}],"collection":[{"href":"https:\/\/baldumarket.lt\/lt\/wp-json\/wp\/v2\/product"}],"about":[{"href":"https:\/\/baldumarket.lt\/lt\/wp-json\/wp\/v2\/types\/product"}],"replies":[{"embeddable":true,"href":"https:\/\/baldumarket.lt\/lt\/wp-json\/wp\/v2\/comments?post=340113"}],"wp:featuredmedia":[{"embeddable":true,"href":"https:\/\/baldumarket.lt\/lt\/wp-json\/wp\/v2\/media\/340114"}],"wp:attachment":[{"href":"https:\/\/baldumarket.lt\/lt\/wp-json\/wp\/v2\/media?parent=340113"}],"wp:term":[{"taxonomy":"product_brand","embeddable":true,"href":"https:\/\/baldumarket.lt\/lt\/wp-json\/wp\/v2\/product_brand?post=340113"},{"taxonomy":"product_cat","embeddable":true,"href":"https:\/\/baldumarket.lt\/lt\/wp-json\/wp\/v2\/product_cat?post=340113"},{"taxonomy":"product_tag","embeddable":true,"href":"https:\/\/baldumarket.lt\/lt\/wp-json\/wp\/v2\/product_tag?post=340113"}],"curies":[{"name":"wp","href":"https:\/\/api.w.org\/{rel}","templated":true}]}}