{"id":340098,"date":"2026-04-08T19:23:25","date_gmt":"2026-04-08T16:23:25","guid":{"rendered":"https:\/\/baldumarket.lt\/product\/nena-120-lentyna\/"},"modified":"2026-04-11T09:52:06","modified_gmt":"2026-04-11T06:52:06","slug":"nena-120-lentyna","status":"publish","type":"product","link":"https:\/\/baldumarket.lt\/lt\/product\/nena-120-lentyna\/","title":{"rendered":"NENA 120 lentyna"},"content":{"rendered":"<p>Pristatome vien\u0105 i\u0161 NENA kolekcijos element\u0173. \u0160ie baldai buvo sukurti \u017emon\u0117ms, ie\u0161kantiems \u012fdomi\u0173, moderni\u0173 sprendim\u0173 savo svajoni\u0173 interjerui \u012frengti.<br \/>\n\u0160i\u0105 kolekcij\u0105 sudaro 15 skirting\u0173 atskir\u0173 element\u0173, kuriuos galima laisvai konfig\u016bruoti pridedant nauj\u0173 dali\u0173 arba pertvarkant esamas. \u0160i kolekcija nuolat yra sand\u0117lyje, tod\u0117l jei pavargote nuo bald\u0173 i\u0161vaizdos, galite lengvai pa\u012fvairinti savo nam\u0173 dekor\u0105 nekeisdami viso komplekto.<br \/>\nPakabinama lentyna puikiai papildo kitus NENA nat\u016bralaus \u0105\u017euolo kolekcijos baldus. J\u0105 sudaro keli atskiri elementai, kuriuos galima laisvai derinti. Visas baldas sukurtas remiantis nat\u016braliu \u0105\u017euolo lent\u0173 gro\u017eiu, su kuriomis nepaprastai lengva dirbti. D\u0117l unikalaus medienos ra\u0161to ne\u012fmanoma rasti dviej\u0173 vienodai atrodan\u010di\u0173 bald\u0173. \u0160i kolekcija \u2013 tai duokl\u0117 med\u017eio masyvo bald\u0173 m\u0117g\u0117jams.<br \/>\nLentyna yra universalus interjero dizaino elementas. J\u0105 galima naudoti atskirai arba pakabinti dvi ar tris tame pa\u010diame kambaryje. Ji puikiai der\u0117s prie \u201eNena\u201c kolekcijos bald\u0173 i\u0161d\u0117stymo. J\u0105 galima montuoti bet kuriame kambaryje, \u012fskaitant ir prie\u0161kambar\u012f. Tvirta lentyna gali atlaikyti keli\u0173 kilogram\u0173 apkrov\u0105. Jos tvirtinimo prie sienos ta\u0161kas yra visi\u0161kai nematomas, tod\u0117l interjero estetika gerokai pager\u0117ja. Lentynoje galima laikyti nieku\u010dius, knygas ir net garderobo elementus, pavyzd\u017eiui, kepures.<br \/>\nSavyb\u0117s:<br \/>\nAuk\u0161tis: 3 cm,<br \/>\nPlotis: 120 cm,<br \/>\nGylis: 20 cm,<br \/>\nLentyna supakuota kompakti\u0161kose d\u0117\u017eut\u0117se su surinkimo instrukcijomis ir tvirtinimo priedais.<br \/>\nU\u017esakymo apdorojimo laikas yra 6\u20138 savait\u0117s nuo apmok\u0117jimo datos.<br \/>\nDidesniems u\u017esakymams pra\u0161ome susisiekti su mumis, kad susitartume d\u0117l pristatymo.<br \/>\nKvie\u010diame \u012fsigyti ir u\u017eduoti klausimus; mielai pad\u0117sime jums susikurti tobul\u0105 rinkin\u012f.<\/p>","protected":false},"excerpt":{"rendered":"<p>Pristatome vien\u0105 i\u0161 NENA kolekcijos element\u0173. \u0160ie baldai buvo sukurti \u017emon\u0117ms, ie\u0161kantiems \u012fdomi\u0173, moderni\u0173 sprendim\u0173 savo svajoni\u0173 interjerui. \u0160i\u0105 kolekcij\u0105 sudaro 15 skirting\u0173 atskir\u0173 element\u0173, kuriuos galima laisvai konfig\u016bruoti pridedant nauj\u0173 arba pertvarkant esamus. \u0160i kolekcija nuolat yra sand\u0117lyje, tod\u0117l [\u2026]<\/p>","protected":false},"featured_media":340099,"comment_status":"open","ping_status":"open","template":"","meta":[],"product_brand":[],"product_cat":[10186,10176,1174],"product_tag":[],"class_list":{"0":"post-340098","1":"product","2":"type-product","3":"status-publish","4":"has-post-thumbnail","6":"product_cat-furniture-system-nena-hugon-meble","7":"product_cat-hugon-meble","8":"product_cat-hanging-shelves","10":"first","11":"instock","12":"purchasable","13":"product-type-simple"},"_links":{"self":[{"href":"https:\/\/baldumarket.lt\/lt\/wp-json\/wp\/v2\/product\/340098","targetHints":{"allow":["GET"]}}],"collection":[{"href":"https:\/\/baldumarket.lt\/lt\/wp-json\/wp\/v2\/product"}],"about":[{"href":"https:\/\/baldumarket.lt\/lt\/wp-json\/wp\/v2\/types\/product"}],"replies":[{"embeddable":true,"href":"https:\/\/baldumarket.lt\/lt\/wp-json\/wp\/v2\/comments?post=340098"}],"wp:featuredmedia":[{"embeddable":true,"href":"https:\/\/baldumarket.lt\/lt\/wp-json\/wp\/v2\/media\/340099"}],"wp:attachment":[{"href":"https:\/\/baldumarket.lt\/lt\/wp-json\/wp\/v2\/media?parent=340098"}],"wp:term":[{"taxonomy":"product_brand","embeddable":true,"href":"https:\/\/baldumarket.lt\/lt\/wp-json\/wp\/v2\/product_brand?post=340098"},{"taxonomy":"product_cat","embeddable":true,"href":"https:\/\/baldumarket.lt\/lt\/wp-json\/wp\/v2\/product_cat?post=340098"},{"taxonomy":"product_tag","embeddable":true,"href":"https:\/\/baldumarket.lt\/lt\/wp-json\/wp\/v2\/product_tag?post=340098"}],"curies":[{"name":"wp","href":"https:\/\/api.w.org\/{rel}","templated":true}]}}